{"id":1879,"date":"2016-06-28T13:26:06","date_gmt":"2016-06-28T10:26:06","guid":{"rendered":"https:\/\/machochic.com\/kontakt\/"},"modified":"2024-03-28T19:46:36","modified_gmt":"2024-03-28T17:46:36","slug":"kontakt","status":"publish","type":"page","link":"https:\/\/machochic.com\/et\/kontakt\/","title":{"rendered":"Kontakt"},"content":{"rendered":"<div class=\"wpb-content-wrapper\"><p>[vc_row el_class=&#8221;contact-form&#8221;][vc_column width=&#8221;7\/12&#8243;][lab_heading title=&#8221;V\u00f5tke meiega \u00fchendust&#8221;]Kirjutage meile e-kiri[\/lab_heading][lab_contact_form name_title=&#8221;Nimi:&#8221; message_title=&#8221;S\u00f5num:&#8221; show_subject_field=&#8221;&#8221; submit_title=&#8221;Saada s\u00f5num&#8221; submit_success=&#8221;Ait\u00e4h #, s\u00f5num saadetud!&#8221; alert_errors=&#8221;&#8221; privacy_policy_text=&#8221;#E-8_T2xlbiUyMGx1Z2VudWQlMjBqYSUyMGFrdHNlcHRlZXJpbiUyMCUzQ2ElMjBocmVmJTNEJTIyaHR0cHMlM0ElMkYlMkZtYWNob2NoaWMuY29tJTJGZXQlMkZwcml2YWF0c3VzcG9saWl0aWthJTJGJTIyJTNFcHJpdmFhdHN1c3BvbGlpdGlrYXQlM0MlMkZhJTNFJTIwJTJBJTA0&#8243;][\/vc_column][vc_column width=&#8221;1\/12&#8243;][\/vc_column][vc_column width=&#8221;1\/3&#8243;][lab_heading title=&#8221;V\u00f5tke \u00fchendust&#8221;]Uurige, kus me oleme[\/lab_heading][vc_column_text]<strong>e-mail <\/strong><\/p>\n<p><a href=\"mailto:Info@machochic.com\">Info@machochic.com<\/a><\/p>\n<p>&nbsp;<\/p>\n<p><ul class=\"social-networks rounded\"><li><a href=\"https:\/\/www.instagram.com\/macho.chic\/\" target=\"_blank\" class=\"instagram\" title=\"Instagram\" aria-label=\"Instagram\" rel=\"noopener\"><i class=\"fab fa-instagram\"><\/i><span class=\"name\">Instagram<\/span><\/a><\/li><li><a href=\"mailto:info@machochic.com?subject=Hello!\" target=\"_self\" class=\"email\" title=\"Email\" aria-label=\"Email\" rel=\"noopener\"><i class=\"far fa-envelope\"><\/i><span class=\"name\">Email<\/span><\/a><\/li><\/ul>[\/vc_column_text][\/vc_column][\/vc_row]<\/p>\n<\/div>","protected":false},"excerpt":{"rendered":"<p>[vc_row el_class=&#8221;contact-form&#8221;][vc_column width=&#8221;7\/12&#8243;][lab_heading title=&#8221;V\u00f5tke meiega \u00fchendust&#8221;]Kirjutage meile e-kiri[\/lab_heading][lab_contact_form name_title=&#8221;Nimi:&#8221; message_title=&#8221;S\u00f5num:&#8221; show_subject_field=&#8221;&#8221; submit_title=&#8221;Saada s\u00f5num&#8221; submit_success=&#8221;Ait\u00e4h #, s\u00f5num saadetud!&#8221; alert_errors=&#8221;&#8221; privacy_policy_text=&#8221;#E-8_T2xlbiUyMGx1Z2VudWQlMjBqYSUyMGFrdHNlcHRlZXJpbiUyMCUzQ2ElMjBocmVmJTNEJTIyaHR0cHMlM0ElMkYlMkZtYWNob2NoaWMuY29tJTJGZXQlMkZwcml2YWF0c3VzcG9saWl0aWthJTJGJTIyJTNFcHJpdmFhdHN1c3BvbGlpdGlrYXQlM0MlMkZhJTNFJTIwJTJBJTA0&#8243;][\/vc_column][vc_column width=&#8221;1\/12&#8243;][\/vc_column][vc_column width=&#8221;1\/3&#8243;][lab_heading title=&#8221;V\u00f5tke \u00fchendust&#8221;]Uurige, kus me oleme[\/lab_heading][vc_column_text]e-mail Info@machochic.com &nbsp; [\/vc_column_text][\/vc_column][\/vc_row]<\/p>\n","protected":false},"author":3,"featured_media":0,"parent":0,"menu_order":0,"comment_status":"closed","ping_status":"closed","template":"","meta":{"_acf_changed":false,"footnotes":""},"class_list":["post-1879","page","type-page","status-publish","hentry"],"acf":[],"yoast_head":"<!-- This site is optimized with the Yoast SEO plugin v25.6 - https:\/\/yoast.com\/wordpress\/plugins\/seo\/ -->\n<title>Kontakt - Macho Chic<\/title>\n<meta name=\"robots\" content=\"index, follow, max-snippet:-1, max-image-preview:large, max-video-preview:-1\" \/>\n<link rel=\"canonical\" href=\"https:\/\/machochic.com\/et\/kontakt\/\" \/>\n<meta property=\"og:locale\" content=\"et_EE\" \/>\n<meta property=\"og:type\" content=\"article\" \/>\n<meta property=\"og:title\" content=\"Kontakt - Macho Chic\" \/>\n<meta property=\"og:description\" content=\"[vc_row el_class=&#8221;contact-form&#8221;][vc_column width=&#8221;7\/12&#8243;][lab_heading title=&#8221;V\u00f5tke meiega \u00fchendust&#8221;]Kirjutage meile e-kiri[\/lab_heading][lab_contact_form name_title=&#8221;Nimi:&#8221; message_title=&#8221;S\u00f5num:&#8221; show_subject_field=&#8221;&#8221; submit_title=&#8221;Saada s\u00f5num&#8221; submit_success=&#8221;Ait\u00e4h #, s\u00f5num saadetud!&#8221; alert_errors=&#8221;&#8221; privacy_policy_text=&#8221;#E-8_T2xlbiUyMGx1Z2VudWQlMjBqYSUyMGFrdHNlcHRlZXJpbiUyMCUzQ2ElMjBocmVmJTNEJTIyaHR0cHMlM0ElMkYlMkZtYWNob2NoaWMuY29tJTJGZXQlMkZwcml2YWF0c3VzcG9saWl0aWthJTJGJTIyJTNFcHJpdmFhdHN1c3BvbGlpdGlrYXQlM0MlMkZhJTNFJTIwJTJBJTA0&#8243;][\/vc_column][vc_column width=&#8221;1\/12&#8243;][\/vc_column][vc_column width=&#8221;1\/3&#8243;][lab_heading title=&#8221;V\u00f5tke \u00fchendust&#8221;]Uurige, kus me oleme[\/lab_heading][vc_column_text]e-mail Info@machochic.com &nbsp; [\/vc_column_text][\/vc_column][\/vc_row]\" \/>\n<meta property=\"og:url\" content=\"https:\/\/machochic.com\/et\/kontakt\/\" \/>\n<meta property=\"og:site_name\" content=\"Macho Chic\" \/>\n<meta property=\"article:publisher\" content=\"https:\/\/www.facebook.com\/macho.chic.eesti\" \/>\n<meta property=\"article:modified_time\" content=\"2024-03-28T17:46:36+00:00\" \/>\n<meta name=\"twitter:card\" content=\"summary_large_image\" \/>\n<meta name=\"twitter:label1\" content=\"Est. reading time\" \/>\n\t<meta name=\"twitter:data1\" content=\"1 minut\" \/>\n<script type=\"application\/ld+json\" class=\"yoast-schema-graph\">{\"@context\":\"https:\/\/schema.org\",\"@graph\":[{\"@type\":\"WebPage\",\"@id\":\"https:\/\/machochic.com\/et\/kontakt\/\",\"url\":\"https:\/\/machochic.com\/et\/kontakt\/\",\"name\":\"Kontakt - Macho Chic\",\"isPartOf\":{\"@id\":\"https:\/\/machochic.com\/et\/#website\"},\"datePublished\":\"2016-06-28T10:26:06+00:00\",\"dateModified\":\"2024-03-28T17:46:36+00:00\",\"breadcrumb\":{\"@id\":\"https:\/\/machochic.com\/et\/kontakt\/#breadcrumb\"},\"inLanguage\":\"et\",\"potentialAction\":[{\"@type\":\"ReadAction\",\"target\":[\"https:\/\/machochic.com\/et\/kontakt\/\"]}]},{\"@type\":\"BreadcrumbList\",\"@id\":\"https:\/\/machochic.com\/et\/kontakt\/#breadcrumb\",\"itemListElement\":[{\"@type\":\"ListItem\",\"position\":1,\"name\":\"Home\",\"item\":\"https:\/\/machochic.com\/et\/\"},{\"@type\":\"ListItem\",\"position\":2,\"name\":\"Kontakt\"}]},{\"@type\":\"WebSite\",\"@id\":\"https:\/\/machochic.com\/et\/#website\",\"url\":\"https:\/\/machochic.com\/et\/\",\"name\":\"Macho Chic\",\"description\":\"Confidence Starts with Macho Chic\",\"publisher\":{\"@id\":\"https:\/\/machochic.com\/et\/#organization\"},\"potentialAction\":[{\"@type\":\"SearchAction\",\"target\":{\"@type\":\"EntryPoint\",\"urlTemplate\":\"https:\/\/machochic.com\/et\/?s={search_term_string}\"},\"query-input\":{\"@type\":\"PropertyValueSpecification\",\"valueRequired\":true,\"valueName\":\"search_term_string\"}}],\"inLanguage\":\"et\"},{\"@type\":\"Organization\",\"@id\":\"https:\/\/machochic.com\/et\/#organization\",\"name\":\"Macho Chic\",\"url\":\"https:\/\/machochic.com\/et\/\",\"logo\":{\"@type\":\"ImageObject\",\"inLanguage\":\"et\",\"@id\":\"https:\/\/machochic.com\/et\/#\/schema\/logo\/image\/\",\"url\":\"https:\/\/machochic.com\/wp-content\/uploads\/2023\/05\/Macho-Main-Logo.svg\",\"contentUrl\":\"https:\/\/machochic.com\/wp-content\/uploads\/2023\/05\/Macho-Main-Logo.svg\",\"width\":800,\"height\":600,\"caption\":\"Macho Chic\"},\"image\":{\"@id\":\"https:\/\/machochic.com\/et\/#\/schema\/logo\/image\/\"},\"sameAs\":[\"https:\/\/www.facebook.com\/macho.chic.eesti\",\"https:\/\/www.instagram.com\/macho.chic\/\"]}]}<\/script>\n<!-- \/ Yoast SEO plugin. -->","yoast_head_json":{"title":"Kontakt - Macho Chic","robots":{"index":"index","follow":"follow","max-snippet":"max-snippet:-1","max-image-preview":"max-image-preview:large","max-video-preview":"max-video-preview:-1"},"canonical":"https:\/\/machochic.com\/et\/kontakt\/","og_locale":"et_EE","og_type":"article","og_title":"Kontakt - Macho Chic","og_description":"[vc_row el_class=&#8221;contact-form&#8221;][vc_column width=&#8221;7\/12&#8243;][lab_heading title=&#8221;V\u00f5tke meiega \u00fchendust&#8221;]Kirjutage meile e-kiri[\/lab_heading][lab_contact_form name_title=&#8221;Nimi:&#8221; message_title=&#8221;S\u00f5num:&#8221; show_subject_field=&#8221;&#8221; submit_title=&#8221;Saada s\u00f5num&#8221; submit_success=&#8221;Ait\u00e4h #, s\u00f5num saadetud!&#8221; alert_errors=&#8221;&#8221; privacy_policy_text=&#8221;#E-8_T2xlbiUyMGx1Z2VudWQlMjBqYSUyMGFrdHNlcHRlZXJpbiUyMCUzQ2ElMjBocmVmJTNEJTIyaHR0cHMlM0ElMkYlMkZtYWNob2NoaWMuY29tJTJGZXQlMkZwcml2YWF0c3VzcG9saWl0aWthJTJGJTIyJTNFcHJpdmFhdHN1c3BvbGlpdGlrYXQlM0MlMkZhJTNFJTIwJTJBJTA0&#8243;][\/vc_column][vc_column width=&#8221;1\/12&#8243;][\/vc_column][vc_column width=&#8221;1\/3&#8243;][lab_heading title=&#8221;V\u00f5tke \u00fchendust&#8221;]Uurige, kus me oleme[\/lab_heading][vc_column_text]e-mail Info@machochic.com &nbsp; [\/vc_column_text][\/vc_column][\/vc_row]","og_url":"https:\/\/machochic.com\/et\/kontakt\/","og_site_name":"Macho Chic","article_publisher":"https:\/\/www.facebook.com\/macho.chic.eesti","article_modified_time":"2024-03-28T17:46:36+00:00","twitter_card":"summary_large_image","twitter_misc":{"Est. reading time":"1 minut"},"schema":{"@context":"https:\/\/schema.org","@graph":[{"@type":"WebPage","@id":"https:\/\/machochic.com\/et\/kontakt\/","url":"https:\/\/machochic.com\/et\/kontakt\/","name":"Kontakt - Macho Chic","isPartOf":{"@id":"https:\/\/machochic.com\/et\/#website"},"datePublished":"2016-06-28T10:26:06+00:00","dateModified":"2024-03-28T17:46:36+00:00","breadcrumb":{"@id":"https:\/\/machochic.com\/et\/kontakt\/#breadcrumb"},"inLanguage":"et","potentialAction":[{"@type":"ReadAction","target":["https:\/\/machochic.com\/et\/kontakt\/"]}]},{"@type":"BreadcrumbList","@id":"https:\/\/machochic.com\/et\/kontakt\/#breadcrumb","itemListElement":[{"@type":"ListItem","position":1,"name":"Home","item":"https:\/\/machochic.com\/et\/"},{"@type":"ListItem","position":2,"name":"Kontakt"}]},{"@type":"WebSite","@id":"https:\/\/machochic.com\/et\/#website","url":"https:\/\/machochic.com\/et\/","name":"Macho Chic","description":"Confidence Starts with Macho Chic","publisher":{"@id":"https:\/\/machochic.com\/et\/#organization"},"potentialAction":[{"@type":"SearchAction","target":{"@type":"EntryPoint","urlTemplate":"https:\/\/machochic.com\/et\/?s={search_term_string}"},"query-input":{"@type":"PropertyValueSpecification","valueRequired":true,"valueName":"search_term_string"}}],"inLanguage":"et"},{"@type":"Organization","@id":"https:\/\/machochic.com\/et\/#organization","name":"Macho Chic","url":"https:\/\/machochic.com\/et\/","logo":{"@type":"ImageObject","inLanguage":"et","@id":"https:\/\/machochic.com\/et\/#\/schema\/logo\/image\/","url":"https:\/\/machochic.com\/wp-content\/uploads\/2023\/05\/Macho-Main-Logo.svg","contentUrl":"https:\/\/machochic.com\/wp-content\/uploads\/2023\/05\/Macho-Main-Logo.svg","width":800,"height":600,"caption":"Macho Chic"},"image":{"@id":"https:\/\/machochic.com\/et\/#\/schema\/logo\/image\/"},"sameAs":["https:\/\/www.facebook.com\/macho.chic.eesti","https:\/\/www.instagram.com\/macho.chic\/"]}]}},"_links":{"self":[{"href":"https:\/\/machochic.com\/et\/wp-json\/wp\/v2\/pages\/1879","targetHints":{"allow":["GET"]}}],"collection":[{"href":"https:\/\/machochic.com\/et\/wp-json\/wp\/v2\/pages"}],"about":[{"href":"https:\/\/machochic.com\/et\/wp-json\/wp\/v2\/types\/page"}],"author":[{"embeddable":true,"href":"https:\/\/machochic.com\/et\/wp-json\/wp\/v2\/users\/3"}],"replies":[{"embeddable":true,"href":"https:\/\/machochic.com\/et\/wp-json\/wp\/v2\/comments?post=1879"}],"version-history":[{"count":6,"href":"https:\/\/machochic.com\/et\/wp-json\/wp\/v2\/pages\/1879\/revisions"}],"predecessor-version":[{"id":2039,"href":"https:\/\/machochic.com\/et\/wp-json\/wp\/v2\/pages\/1879\/revisions\/2039"}],"wp:attachment":[{"href":"https:\/\/machochic.com\/et\/wp-json\/wp\/v2\/media?parent=1879"}],"curies":[{"name":"wp","href":"https:\/\/api.w.org\/{rel}","templated":true}]}}