{"id":1908,"date":"2016-06-09T11:53:55","date_gmt":"2016-06-09T08:53:55","guid":{"rendered":"https:\/\/machochic.com\/kodu\/"},"modified":"2024-03-29T21:54:28","modified_gmt":"2024-03-29T19:54:28","slug":"koduleht","status":"publish","type":"page","link":"https:\/\/machochic.com\/et\/","title":{"rendered":"Koduleht"},"content":{"rendered":"<div class=\"wpb-content-wrapper\"><p>[vc_row full_width=&#8221;stretch_row_content_no_spaces&#8221;][vc_column]\n\t\t\t<!-- START Homepage REVOLUTION SLIDER 6.6.20 --><p class=\"rs-p-wp-fix\"><\/p>\n\t\t\t<rs-module-wrap id=\"rev_slider_2_1_wrapper\" data-source=\"gallery\" style=\"visibility:hidden;background:transparent;padding:0;margin:0px auto;margin-top:0;margin-bottom:0;\">\n\t\t\t\t<rs-module id=\"rev_slider_2_1\" style=\"\" data-version=\"6.6.20\">\n\t\t\t\t\t<rs-slides style=\"overflow: hidden; position: absolute;\">\n\t\t\t\t\t\t<rs-slide style=\"position: absolute;\" data-key=\"rs-7\" data-title=\"Go Strong\" data-anim=\"adpr:false;\" data-in=\"o:0;\" data-out=\"a:false;\">\n\t\t\t\t\t\t\t<img decoding=\"async\" src=\"\/\/machochic.com\/wp-content\/plugins\/revslider\/public\/assets\/assets\/dummy.png\" alt=\"Macho Chic\" title=\"tinywow_slide2-1-scaled_27712845\" width=\"1600\" height=\"821\" class=\"rev-slidebg tp-rs-img rs-lazyload\" data-lazyload=\"\/\/machochic.com\/wp-content\/uploads\/2023\/06\/tinywow_slide2-1-scaled_27712845.webp\" data-bg=\"p:0% 30%;\" data-no-retina>\n<!--\n\t\t\t\t\t\t\t--><rs-layer\n\t\t\t\t\t\t\t\tid=\"slider-2-slide-7-layer-1\" \n\t\t\t\t\t\t\t\tdata-type=\"text\"\n\t\t\t\t\t\t\t\tdata-color=\"rgba(255,255,255,1)\"\n\t\t\t\t\t\t\t\tdata-rsp_ch=\"on\"\n\t\t\t\t\t\t\t\tdata-xy=\"xo:-3px,40px,20px,15px;yo:300px,300px,296px,213px;\"\n\t\t\t\t\t\t\t\tdata-text=\"w:normal;s:75,75,70,65;l:22,22,22,75;fw:700;\"\n\t\t\t\t\t\t\t\tdata-dim=\"w:563px,563px,563px,450px;h:43px,43px,43px,84px;\"\n\t\t\t\t\t\t\t\tdata-frame_0=\"o:1;\"\n\t\t\t\t\t\t\t\tdata-frame_0_chars=\"d:10;sX:0.8;sY:0.8;o:0;\"\n\t\t\t\t\t\t\t\tdata-frame_1=\"e:easeOutQuad;st:500;sp:1000;sR:500;\"\n\t\t\t\t\t\t\t\tdata-frame_1_chars=\"d:10;\"\n\t\t\t\t\t\t\t\tdata-frame_999=\"y:50px;o:0;st:w;sR:6800;\"\n\t\t\t\t\t\t\t\tstyle=\"z-index:5;font-family:'Roboto';text-transform:uppercase;\"\n\t\t\t\t\t\t\t>Go Strong \n\t\t\t\t\t\t\t<\/rs-layer><!--\n\n\t\t\t\t\t\t\t--><rs-layer\n\t\t\t\t\t\t\t\tid=\"slider-2-slide-7-layer-2\" \n\t\t\t\t\t\t\t\tdata-type=\"text\"\n\t\t\t\t\t\t\t\tdata-color=\"rgba(255,255,255,1)\"\n\t\t\t\t\t\t\t\tdata-rsp_ch=\"on\"\n\t\t\t\t\t\t\t\tdata-xy=\"xo:0,40px,20px,15px;yo:358px,358px,358px,293px;\"\n\t\t\t\t\t\t\t\tdata-text=\"w:normal;s:22,22,22,20;l:26;\"\n\t\t\t\t\t\t\t\tdata-dim=\"w:562px,562px,562px,450px;h:52px,52px,52px,auto;\"\n\t\t\t\t\t\t\t\tdata-frame_0=\"o:1;\"\n\t\t\t\t\t\t\t\tdata-frame_0_lines=\"d:10;y:50px;o:0;\"\n\t\t\t\t\t\t\t\tdata-frame_1=\"e:power2.inOut;st:840;sp:490;sR:840;\"\n\t\t\t\t\t\t\t\tdata-frame_1_lines=\"d:10;\"\n\t\t\t\t\t\t\t\tdata-frame_999=\"y:50px;o:0;e:nothing;st:w;sp:220;sR:7670;\"\n\t\t\t\t\t\t\t\tstyle=\"z-index:6;font-family:'Roboto';\"\n\t\t\t\t\t\t\t>Sulfaadivaba geel annab meile j\u00f5udu ja s\u00e4ilitab loomuliku ilu, muutes meid tugevaks, et \u00fcletada v\u00e4ljakutseid r\u00f5\u00f5muga.\n\n\n\n \n\t\t\t\t\t\t\t<\/rs-layer><!--\n\n\t\t\t\t\t\t\t--><a\n\t\t\t\t\t\t\t\tid=\"slider-2-slide-7-layer-4\" \n\t\t\t\t\t\t\t\tclass=\"rs-layer rev-btn\"\n\t\t\t\t\t\t\t\thref=\"https:\/\/machochic.com\/et\/kauplus\/\" target=\"_self\"\n\t\t\t\t\t\t\t\tdata-type=\"button\"\n\t\t\t\t\t\t\t\tdata-color=\"rgba(255,255,255,1)\"\n\t\t\t\t\t\t\t\tdata-xy=\"xo:0,40px,20px,15px;yo:455px,439px,460px,391px;\"\n\t\t\t\t\t\t\t\tdata-text=\"s:17;l:17;fw:700,500,500,500;\"\n\t\t\t\t\t\t\t\tdata-rsp_bd=\"off\"\n\t\t\t\t\t\t\t\tdata-padding=\"t:12;r:35;b:12;l:35;\"\n\t\t\t\t\t\t\t\tdata-frame_0=\"x:-200px;skX:85px;\"\n\t\t\t\t\t\t\t\tdata-frame_1=\"e:power2.out;st:1350;sp:800;sR:1350;\"\n\t\t\t\t\t\t\t\tdata-frame_999=\"y:50px;o:0;e:nothing;st:w;sp:140;sR:6850;\"\n\t\t\t\t\t\t\t\tdata-frame_hover=\"c:#000;bgc:#fff;boc:#000;bor:0px,0px,0px,0px;bos:solid;oX:50;oY:50;sp:0;\"\n\t\t\t\t\t\t\t\tstyle=\"z-index:7;background-color:rgba(221,31,38,1);font-family:'Roboto';text-transform:uppercase;cursor:pointer;outline:none;box-shadow:none;box-sizing:border-box;-moz-box-sizing:border-box;-webkit-box-sizing:border-box;\"\n\t\t\t\t\t\t\t>K\u00fclasta e-poodi \n\t\t\t\t\t\t\t<\/a><!--\n-->\t\t\t\t\t\t<\/rs-slide>\n\t\t\t\t\t\t<rs-slide style=\"position: absolute;\" data-key=\"rs-5\" data-title=\"Run for Fun\" data-anim=\"adpr:false;\" data-in=\"o:0;\" data-out=\"a:false;\">\n\t\t\t\t\t\t\t<img decoding=\"async\" src=\"\/\/machochic.com\/wp-content\/plugins\/revslider\/public\/assets\/assets\/dummy.png\" alt=\"Macho Chic\" title=\"tinywow_pexels-zakaria-boumliha-2827392-2_27712502\" width=\"1920\" height=\"1280\" class=\"rev-slidebg tp-rs-img rs-lazyload\" data-lazyload=\"\/\/machochic.com\/wp-content\/plugins\/revslider\/public\/assets\/assets\/transparent.png\" data-bg=\"p:0% 40%;c:linear-gradient(rgba(27,67,77,1) 0%, rgba(12,49,58,1) 100%);\" data-no-retina>\n<!--\n\t\t\t\t\t\t\t--><rs-layer\n\t\t\t\t\t\t\t\tid=\"slider-2-slide-5-layer-0\" \n\t\t\t\t\t\t\t\tdata-type=\"image\"\n\t\t\t\t\t\t\t\tdata-rsp_ch=\"on\"\n\t\t\t\t\t\t\t\tdata-xy=\"x:c;xo:3px,2px,1px,0;y:m;yo:59px,52px,39px,24px;\"\n\t\t\t\t\t\t\t\tdata-text=\"w:normal;s:20,17,12,7;l:0,22,16,9;\"\n\t\t\t\t\t\t\t\tdata-dim=\"w:1013px,909px,690px,425px;h:507px,455px,345px,212px;\"\n\t\t\t\t\t\t\t\tdata-frame_999=\"o:0;st:w;\"\n\t\t\t\t\t\t\t\tstyle=\"z-index:5;\"\n\t\t\t\t\t\t\t><img decoding=\"async\" src=\"\/\/machochic.com\/wp-content\/plugins\/revslider\/public\/assets\/assets\/dummy.png\" alt=\"macho chic\" class=\"tp-rs-img rs-lazyload\" width=\"1280\" height=\"640\" data-lazyload=\"\/\/machochic.com\/wp-content\/uploads\/2023\/10\/macho_chic.jpg\" data-no-retina> \n\t\t\t\t\t\t\t<\/rs-layer><!--\n-->\t\t\t\t\t\t<\/rs-slide>\n\t\t\t\t\t\t<rs-slide style=\"position: absolute;\" data-key=\"rs-6\" data-title=\"Run for Fun\" data-anim=\"adpr:false;\" data-in=\"o:0;\" data-out=\"a:false;\">\n\t\t\t\t\t\t\t<img decoding=\"async\" src=\"\/\/machochic.com\/wp-content\/plugins\/revslider\/public\/assets\/assets\/dummy.png\" alt=\"Macho Chic\" title=\"tinywow_pexels-zakaria-boumliha-2827392-2_27712502\" width=\"1920\" height=\"1280\" class=\"rev-slidebg tp-rs-img rs-lazyload\" data-lazyload=\"\/\/machochic.com\/wp-content\/uploads\/2023\/06\/tinywow_pexels-zakaria-boumliha-2827392-2_27712502.webp\" data-bg=\"p:0% 40%;\" data-no-retina>\n<!--\n\t\t\t\t\t\t\t--><rs-layer\n\t\t\t\t\t\t\t\tid=\"slider-2-slide-6-layer-1\" \n\t\t\t\t\t\t\t\tdata-type=\"text\"\n\t\t\t\t\t\t\t\tdata-color=\"rgba(255,255,255,1)\"\n\t\t\t\t\t\t\t\tdata-rsp_ch=\"on\"\n\t\t\t\t\t\t\t\tdata-xy=\"xo:0,41px,20px,15px;yo:288px,443px,282px,237px;\"\n\t\t\t\t\t\t\t\tdata-text=\"w:normal;s:75,75,70,65;l:22,22,70,22;fw:700;\"\n\t\t\t\t\t\t\t\tdata-dim=\"w:474px,474px,487px,431px;h:auto,auto,84px,51px;\"\n\t\t\t\t\t\t\t\tdata-frame_0=\"o:1;\"\n\t\t\t\t\t\t\t\tdata-frame_0_words=\"d:5;x:50px;o:0;\"\n\t\t\t\t\t\t\t\tdata-frame_1=\"e:power3.out;st:500;sp:700;sR:500;\"\n\t\t\t\t\t\t\t\tdata-frame_1_words=\"d:5;\"\n\t\t\t\t\t\t\t\tdata-frame_999=\"o:0;e:nothing;st:w;sR:7700;\"\n\t\t\t\t\t\t\t\tstyle=\"z-index:5;font-family:'Roboto';text-transform:uppercase;\"\n\t\t\t\t\t\t\t>Run For Fun \n\t\t\t\t\t\t\t<\/rs-layer><!--\n\n\t\t\t\t\t\t\t--><rs-layer\n\t\t\t\t\t\t\t\tid=\"slider-2-slide-6-layer-2\" \n\t\t\t\t\t\t\t\tdata-type=\"text\"\n\t\t\t\t\t\t\t\tdata-color=\"rgba(255,255,255,1)\"\n\t\t\t\t\t\t\t\tdata-rsp_ch=\"on\"\n\t\t\t\t\t\t\t\tdata-xy=\"xo:0,40px,20px,16px;yo:346px,503px,359px,290px;\"\n\t\t\t\t\t\t\t\tdata-text=\"w:normal;s:21,21,21,20;l:28;\"\n\t\t\t\t\t\t\t\tdata-dim=\"w:562px,562px,562px,450px;h:52px,52px,52px,79px;\"\n\t\t\t\t\t\t\t\tdata-frame_0=\"o:1;\"\n\t\t\t\t\t\t\t\tdata-frame_0_lines=\"d:10;y:50px;o:0;\"\n\t\t\t\t\t\t\t\tdata-frame_1=\"e:power2.inOut;st:840;sp:700;sR:840;\"\n\t\t\t\t\t\t\t\tdata-frame_1_lines=\"d:10;\"\n\t\t\t\t\t\t\t\tdata-frame_999=\"o:0;e:nothing;st:w;sR:7460;\"\n\t\t\t\t\t\t\t\tstyle=\"z-index:6;font-family:'Roboto';\"\n\t\t\t\t\t\t\t>Jooksmine on suurep\u00e4rane! Meie spordipesuvahend hoiab Teie treeningriided v\u00e4rskena ja puhtana, tagades maksimaalse mugavuse treeningu ajal. \n\t\t\t\t\t\t\t<\/rs-layer><!--\n\n\t\t\t\t\t\t\t--><a\n\t\t\t\t\t\t\t\tid=\"slider-2-slide-6-layer-4\" \n\t\t\t\t\t\t\t\tclass=\"rs-layer rev-btn\"\n\t\t\t\t\t\t\t\thref=\"https:\/\/machochic.com\/et\/blogi\/\" target=\"_self\"\n\t\t\t\t\t\t\t\tdata-type=\"button\"\n\t\t\t\t\t\t\t\tdata-color=\"rgba(255,255,255,1)\"\n\t\t\t\t\t\t\t\tdata-xy=\"xo:0,40px,20px,15px;yo:448px,607px,466px,391px;\"\n\t\t\t\t\t\t\t\tdata-text=\"s:17;l:17;fw:700,500,500,500;\"\n\t\t\t\t\t\t\t\tdata-rsp_bd=\"off\"\n\t\t\t\t\t\t\t\tdata-padding=\"t:12;r:35;b:12;l:35;\"\n\t\t\t\t\t\t\t\tdata-frame_0=\"x:-50px;\"\n\t\t\t\t\t\t\t\tdata-frame_1=\"e:power4.out;st:1480;sp:700;sR:1480;\"\n\t\t\t\t\t\t\t\tdata-frame_999=\"y:50px;o:0;e:nothing;st:w;sR:6820;\"\n\t\t\t\t\t\t\t\tdata-frame_hover=\"c:#000;bgc:#fff;boc:#000;bor:0px,0px,0px,0px;bos:solid;oX:50;oY:50;sp:0;\"\n\t\t\t\t\t\t\t\tstyle=\"z-index:7;background-color:rgba(221,31,38,1);font-family:'Roboto';text-transform:uppercase;cursor:pointer;outline:none;box-shadow:none;box-sizing:border-box;-moz-box-sizing:border-box;-webkit-box-sizing:border-box;\"\n\t\t\t\t\t\t\t>Lugege meie blokk \n\t\t\t\t\t\t\t<\/a><!--\n-->\t\t\t\t\t\t<\/rs-slide>\n\t\t\t\t\t<\/rs-slides>\n\t\t\t\t\t<rs-static-layers><!--\n\t\t\t\t\t--><\/rs-static-layers>\n\t\t\t\t<\/rs-module>\n\t\t\t\t<script>\n\t\t\t\t\tsetREVStartSize({c: 'rev_slider_2_1',rl:[1240,1024,778,480],el:[700,767.988,960,720],gw:[1140,1024,778,480],gh:[700,768,960,720],type:'standard',justify:'',layout:'fullwidth',mh:\"0\"});if (window.RS_MODULES!==undefined && window.RS_MODULES.modules!==undefined && window.RS_MODULES.modules[\"revslider21\"]!==undefined) {window.RS_MODULES.modules[\"revslider21\"].once = false;window.revapi2 = undefined;if (window.RS_MODULES.checkMinimal!==undefined) window.RS_MODULES.checkMinimal()}\n\t\t\t\t<\/script>\n\t\t\t<\/rs-module-wrap>\n\t\t\t<!-- END REVOLUTION SLIDER -->\n[\/vc_column][\/vc_row][vc_row][vc_column][vc_text_separator title=&#8221;Tere tulemast Macho Chic&#8217;ile&#8221; color=&#8221;custom&#8221; border_width=&#8221;2&#8243; el_width=&#8221;80&#8243; accent_color=&#8221;#f8fafe&#8221;][vc_column_text]<\/p>\n<p class=\"p1\" style=\"text-align: center;\"><strong>Tere tulemast turvalisemasse koju koos Macho Chic`iga<\/strong><\/p>\n<p class=\"p1\" style=\"text-align: center;\">Meie Macho Chic usume, et suudame Teie eluruumide mugavust ja turvalisust<br \/>\nsuurendada. Kodu, ei ole lihtsalt koht, kus elatakse. See on turvatunne ja l\u00f5\u00f5gastumine.<\/p>\n<p>[\/vc_column_text][\/vc_column][\/vc_row][vc_row][vc_column el_class=&#8221;accordion_macho&#8221;][vc_tta_accordion active_section=&#8221;1&#8243;][vc_tta_section title=&#8221;Teie tee enesekindluseni&#8221; tab_id=&#8221;1686248863892-90fa7792-1d78&#8243;][vc_column_text]<\/p>\n<p class=\"p1\">Macho Chic on rohkem kui lihtsalt tooted. See on teie tee enesekindlusele. Pakume laia valikut tooteid, mis aitavad teil mitte ainult oma parima v\u00e4ljan\u00e4gemise, vaid ka parima enesetunde saavutamiseks. Meie toodete v\u00e4ljat\u00f6\u00f6tamisel kasutatakse uuenduslikke valemeid, mis vastavad t\u00e4nap\u00e4eva inimese vajadustele.<\/p>\n<p>[\/vc_column_text][\/vc_tta_section][vc_tta_section title=&#8221;Liitu meiega&#8221; tab_id=&#8221;1686249248872-22984239-1dd3&#8243;][vc_column_text]<\/p>\n<p class=\"p1\">Kutsume teid sel teekonnal meiega \u00fchinema. Avastage Macho Chic&#8217;i maailm ja \u00f5ppige, kuidas me saame aidata teil muuta oma elustiili, suurendada enesekindlust ja n\u00e4ha v\u00e4lja nii, nagu olete alati tahtnud.<\/p>\n<p class=\"p1\">Macho Chic &#8211; teie partner tervisliku ja stiilse elustiili saavutamisel. Liituge meiega juba t\u00e4na ja alustage oma teekonda enesekindluse poole.<\/p>\n<p>[\/vc_column_text][lab_button title=&#8221;Liitu meiega n\u00fc\u00fcd!&#8221; type=&#8221;standard&#8221; button_bg=&#8221;btn-secondary&#8221; link=&#8221;url:https%3A%2F%2Fmachochic.com%2Fmy-account-2%2F|&#8221;][\/vc_tta_section][\/vc_tta_accordion][\/vc_column][\/vc_row][vc_row full_width=&#8221;stretch_row&#8221; css=&#8221;.vc_custom_1686057678936{background-color: #f8fafe !important;background-position: center !important;background-repeat: no-repeat !important;background-size: cover !important;}&#8221; el_class=&#8221;shop-carousel&#8221;][vc_column css=&#8221;.vc_custom_1497974504895{padding-top: 0px !important;}&#8221;][lab_heading title_tag=&#8221;H1&#8243; title=&#8221;MEIE TOOTEVALIK&#8221; css=&#8221;.vc_custom_1711742047005{margin-top: 40px !important;margin-bottom: 0px !important;}&#8221;]Kodu mugavuse ja ohutuse olemuse m\u00f5istmine on meie tegevuse prioriteet. Meie tooted on valmistatud hoolikalt, et need oleksid mitte ainult funktsionaalsed, vaid ka usaldusv\u00e4\u00e4rsed. Nad sulanduvad sujuvalt teie koju, suurendades selle mugavust ja meelerahu.[\/lab_heading][lab_products_carousel columns=&#8221;4&#8243; auto_rotate=&#8221;0&#8243; el_class=&#8221;macho-price&#8221; products_query=&#8221;size:4|order_by:ID|post_type:product|by_id:1145,1144,1138,1137&#8243;][\/vc_column][\/vc_row][vc_row][vc_column][lab_heading title=&#8221;Meie blogi&#8221;]Miks valida Macho Chic? Maailmas, mis on t\u00e4is valikuid, v\u00f5ib t\u00f5elise kvaliteedi leidmine olla keeruline. Me paistame silma sellega, et seame esikohale teie kodu hubasuse ja turvalisuse.[\/lab_heading][lab_blog_posts columns=&#8221;2&#8243; layout=&#8221;left&#8221; masonry=&#8221;fitRows&#8221; hover_layer_icon=&#8221;custom&#8221; image_size=&#8221;300&#215;300&#8243;][\/vc_column][\/vc_row][vc_row css=&#8221;.vc_custom_1691663074564{margin-bottom: 30px !important;}&#8221;][vc_column]<style type=\"text\/css\">.zoom-instagram.feed-1400{font-size:14px!important;padding:1px!important;}.zoom-instagram.feed-1400 .zoom-instagram-widget__items{display:grid!important;grid-template-columns:repeat(3,1fr);}.zoom-instagram.feed-1400 .zoom-instagram-widget__items{gap:10px!important;}<\/style>\n[\/vc_column][\/vc_row]<\/p>\n<\/div>","protected":false},"excerpt":{"rendered":"<p>[vc_row full_width=&#8221;stretch_row_content_no_spaces&#8221;][vc_column][\/vc_column][\/vc_row][vc_row][vc_column][vc_text_separator title=&#8221;Tere tulemast Macho Chic&#8217;ile&#8221; color=&#8221;custom&#8221; border_width=&#8221;2&#8243; el_width=&#8221;80&#8243; accent_color=&#8221;#f8fafe&#8221;][vc_column_text] Tere tulemast turvalisemasse koju koos Macho Chic`iga Meie Macho Chic usume, et suudame Teie eluruumide mugavust ja turvalisust suurendada. Kodu, ei ole lihtsalt koht, kus elatakse. See on turvatunne ja l\u00f5\u00f5gastumine. [\/vc_column_text][\/vc_column][\/vc_row][vc_row][vc_column el_class=&#8221;accordion_macho&#8221;][vc_tta_accordion active_section=&#8221;1&#8243;][vc_tta_section title=&#8221;Teie tee enesekindluseni&#8221; tab_id=&#8221;1686248863892-90fa7792-1d78&#8243;][vc_column_text] Macho Chic on rohkem kui lihtsalt tooted.&hellip;<\/p>\n","protected":false},"author":3,"featured_media":0,"parent":0,"menu_order":0,"comment_status":"closed","ping_status":"closed","template":"","meta":{"_acf_changed":false,"footnotes":""},"class_list":["post-1908","page","type-page","status-publish","hentry"],"acf":[],"yoast_head":"<!-- This site is optimized with the Yoast SEO plugin v25.6 - https:\/\/yoast.com\/wordpress\/plugins\/seo\/ -->\n<title>Koduleht - Macho Chic<\/title>\n<meta name=\"description\" content=\"Macho Chic: elustiilibr\u00e4nd, mis pakub kvaliteetseid ja ainulaadseid tooteid, mis suurendavad mehe enesekindlust ja individuaalsust.\" \/>\n<meta name=\"robots\" content=\"index, follow, max-snippet:-1, max-image-preview:large, max-video-preview:-1\" \/>\n<link rel=\"canonical\" href=\"https:\/\/machochic.com\/et\/\" \/>\n<meta property=\"og:locale\" content=\"et_EE\" \/>\n<meta property=\"og:type\" content=\"article\" \/>\n<meta property=\"og:title\" content=\"Koduleht - Macho Chic\" \/>\n<meta property=\"og:description\" content=\"Macho Chic: elustiilibr\u00e4nd, mis pakub kvaliteetseid ja ainulaadseid tooteid, mis suurendavad mehe enesekindlust ja individuaalsust.\" \/>\n<meta property=\"og:url\" content=\"https:\/\/machochic.com\/et\/\" \/>\n<meta property=\"og:site_name\" content=\"Macho Chic\" \/>\n<meta property=\"article:publisher\" content=\"https:\/\/www.facebook.com\/macho.chic.eesti\" \/>\n<meta property=\"article:modified_time\" content=\"2024-03-29T19:54:28+00:00\" \/>\n<meta name=\"twitter:card\" content=\"summary_large_image\" \/>\n<meta name=\"twitter:label1\" content=\"Est. reading time\" \/>\n\t<meta name=\"twitter:data1\" content=\"2 minutit\" \/>\n<script type=\"application\/ld+json\" class=\"yoast-schema-graph\">{\"@context\":\"https:\/\/schema.org\",\"@graph\":[{\"@type\":\"WebPage\",\"@id\":\"https:\/\/machochic.com\/et\/\",\"url\":\"https:\/\/machochic.com\/et\/\",\"name\":\"Koduleht - Macho Chic\",\"isPartOf\":{\"@id\":\"https:\/\/machochic.com\/et\/#website\"},\"datePublished\":\"2016-06-09T08:53:55+00:00\",\"dateModified\":\"2024-03-29T19:54:28+00:00\",\"description\":\"Macho Chic: elustiilibr\u00e4nd, mis pakub kvaliteetseid ja ainulaadseid tooteid, mis suurendavad mehe enesekindlust ja individuaalsust.\",\"breadcrumb\":{\"@id\":\"https:\/\/machochic.com\/et\/#breadcrumb\"},\"inLanguage\":\"et\",\"potentialAction\":[{\"@type\":\"ReadAction\",\"target\":[\"https:\/\/machochic.com\/et\/\"]}]},{\"@type\":\"BreadcrumbList\",\"@id\":\"https:\/\/machochic.com\/et\/#breadcrumb\",\"itemListElement\":[{\"@type\":\"ListItem\",\"position\":1,\"name\":\"Home\",\"item\":\"https:\/\/machochic.com\/et\/\"},{\"@type\":\"ListItem\",\"position\":2,\"name\":\"Koduleht\"}]},{\"@type\":\"WebSite\",\"@id\":\"https:\/\/machochic.com\/et\/#website\",\"url\":\"https:\/\/machochic.com\/et\/\",\"name\":\"Macho Chic\",\"description\":\"Confidence Starts with Macho Chic\",\"publisher\":{\"@id\":\"https:\/\/machochic.com\/et\/#organization\"},\"potentialAction\":[{\"@type\":\"SearchAction\",\"target\":{\"@type\":\"EntryPoint\",\"urlTemplate\":\"https:\/\/machochic.com\/et\/?s={search_term_string}\"},\"query-input\":{\"@type\":\"PropertyValueSpecification\",\"valueRequired\":true,\"valueName\":\"search_term_string\"}}],\"inLanguage\":\"et\"},{\"@type\":\"Organization\",\"@id\":\"https:\/\/machochic.com\/et\/#organization\",\"name\":\"Macho Chic\",\"url\":\"https:\/\/machochic.com\/et\/\",\"logo\":{\"@type\":\"ImageObject\",\"inLanguage\":\"et\",\"@id\":\"https:\/\/machochic.com\/et\/#\/schema\/logo\/image\/\",\"url\":\"https:\/\/machochic.com\/wp-content\/uploads\/2023\/05\/Macho-Main-Logo.svg\",\"contentUrl\":\"https:\/\/machochic.com\/wp-content\/uploads\/2023\/05\/Macho-Main-Logo.svg\",\"width\":800,\"height\":600,\"caption\":\"Macho Chic\"},\"image\":{\"@id\":\"https:\/\/machochic.com\/et\/#\/schema\/logo\/image\/\"},\"sameAs\":[\"https:\/\/www.facebook.com\/macho.chic.eesti\",\"https:\/\/www.instagram.com\/macho.chic\/\"]}]}<\/script>\n<!-- \/ Yoast SEO plugin. -->","yoast_head_json":{"title":"Koduleht - Macho Chic","description":"Macho Chic: elustiilibr\u00e4nd, mis pakub kvaliteetseid ja ainulaadseid tooteid, mis suurendavad mehe enesekindlust ja individuaalsust.","robots":{"index":"index","follow":"follow","max-snippet":"max-snippet:-1","max-image-preview":"max-image-preview:large","max-video-preview":"max-video-preview:-1"},"canonical":"https:\/\/machochic.com\/et\/","og_locale":"et_EE","og_type":"article","og_title":"Koduleht - Macho Chic","og_description":"Macho Chic: elustiilibr\u00e4nd, mis pakub kvaliteetseid ja ainulaadseid tooteid, mis suurendavad mehe enesekindlust ja individuaalsust.","og_url":"https:\/\/machochic.com\/et\/","og_site_name":"Macho Chic","article_publisher":"https:\/\/www.facebook.com\/macho.chic.eesti","article_modified_time":"2024-03-29T19:54:28+00:00","twitter_card":"summary_large_image","twitter_misc":{"Est. reading time":"2 minutit"},"schema":{"@context":"https:\/\/schema.org","@graph":[{"@type":"WebPage","@id":"https:\/\/machochic.com\/et\/","url":"https:\/\/machochic.com\/et\/","name":"Koduleht - Macho Chic","isPartOf":{"@id":"https:\/\/machochic.com\/et\/#website"},"datePublished":"2016-06-09T08:53:55+00:00","dateModified":"2024-03-29T19:54:28+00:00","description":"Macho Chic: elustiilibr\u00e4nd, mis pakub kvaliteetseid ja ainulaadseid tooteid, mis suurendavad mehe enesekindlust ja individuaalsust.","breadcrumb":{"@id":"https:\/\/machochic.com\/et\/#breadcrumb"},"inLanguage":"et","potentialAction":[{"@type":"ReadAction","target":["https:\/\/machochic.com\/et\/"]}]},{"@type":"BreadcrumbList","@id":"https:\/\/machochic.com\/et\/#breadcrumb","itemListElement":[{"@type":"ListItem","position":1,"name":"Home","item":"https:\/\/machochic.com\/et\/"},{"@type":"ListItem","position":2,"name":"Koduleht"}]},{"@type":"WebSite","@id":"https:\/\/machochic.com\/et\/#website","url":"https:\/\/machochic.com\/et\/","name":"Macho Chic","description":"Confidence Starts with Macho Chic","publisher":{"@id":"https:\/\/machochic.com\/et\/#organization"},"potentialAction":[{"@type":"SearchAction","target":{"@type":"EntryPoint","urlTemplate":"https:\/\/machochic.com\/et\/?s={search_term_string}"},"query-input":{"@type":"PropertyValueSpecification","valueRequired":true,"valueName":"search_term_string"}}],"inLanguage":"et"},{"@type":"Organization","@id":"https:\/\/machochic.com\/et\/#organization","name":"Macho Chic","url":"https:\/\/machochic.com\/et\/","logo":{"@type":"ImageObject","inLanguage":"et","@id":"https:\/\/machochic.com\/et\/#\/schema\/logo\/image\/","url":"https:\/\/machochic.com\/wp-content\/uploads\/2023\/05\/Macho-Main-Logo.svg","contentUrl":"https:\/\/machochic.com\/wp-content\/uploads\/2023\/05\/Macho-Main-Logo.svg","width":800,"height":600,"caption":"Macho Chic"},"image":{"@id":"https:\/\/machochic.com\/et\/#\/schema\/logo\/image\/"},"sameAs":["https:\/\/www.facebook.com\/macho.chic.eesti","https:\/\/www.instagram.com\/macho.chic\/"]}]}},"_links":{"self":[{"href":"https:\/\/machochic.com\/et\/wp-json\/wp\/v2\/pages\/1908","targetHints":{"allow":["GET"]}}],"collection":[{"href":"https:\/\/machochic.com\/et\/wp-json\/wp\/v2\/pages"}],"about":[{"href":"https:\/\/machochic.com\/et\/wp-json\/wp\/v2\/types\/page"}],"author":[{"embeddable":true,"href":"https:\/\/machochic.com\/et\/wp-json\/wp\/v2\/users\/3"}],"replies":[{"embeddable":true,"href":"https:\/\/machochic.com\/et\/wp-json\/wp\/v2\/comments?post=1908"}],"version-history":[{"count":8,"href":"https:\/\/machochic.com\/et\/wp-json\/wp\/v2\/pages\/1908\/revisions"}],"predecessor-version":[{"id":2057,"href":"https:\/\/machochic.com\/et\/wp-json\/wp\/v2\/pages\/1908\/revisions\/2057"}],"wp:attachment":[{"href":"https:\/\/machochic.com\/et\/wp-json\/wp\/v2\/media?parent=1908"}],"curies":[{"name":"wp","href":"https:\/\/api.w.org\/{rel}","templated":true}]}}