{"id":2001,"date":"2023-06-05T13:59:28","date_gmt":"2023-06-05T10:59:28","guid":{"rendered":"https:\/\/machochic.com\/product\/sulfaadivaba-dusigeel\/"},"modified":"2023-06-05T13:59:28","modified_gmt":"2023-06-05T10:59:28","slug":"sulfaadivaba-dusigeel","status":"publish","type":"product","link":"https:\/\/machochic.com\/et\/toode\/sulfaadivaba-dusigeel\/","title":{"rendered":"SULFAADIVABA DU\u0160IGEEL"},"content":{"rendered":"","protected":false},"excerpt":{"rendered":"<p><strong>KASUTUSALA:<\/strong> L\u00f5hnagadu\u0161igeel.<\/p>\n<p><strong>OMADUSED:<\/strong><\/p>\n<ul>\n<li>Koostis vastab EL \u00f6kom\u00e4rgise ECOLABEL kriteeriumidele;<\/li>\n<li>puhastab nahka t\u00f5husalt;<\/li>\n<li>kompositsiooni moodustavad komponendidpehmendavad nahka;<\/li>\n<li>kergesti biolagunev;<\/li>\n<li>ei sisalda isotialisasiooni t\u00fc\u00fcbi konservanti ja tema tuletised: MIT\/BIT;<\/li>\n<li>ei sisalda loomset p\u00e4ritolu komponente;<\/li>\n<li>ei sisalda akr\u00fclaate.<\/li>\n<\/ul>\n<p><strong>PAKEND:<\/strong> 300ml pudel.<\/p>\n<p><strong>PESULAHUSE KONSENTRATSIOON: <\/strong>Kasutamiseks valmis.<\/p>\n<p><strong>Ingredients:<\/strong> Aqua, Disodium laureth sulfosuccinate, Disodium lauryl sulfosuccinate, PotassiumCocoate, PEG-4 Rapeseedamide, Cocamidopropyl betaine, Glycerin, Sodium Chloride,Phenoxyethanol,Sodium Benzoate, Citric acid, Parfum.<\/p>\n<p><strong>Toote pH 5,5<\/strong><\/p>\n","protected":false},"featured_media":1756,"comment_status":"closed","ping_status":"closed","template":"","meta":{"_acf_changed":false},"product_brand":[],"product_cat":[175],"product_tag":[187,186],"class_list":{"0":"post-2001","1":"product","2":"type-product","3":"status-publish","4":"has-post-thumbnail","6":"product_cat-uncategorized-et","7":"product_tag-dusigeel","8":"product_tag-sulfadivaba","10":"first","11":"instock","12":"taxable","13":"shipping-taxable","14":"purchasable","15":"product-type-simple","17":"catalog-layout-default","18":"columns-xs-1"},"acf":[],"yoast_head":"<!-- This site is optimized with the Yoast SEO plugin v25.6 - https:\/\/yoast.com\/wordpress\/plugins\/seo\/ -->\n<title>SULFAADIVABA DU\u0160IGEEL - Macho Chic<\/title>\n<meta name=\"description\" content=\"Macho Chic | Koostis vastab \u00f6kom\u00e4rgise E\u00dc ECOLABEL kriteeriumidele. Puhastab efektiivselt nahka.\" \/>\n<meta name=\"robots\" content=\"index, follow, max-snippet:-1, max-image-preview:large, max-video-preview:-1\" \/>\n<link rel=\"canonical\" href=\"https:\/\/machochic.com\/et\/toode\/sulfaadivaba-dusigeel\/\" \/>\n<meta property=\"og:locale\" content=\"et_EE\" \/>\n<meta property=\"og:type\" content=\"article\" \/>\n<meta property=\"og:title\" content=\"SULFAADIVABA DU\u0160IGEEL - Macho Chic\" \/>\n<meta property=\"og:description\" content=\"Macho Chic | Koostis vastab \u00f6kom\u00e4rgise E\u00dc ECOLABEL kriteeriumidele. Puhastab efektiivselt nahka.\" \/>\n<meta property=\"og:url\" content=\"https:\/\/machochic.com\/et\/toode\/sulfaadivaba-dusigeel\/\" \/>\n<meta property=\"og:site_name\" content=\"Macho Chic\" \/>\n<meta property=\"article:publisher\" content=\"https:\/\/www.facebook.com\/macho.chic.eesti\" \/>\n<meta property=\"og:image\" content=\"https:\/\/machochic.com\/wp-content\/uploads\/2023\/06\/shower_gel-1.png\" \/>\n\t<meta property=\"og:image:width\" content=\"1449\" \/>\n\t<meta property=\"og:image:height\" content=\"1600\" \/>\n\t<meta property=\"og:image:type\" content=\"image\/png\" \/>\n<meta name=\"twitter:card\" content=\"summary_large_image\" \/>\n<script type=\"application\/ld+json\" class=\"yoast-schema-graph\">{\"@context\":\"https:\/\/schema.org\",\"@graph\":[{\"@type\":\"WebPage\",\"@id\":\"https:\/\/machochic.com\/et\/toode\/sulfaadivaba-dusigeel\/\",\"url\":\"https:\/\/machochic.com\/et\/toode\/sulfaadivaba-dusigeel\/\",\"name\":\"SULFAADIVABA DU\u0160IGEEL - Macho Chic\",\"isPartOf\":{\"@id\":\"https:\/\/machochic.com\/et\/#website\"},\"primaryImageOfPage\":{\"@id\":\"https:\/\/machochic.com\/et\/toode\/sulfaadivaba-dusigeel\/#primaryimage\"},\"image\":{\"@id\":\"https:\/\/machochic.com\/et\/toode\/sulfaadivaba-dusigeel\/#primaryimage\"},\"thumbnailUrl\":\"https:\/\/machochic.com\/wp-content\/uploads\/2023\/06\/shower_gel-1.png\",\"datePublished\":\"2023-06-05T10:59:28+00:00\",\"description\":\"Macho Chic | Koostis vastab \u00f6kom\u00e4rgise E\u00dc ECOLABEL kriteeriumidele. Puhastab efektiivselt nahka.\",\"breadcrumb\":{\"@id\":\"https:\/\/machochic.com\/et\/toode\/sulfaadivaba-dusigeel\/#breadcrumb\"},\"inLanguage\":\"et\",\"potentialAction\":[{\"@type\":\"ReadAction\",\"target\":[\"https:\/\/machochic.com\/et\/toode\/sulfaadivaba-dusigeel\/\"]}]},{\"@type\":\"ImageObject\",\"inLanguage\":\"et\",\"@id\":\"https:\/\/machochic.com\/et\/toode\/sulfaadivaba-dusigeel\/#primaryimage\",\"url\":\"https:\/\/machochic.com\/wp-content\/uploads\/2023\/06\/shower_gel-1.png\",\"contentUrl\":\"https:\/\/machochic.com\/wp-content\/uploads\/2023\/06\/shower_gel-1.png\",\"width\":1449,\"height\":1600,\"caption\":\"SULFAADIVABA DU\u0160IGEEL Macho Chic\"},{\"@type\":\"BreadcrumbList\",\"@id\":\"https:\/\/machochic.com\/et\/toode\/sulfaadivaba-dusigeel\/#breadcrumb\",\"itemListElement\":[{\"@type\":\"ListItem\",\"position\":1,\"name\":\"Home\",\"item\":\"https:\/\/machochic.com\/et\/\"},{\"@type\":\"ListItem\",\"position\":2,\"name\":\"Shop\",\"item\":\"https:\/\/machochic.com\/shop\/\"},{\"@type\":\"ListItem\",\"position\":3,\"name\":\"SULFAADIVABA DU\u0160IGEEL\"}]},{\"@type\":\"WebSite\",\"@id\":\"https:\/\/machochic.com\/et\/#website\",\"url\":\"https:\/\/machochic.com\/et\/\",\"name\":\"Macho Chic\",\"description\":\"Confidence Starts with Macho Chic\",\"publisher\":{\"@id\":\"https:\/\/machochic.com\/et\/#organization\"},\"potentialAction\":[{\"@type\":\"SearchAction\",\"target\":{\"@type\":\"EntryPoint\",\"urlTemplate\":\"https:\/\/machochic.com\/et\/?s={search_term_string}\"},\"query-input\":{\"@type\":\"PropertyValueSpecification\",\"valueRequired\":true,\"valueName\":\"search_term_string\"}}],\"inLanguage\":\"et\"},{\"@type\":\"Organization\",\"@id\":\"https:\/\/machochic.com\/et\/#organization\",\"name\":\"Macho Chic\",\"url\":\"https:\/\/machochic.com\/et\/\",\"logo\":{\"@type\":\"ImageObject\",\"inLanguage\":\"et\",\"@id\":\"https:\/\/machochic.com\/et\/#\/schema\/logo\/image\/\",\"url\":\"https:\/\/machochic.com\/wp-content\/uploads\/2023\/05\/Macho-Main-Logo.svg\",\"contentUrl\":\"https:\/\/machochic.com\/wp-content\/uploads\/2023\/05\/Macho-Main-Logo.svg\",\"width\":800,\"height\":600,\"caption\":\"Macho Chic\"},\"image\":{\"@id\":\"https:\/\/machochic.com\/et\/#\/schema\/logo\/image\/\"},\"sameAs\":[\"https:\/\/www.facebook.com\/macho.chic.eesti\",\"https:\/\/www.instagram.com\/macho.chic\/\"]}]}<\/script>\n<!-- \/ Yoast SEO plugin. -->","yoast_head_json":{"title":"SULFAADIVABA DU\u0160IGEEL - Macho Chic","description":"Macho Chic | Koostis vastab \u00f6kom\u00e4rgise E\u00dc ECOLABEL kriteeriumidele. Puhastab efektiivselt nahka.","robots":{"index":"index","follow":"follow","max-snippet":"max-snippet:-1","max-image-preview":"max-image-preview:large","max-video-preview":"max-video-preview:-1"},"canonical":"https:\/\/machochic.com\/et\/toode\/sulfaadivaba-dusigeel\/","og_locale":"et_EE","og_type":"article","og_title":"SULFAADIVABA DU\u0160IGEEL - Macho Chic","og_description":"Macho Chic | Koostis vastab \u00f6kom\u00e4rgise E\u00dc ECOLABEL kriteeriumidele. Puhastab efektiivselt nahka.","og_url":"https:\/\/machochic.com\/et\/toode\/sulfaadivaba-dusigeel\/","og_site_name":"Macho Chic","article_publisher":"https:\/\/www.facebook.com\/macho.chic.eesti","og_image":[{"width":1449,"height":1600,"url":"https:\/\/machochic.com\/wp-content\/uploads\/2023\/06\/shower_gel-1.png","type":"image\/png"}],"twitter_card":"summary_large_image","schema":{"@context":"https:\/\/schema.org","@graph":[{"@type":"WebPage","@id":"https:\/\/machochic.com\/et\/toode\/sulfaadivaba-dusigeel\/","url":"https:\/\/machochic.com\/et\/toode\/sulfaadivaba-dusigeel\/","name":"SULFAADIVABA DU\u0160IGEEL - Macho Chic","isPartOf":{"@id":"https:\/\/machochic.com\/et\/#website"},"primaryImageOfPage":{"@id":"https:\/\/machochic.com\/et\/toode\/sulfaadivaba-dusigeel\/#primaryimage"},"image":{"@id":"https:\/\/machochic.com\/et\/toode\/sulfaadivaba-dusigeel\/#primaryimage"},"thumbnailUrl":"https:\/\/machochic.com\/wp-content\/uploads\/2023\/06\/shower_gel-1.png","datePublished":"2023-06-05T10:59:28+00:00","description":"Macho Chic | Koostis vastab \u00f6kom\u00e4rgise E\u00dc ECOLABEL kriteeriumidele. Puhastab efektiivselt nahka.","breadcrumb":{"@id":"https:\/\/machochic.com\/et\/toode\/sulfaadivaba-dusigeel\/#breadcrumb"},"inLanguage":"et","potentialAction":[{"@type":"ReadAction","target":["https:\/\/machochic.com\/et\/toode\/sulfaadivaba-dusigeel\/"]}]},{"@type":"ImageObject","inLanguage":"et","@id":"https:\/\/machochic.com\/et\/toode\/sulfaadivaba-dusigeel\/#primaryimage","url":"https:\/\/machochic.com\/wp-content\/uploads\/2023\/06\/shower_gel-1.png","contentUrl":"https:\/\/machochic.com\/wp-content\/uploads\/2023\/06\/shower_gel-1.png","width":1449,"height":1600,"caption":"SULFAADIVABA DU\u0160IGEEL Macho Chic"},{"@type":"BreadcrumbList","@id":"https:\/\/machochic.com\/et\/toode\/sulfaadivaba-dusigeel\/#breadcrumb","itemListElement":[{"@type":"ListItem","position":1,"name":"Home","item":"https:\/\/machochic.com\/et\/"},{"@type":"ListItem","position":2,"name":"Shop","item":"https:\/\/machochic.com\/shop\/"},{"@type":"ListItem","position":3,"name":"SULFAADIVABA DU\u0160IGEEL"}]},{"@type":"WebSite","@id":"https:\/\/machochic.com\/et\/#website","url":"https:\/\/machochic.com\/et\/","name":"Macho Chic","description":"Confidence Starts with Macho Chic","publisher":{"@id":"https:\/\/machochic.com\/et\/#organization"},"potentialAction":[{"@type":"SearchAction","target":{"@type":"EntryPoint","urlTemplate":"https:\/\/machochic.com\/et\/?s={search_term_string}"},"query-input":{"@type":"PropertyValueSpecification","valueRequired":true,"valueName":"search_term_string"}}],"inLanguage":"et"},{"@type":"Organization","@id":"https:\/\/machochic.com\/et\/#organization","name":"Macho Chic","url":"https:\/\/machochic.com\/et\/","logo":{"@type":"ImageObject","inLanguage":"et","@id":"https:\/\/machochic.com\/et\/#\/schema\/logo\/image\/","url":"https:\/\/machochic.com\/wp-content\/uploads\/2023\/05\/Macho-Main-Logo.svg","contentUrl":"https:\/\/machochic.com\/wp-content\/uploads\/2023\/05\/Macho-Main-Logo.svg","width":800,"height":600,"caption":"Macho Chic"},"image":{"@id":"https:\/\/machochic.com\/et\/#\/schema\/logo\/image\/"},"sameAs":["https:\/\/www.facebook.com\/macho.chic.eesti","https:\/\/www.instagram.com\/macho.chic\/"]}]}},"_links":{"self":[{"href":"https:\/\/machochic.com\/et\/wp-json\/wp\/v2\/product\/2001","targetHints":{"allow":["GET"]}}],"collection":[{"href":"https:\/\/machochic.com\/et\/wp-json\/wp\/v2\/product"}],"about":[{"href":"https:\/\/machochic.com\/et\/wp-json\/wp\/v2\/types\/product"}],"replies":[{"embeddable":true,"href":"https:\/\/machochic.com\/et\/wp-json\/wp\/v2\/comments?post=2001"}],"wp:featuredmedia":[{"embeddable":true,"href":"https:\/\/machochic.com\/et\/wp-json\/wp\/v2\/media\/1756"}],"wp:attachment":[{"href":"https:\/\/machochic.com\/et\/wp-json\/wp\/v2\/media?parent=2001"}],"wp:term":[{"taxonomy":"product_brand","embeddable":true,"href":"https:\/\/machochic.com\/et\/wp-json\/wp\/v2\/product_brand?post=2001"},{"taxonomy":"product_cat","embeddable":true,"href":"https:\/\/machochic.com\/et\/wp-json\/wp\/v2\/product_cat?post=2001"},{"taxonomy":"product_tag","embeddable":true,"href":"https:\/\/machochic.com\/et\/wp-json\/wp\/v2\/product_tag?post=2001"}],"curies":[{"name":"wp","href":"https:\/\/api.w.org\/{rel}","templated":true}]}}