{"id":2003,"date":"2023-06-05T16:23:53","date_gmt":"2023-06-05T13:23:53","guid":{"rendered":"https:\/\/machochic.com\/product\/sulfaadivaba-noudepesuvahend\/"},"modified":"2023-06-05T16:23:53","modified_gmt":"2023-06-05T13:23:53","slug":"sulfaadivaba-noudepesuvahend","status":"publish","type":"product","link":"https:\/\/machochic.com\/et\/toode\/sulfaadivaba-noudepesuvahend\/","title":{"rendered":"SULFAADIVABA N\u00d5UDEPESUVAHEND"},"content":{"rendered":"","protected":false},"excerpt":{"rendered":"<p><strong>KASUTUSALA:<\/strong> L\u00f5hnaga sulfaadivaba kontsentreeritud n\u00f5udepesuvahend.<\/p>\n<p><strong>OMADUSED:<\/strong><\/p>\n<ul>\n<li>Omab ELi \u00f6kom\u00e4rgist ECOLABEL;<\/li>\n<li>Testitud sertifitseeritud laboris;<\/li>\n<li>P\u00f5hineblooduslikul rohelisel seebil;<\/li>\n<li>\u00d6konoomne;<\/li>\n<li>Puhastab n\u00f5ud suurep\u00e4raselt rasvast ja toiduj\u00e4\u00e4kidest;<\/li>\n<li>Vahutab h\u00e4sti;<\/li>\n<li>Lihtne maha pesta;<\/li>\n<li>Annab n\u00f5udele s\u00e4ra;<\/li>\n<li>Sisaldab k\u00e4te nahka pehmendavaid komponente;<\/li>\n<li>Kergesti biolagunev;<\/li>\n<li>On kerge puuviljal\u00f5hnaga;<\/li>\n<li>Ei sisalda loomset p\u00e4ritolu komponente;<\/li>\n<li>Ei sisalda akr\u00fclaate;<\/li>\n<li>Ei sisalda fosforit ja fosfaate;<\/li>\n<li>Ei sisalda v\u00e4rvaineid.<\/li>\n<\/ul>\n<p><strong>PAKEND:<\/strong> 500ml pudel.<\/p>\n<p><strong>PESULAHUSE KONSENTRATSIOON:<\/strong> Kontsentraat.<\/p>\n<p><strong>KASUTAMISEJUHEND:<\/strong> 2 ml\/ 0,5 teelusikat\u00e4it(v\u00e4hem m\u00e4\u00e4rdunud n\u00f5ud) ja 5 ml\/ 1 teelusikat\u00e4is(m\u00e4\u00e4rdunud n\u00f5ud) pesuainet 5 l vee kohta. Pange n\u00f5ud vette ning kasutage n\u00f5udepesuvahenditsoovitatud koguses.J\u00e4rgige soovitatud doseeringut madalamail temperatuuril, et minimeerida energia-ja veekulu ningveereostust.<\/p>\n<p><strong>KOOSTIS:<\/strong> 5-15%anioonised pindaktiivsed ained, &lt;5% mitteioonsed pindaktiivsed ained, &lt;5%amfoteersed pindaktiivsed ained, fenoks\u00fcetanool,l\u00f5hnaine.Kasutuslahuse pH 7,0<\/p>\n","protected":false},"featured_media":1753,"comment_status":"closed","ping_status":"closed","template":"","meta":{"_acf_changed":false},"product_brand":[],"product_cat":[175],"product_tag":[194,193,186],"class_list":{"0":"post-2003","1":"product","2":"type-product","3":"status-publish","4":"has-post-thumbnail","6":"product_cat-uncategorized-et","7":"product_tag-lohnaga","8":"product_tag-noudupesuvahend","9":"product_tag-sulfadivaba","11":"first","12":"instock","13":"taxable","14":"shipping-taxable","15":"purchasable","16":"product-type-simple","18":"catalog-layout-default","19":"columns-xs-1"},"acf":[],"yoast_head":"<!-- This site is optimized with the Yoast SEO plugin v25.6 - https:\/\/yoast.com\/wordpress\/plugins\/seo\/ -->\n<title>SULFAADIVABA N\u00d5UDEPESUVAHEND - Macho Chic<\/title>\n<meta name=\"description\" content=\"Macho Chic | L\u00f5hnaga sulfaadivaba kontsentreeritud n\u00f5udepesuvahend.\" \/>\n<meta name=\"robots\" content=\"index, follow, max-snippet:-1, max-image-preview:large, max-video-preview:-1\" \/>\n<link rel=\"canonical\" href=\"https:\/\/machochic.com\/et\/toode\/sulfaadivaba-noudepesuvahend\/\" \/>\n<meta property=\"og:locale\" content=\"et_EE\" \/>\n<meta property=\"og:type\" content=\"article\" \/>\n<meta property=\"og:title\" content=\"SULFAADIVABA N\u00d5UDEPESUVAHEND - Macho Chic\" \/>\n<meta property=\"og:description\" content=\"Macho Chic | L\u00f5hnaga sulfaadivaba kontsentreeritud n\u00f5udepesuvahend.\" \/>\n<meta property=\"og:url\" content=\"https:\/\/machochic.com\/et\/toode\/sulfaadivaba-noudepesuvahend\/\" \/>\n<meta property=\"og:site_name\" content=\"Macho Chic\" \/>\n<meta property=\"article:publisher\" content=\"https:\/\/www.facebook.com\/macho.chic.eesti\" \/>\n<meta property=\"og:image\" content=\"https:\/\/machochic.com\/wp-content\/uploads\/2023\/06\/sulfaadivaba_noudupesuvahend_5-1.png\" \/>\n\t<meta property=\"og:image:width\" content=\"1516\" \/>\n\t<meta property=\"og:image:height\" content=\"1600\" \/>\n\t<meta property=\"og:image:type\" content=\"image\/png\" \/>\n<meta name=\"twitter:card\" content=\"summary_large_image\" \/>\n<script type=\"application\/ld+json\" class=\"yoast-schema-graph\">{\"@context\":\"https:\/\/schema.org\",\"@graph\":[{\"@type\":\"WebPage\",\"@id\":\"https:\/\/machochic.com\/et\/toode\/sulfaadivaba-noudepesuvahend\/\",\"url\":\"https:\/\/machochic.com\/et\/toode\/sulfaadivaba-noudepesuvahend\/\",\"name\":\"SULFAADIVABA N\u00d5UDEPESUVAHEND - Macho Chic\",\"isPartOf\":{\"@id\":\"https:\/\/machochic.com\/et\/#website\"},\"primaryImageOfPage\":{\"@id\":\"https:\/\/machochic.com\/et\/toode\/sulfaadivaba-noudepesuvahend\/#primaryimage\"},\"image\":{\"@id\":\"https:\/\/machochic.com\/et\/toode\/sulfaadivaba-noudepesuvahend\/#primaryimage\"},\"thumbnailUrl\":\"https:\/\/machochic.com\/wp-content\/uploads\/2023\/06\/sulfaadivaba_noudupesuvahend_5-1.png\",\"datePublished\":\"2023-06-05T13:23:53+00:00\",\"description\":\"Macho Chic | L\u00f5hnaga sulfaadivaba kontsentreeritud n\u00f5udepesuvahend.\",\"breadcrumb\":{\"@id\":\"https:\/\/machochic.com\/et\/toode\/sulfaadivaba-noudepesuvahend\/#breadcrumb\"},\"inLanguage\":\"et\",\"potentialAction\":[{\"@type\":\"ReadAction\",\"target\":[\"https:\/\/machochic.com\/et\/toode\/sulfaadivaba-noudepesuvahend\/\"]}]},{\"@type\":\"ImageObject\",\"inLanguage\":\"et\",\"@id\":\"https:\/\/machochic.com\/et\/toode\/sulfaadivaba-noudepesuvahend\/#primaryimage\",\"url\":\"https:\/\/machochic.com\/wp-content\/uploads\/2023\/06\/sulfaadivaba_noudupesuvahend_5-1.png\",\"contentUrl\":\"https:\/\/machochic.com\/wp-content\/uploads\/2023\/06\/sulfaadivaba_noudupesuvahend_5-1.png\",\"width\":1516,\"height\":1600,\"caption\":\"SULFAADIVABA N\u00d5UDEPESUVAHEND Macho Chic\"},{\"@type\":\"BreadcrumbList\",\"@id\":\"https:\/\/machochic.com\/et\/toode\/sulfaadivaba-noudepesuvahend\/#breadcrumb\",\"itemListElement\":[{\"@type\":\"ListItem\",\"position\":1,\"name\":\"Home\",\"item\":\"https:\/\/machochic.com\/et\/\"},{\"@type\":\"ListItem\",\"position\":2,\"name\":\"Shop\",\"item\":\"https:\/\/machochic.com\/shop\/\"},{\"@type\":\"ListItem\",\"position\":3,\"name\":\"SULFAADIVABA N\u00d5UDEPESUVAHEND\"}]},{\"@type\":\"WebSite\",\"@id\":\"https:\/\/machochic.com\/et\/#website\",\"url\":\"https:\/\/machochic.com\/et\/\",\"name\":\"Macho Chic\",\"description\":\"Confidence Starts with Macho Chic\",\"publisher\":{\"@id\":\"https:\/\/machochic.com\/et\/#organization\"},\"potentialAction\":[{\"@type\":\"SearchAction\",\"target\":{\"@type\":\"EntryPoint\",\"urlTemplate\":\"https:\/\/machochic.com\/et\/?s={search_term_string}\"},\"query-input\":{\"@type\":\"PropertyValueSpecification\",\"valueRequired\":true,\"valueName\":\"search_term_string\"}}],\"inLanguage\":\"et\"},{\"@type\":\"Organization\",\"@id\":\"https:\/\/machochic.com\/et\/#organization\",\"name\":\"Macho Chic\",\"url\":\"https:\/\/machochic.com\/et\/\",\"logo\":{\"@type\":\"ImageObject\",\"inLanguage\":\"et\",\"@id\":\"https:\/\/machochic.com\/et\/#\/schema\/logo\/image\/\",\"url\":\"https:\/\/machochic.com\/wp-content\/uploads\/2023\/05\/Macho-Main-Logo.svg\",\"contentUrl\":\"https:\/\/machochic.com\/wp-content\/uploads\/2023\/05\/Macho-Main-Logo.svg\",\"width\":800,\"height\":600,\"caption\":\"Macho Chic\"},\"image\":{\"@id\":\"https:\/\/machochic.com\/et\/#\/schema\/logo\/image\/\"},\"sameAs\":[\"https:\/\/www.facebook.com\/macho.chic.eesti\",\"https:\/\/www.instagram.com\/macho.chic\/\"]}]}<\/script>\n<!-- \/ Yoast SEO plugin. -->","yoast_head_json":{"title":"SULFAADIVABA N\u00d5UDEPESUVAHEND - Macho Chic","description":"Macho Chic | L\u00f5hnaga sulfaadivaba kontsentreeritud n\u00f5udepesuvahend.","robots":{"index":"index","follow":"follow","max-snippet":"max-snippet:-1","max-image-preview":"max-image-preview:large","max-video-preview":"max-video-preview:-1"},"canonical":"https:\/\/machochic.com\/et\/toode\/sulfaadivaba-noudepesuvahend\/","og_locale":"et_EE","og_type":"article","og_title":"SULFAADIVABA N\u00d5UDEPESUVAHEND - Macho Chic","og_description":"Macho Chic | L\u00f5hnaga sulfaadivaba kontsentreeritud n\u00f5udepesuvahend.","og_url":"https:\/\/machochic.com\/et\/toode\/sulfaadivaba-noudepesuvahend\/","og_site_name":"Macho Chic","article_publisher":"https:\/\/www.facebook.com\/macho.chic.eesti","og_image":[{"width":1516,"height":1600,"url":"https:\/\/machochic.com\/wp-content\/uploads\/2023\/06\/sulfaadivaba_noudupesuvahend_5-1.png","type":"image\/png"}],"twitter_card":"summary_large_image","schema":{"@context":"https:\/\/schema.org","@graph":[{"@type":"WebPage","@id":"https:\/\/machochic.com\/et\/toode\/sulfaadivaba-noudepesuvahend\/","url":"https:\/\/machochic.com\/et\/toode\/sulfaadivaba-noudepesuvahend\/","name":"SULFAADIVABA N\u00d5UDEPESUVAHEND - Macho Chic","isPartOf":{"@id":"https:\/\/machochic.com\/et\/#website"},"primaryImageOfPage":{"@id":"https:\/\/machochic.com\/et\/toode\/sulfaadivaba-noudepesuvahend\/#primaryimage"},"image":{"@id":"https:\/\/machochic.com\/et\/toode\/sulfaadivaba-noudepesuvahend\/#primaryimage"},"thumbnailUrl":"https:\/\/machochic.com\/wp-content\/uploads\/2023\/06\/sulfaadivaba_noudupesuvahend_5-1.png","datePublished":"2023-06-05T13:23:53+00:00","description":"Macho Chic | L\u00f5hnaga sulfaadivaba kontsentreeritud n\u00f5udepesuvahend.","breadcrumb":{"@id":"https:\/\/machochic.com\/et\/toode\/sulfaadivaba-noudepesuvahend\/#breadcrumb"},"inLanguage":"et","potentialAction":[{"@type":"ReadAction","target":["https:\/\/machochic.com\/et\/toode\/sulfaadivaba-noudepesuvahend\/"]}]},{"@type":"ImageObject","inLanguage":"et","@id":"https:\/\/machochic.com\/et\/toode\/sulfaadivaba-noudepesuvahend\/#primaryimage","url":"https:\/\/machochic.com\/wp-content\/uploads\/2023\/06\/sulfaadivaba_noudupesuvahend_5-1.png","contentUrl":"https:\/\/machochic.com\/wp-content\/uploads\/2023\/06\/sulfaadivaba_noudupesuvahend_5-1.png","width":1516,"height":1600,"caption":"SULFAADIVABA N\u00d5UDEPESUVAHEND Macho Chic"},{"@type":"BreadcrumbList","@id":"https:\/\/machochic.com\/et\/toode\/sulfaadivaba-noudepesuvahend\/#breadcrumb","itemListElement":[{"@type":"ListItem","position":1,"name":"Home","item":"https:\/\/machochic.com\/et\/"},{"@type":"ListItem","position":2,"name":"Shop","item":"https:\/\/machochic.com\/shop\/"},{"@type":"ListItem","position":3,"name":"SULFAADIVABA N\u00d5UDEPESUVAHEND"}]},{"@type":"WebSite","@id":"https:\/\/machochic.com\/et\/#website","url":"https:\/\/machochic.com\/et\/","name":"Macho Chic","description":"Confidence Starts with Macho Chic","publisher":{"@id":"https:\/\/machochic.com\/et\/#organization"},"potentialAction":[{"@type":"SearchAction","target":{"@type":"EntryPoint","urlTemplate":"https:\/\/machochic.com\/et\/?s={search_term_string}"},"query-input":{"@type":"PropertyValueSpecification","valueRequired":true,"valueName":"search_term_string"}}],"inLanguage":"et"},{"@type":"Organization","@id":"https:\/\/machochic.com\/et\/#organization","name":"Macho Chic","url":"https:\/\/machochic.com\/et\/","logo":{"@type":"ImageObject","inLanguage":"et","@id":"https:\/\/machochic.com\/et\/#\/schema\/logo\/image\/","url":"https:\/\/machochic.com\/wp-content\/uploads\/2023\/05\/Macho-Main-Logo.svg","contentUrl":"https:\/\/machochic.com\/wp-content\/uploads\/2023\/05\/Macho-Main-Logo.svg","width":800,"height":600,"caption":"Macho Chic"},"image":{"@id":"https:\/\/machochic.com\/et\/#\/schema\/logo\/image\/"},"sameAs":["https:\/\/www.facebook.com\/macho.chic.eesti","https:\/\/www.instagram.com\/macho.chic\/"]}]}},"_links":{"self":[{"href":"https:\/\/machochic.com\/et\/wp-json\/wp\/v2\/product\/2003","targetHints":{"allow":["GET"]}}],"collection":[{"href":"https:\/\/machochic.com\/et\/wp-json\/wp\/v2\/product"}],"about":[{"href":"https:\/\/machochic.com\/et\/wp-json\/wp\/v2\/types\/product"}],"replies":[{"embeddable":true,"href":"https:\/\/machochic.com\/et\/wp-json\/wp\/v2\/comments?post=2003"}],"wp:featuredmedia":[{"embeddable":true,"href":"https:\/\/machochic.com\/et\/wp-json\/wp\/v2\/media\/1753"}],"wp:attachment":[{"href":"https:\/\/machochic.com\/et\/wp-json\/wp\/v2\/media?parent=2003"}],"wp:term":[{"taxonomy":"product_brand","embeddable":true,"href":"https:\/\/machochic.com\/et\/wp-json\/wp\/v2\/product_brand?post=2003"},{"taxonomy":"product_cat","embeddable":true,"href":"https:\/\/machochic.com\/et\/wp-json\/wp\/v2\/product_cat?post=2003"},{"taxonomy":"product_tag","embeddable":true,"href":"https:\/\/machochic.com\/et\/wp-json\/wp\/v2\/product_tag?post=2003"}],"curies":[{"name":"wp","href":"https:\/\/api.w.org\/{rel}","templated":true}]}}