{"id":2005,"date":"2023-06-05T18:30:47","date_gmt":"2023-06-05T15:30:47","guid":{"rendered":"https:\/\/machochic.com\/product\/universaalne-puhastusvahend\/"},"modified":"2023-06-05T18:30:47","modified_gmt":"2023-06-05T15:30:47","slug":"universaalne-puhastusvahend","status":"publish","type":"product","link":"https:\/\/machochic.com\/et\/toode\/universaalne-puhastusvahend\/","title":{"rendered":"UNIVERSAALNE PUHASTUSVAHEND"},"content":{"rendered":"","protected":false},"excerpt":{"rendered":"<p><strong>KASUTUSALA:<\/strong> Universaalne puhastusvahend erinevat t\u00fc\u00fcpi mustuse eemaldamiseks.<\/p>\n<p><strong>OMADUSED:<\/strong><\/p>\n<ul>\n<li>Omab ELi \u00f6kom\u00e4rgist ECOLABEL;<\/li>\n<li>Sobib k\u00f6\u00f6gim\u00f6\u00f6bli, ahjude, laudade,seinte puhastamiseks;<\/li>\n<li>Paneb pinnad s\u00e4rama;<\/li>\n<li>Antistaatilise toimega;<\/li>\n<li>Omab easy to clean effect (puhta efekti);<\/li>\n<li>Eemaldab rasva-ja \u00f5lireostuse;<\/li>\n<li>Toode on kergesti biolagunev;<\/li>\n<li>Ei sisalda loomset p\u00e4ritolu komponente;<\/li>\n<li>Ei sisalda fosforit;<\/li>\n<li>Ei sisalda l\u00f5hnaaineidja v\u00e4rvaineid;<\/li>\n<li>Ei sisalda akr\u00fclaate.<\/li>\n<\/ul>\n<p><strong>PAKEND:<\/strong> 650ml pihusti.<\/p>\n<p><strong>PESULAHUSE KONSENTRATSIOON:<\/strong> Kasutamiseks valmis.<\/p>\n<p><strong>KASUTAMISEJUHEND: <\/strong>Kandke toode pinnale, puhastage mehaaniliselt ja kuivatage r\u00e4tikuga. \u00c4rgesegage teiste puhastusvahenditega. Toode ei ole m\u00f5eldudsuurte pindade puhastamiseks.<\/p>\n<p><strong>KOOSTIS:<\/strong>&lt;5% mitteioonsed pindaktiivsed ained.<\/p>\n<p>ToodepH 10,5.<\/p>\n<p>Ainult professionaalseks kasutamiseks.<\/p>\n","protected":false},"featured_media":1751,"comment_status":"closed","ping_status":"closed","template":"","meta":{"_acf_changed":false},"product_brand":[],"product_cat":[175],"product_tag":[189,198,186],"class_list":{"0":"post-2005","1":"product","2":"type-product","3":"status-publish","4":"has-post-thumbnail","6":"product_cat-uncategorized-et","7":"product_tag-lohnatu","8":"product_tag-pesugeel","9":"product_tag-sulfadivaba","11":"first","12":"instock","13":"taxable","14":"shipping-taxable","15":"purchasable","16":"product-type-simple","18":"catalog-layout-default","19":"columns-xs-1"},"acf":[],"yoast_head":"<!-- This site is optimized with the Yoast SEO plugin v25.6 - https:\/\/yoast.com\/wordpress\/plugins\/seo\/ -->\n<title>UNIVERSAALNE PUHASTUSVAHEND<\/title>\n<meta name=\"description\" content=\"Universaalne puhastusvahend | Universaalne puhastusvahend erinevat t\u00fc\u00fcpi mustuse eemaldamiseks.\" \/>\n<meta name=\"robots\" content=\"index, follow, max-snippet:-1, max-image-preview:large, max-video-preview:-1\" \/>\n<link rel=\"canonical\" href=\"https:\/\/machochic.com\/et\/toode\/universaalne-puhastusvahend\/\" \/>\n<meta property=\"og:locale\" content=\"et_EE\" \/>\n<meta property=\"og:type\" content=\"article\" \/>\n<meta property=\"og:title\" content=\"UNIVERSAALNE PUHASTUSVAHEND\" \/>\n<meta property=\"og:description\" content=\"Universaalne puhastusvahend | Universaalne puhastusvahend erinevat t\u00fc\u00fcpi mustuse eemaldamiseks.\" \/>\n<meta property=\"og:url\" content=\"https:\/\/machochic.com\/et\/toode\/universaalne-puhastusvahend\/\" \/>\n<meta property=\"og:site_name\" content=\"Macho Chic\" \/>\n<meta property=\"article:publisher\" content=\"https:\/\/www.facebook.com\/macho.chic.eesti\" \/>\n<meta property=\"og:image\" content=\"https:\/\/machochic.com\/wp-content\/uploads\/2023\/06\/free_washing_gel.png\" \/>\n\t<meta property=\"og:image:width\" content=\"1065\" \/>\n\t<meta property=\"og:image:height\" content=\"1148\" \/>\n\t<meta property=\"og:image:type\" content=\"image\/png\" \/>\n<meta name=\"twitter:card\" content=\"summary_large_image\" \/>\n<script type=\"application\/ld+json\" class=\"yoast-schema-graph\">{\"@context\":\"https:\/\/schema.org\",\"@graph\":[{\"@type\":\"WebPage\",\"@id\":\"https:\/\/machochic.com\/et\/toode\/universaalne-puhastusvahend\/\",\"url\":\"https:\/\/machochic.com\/et\/toode\/universaalne-puhastusvahend\/\",\"name\":\"UNIVERSAALNE PUHASTUSVAHEND\",\"isPartOf\":{\"@id\":\"https:\/\/machochic.com\/et\/#website\"},\"primaryImageOfPage\":{\"@id\":\"https:\/\/machochic.com\/et\/toode\/universaalne-puhastusvahend\/#primaryimage\"},\"image\":{\"@id\":\"https:\/\/machochic.com\/et\/toode\/universaalne-puhastusvahend\/#primaryimage\"},\"thumbnailUrl\":\"https:\/\/machochic.com\/wp-content\/uploads\/2023\/06\/free_washing_gel.png\",\"datePublished\":\"2023-06-05T15:30:47+00:00\",\"description\":\"Universaalne puhastusvahend | Universaalne puhastusvahend erinevat t\u00fc\u00fcpi mustuse eemaldamiseks.\",\"breadcrumb\":{\"@id\":\"https:\/\/machochic.com\/et\/toode\/universaalne-puhastusvahend\/#breadcrumb\"},\"inLanguage\":\"et\",\"potentialAction\":[{\"@type\":\"ReadAction\",\"target\":[\"https:\/\/machochic.com\/et\/toode\/universaalne-puhastusvahend\/\"]}]},{\"@type\":\"ImageObject\",\"inLanguage\":\"et\",\"@id\":\"https:\/\/machochic.com\/et\/toode\/universaalne-puhastusvahend\/#primaryimage\",\"url\":\"https:\/\/machochic.com\/wp-content\/uploads\/2023\/06\/free_washing_gel.png\",\"contentUrl\":\"https:\/\/machochic.com\/wp-content\/uploads\/2023\/06\/free_washing_gel.png\",\"width\":1065,\"height\":1148,\"caption\":\"UNIVERSAALNE PUHASTUSVAHEND Macho Chic\"},{\"@type\":\"BreadcrumbList\",\"@id\":\"https:\/\/machochic.com\/et\/toode\/universaalne-puhastusvahend\/#breadcrumb\",\"itemListElement\":[{\"@type\":\"ListItem\",\"position\":1,\"name\":\"Home\",\"item\":\"https:\/\/machochic.com\/et\/\"},{\"@type\":\"ListItem\",\"position\":2,\"name\":\"Shop\",\"item\":\"https:\/\/machochic.com\/shop\/\"},{\"@type\":\"ListItem\",\"position\":3,\"name\":\"UNIVERSAALNE PUHASTUSVAHEND\"}]},{\"@type\":\"WebSite\",\"@id\":\"https:\/\/machochic.com\/et\/#website\",\"url\":\"https:\/\/machochic.com\/et\/\",\"name\":\"Macho Chic\",\"description\":\"Confidence Starts with Macho Chic\",\"publisher\":{\"@id\":\"https:\/\/machochic.com\/et\/#organization\"},\"potentialAction\":[{\"@type\":\"SearchAction\",\"target\":{\"@type\":\"EntryPoint\",\"urlTemplate\":\"https:\/\/machochic.com\/et\/?s={search_term_string}\"},\"query-input\":{\"@type\":\"PropertyValueSpecification\",\"valueRequired\":true,\"valueName\":\"search_term_string\"}}],\"inLanguage\":\"et\"},{\"@type\":\"Organization\",\"@id\":\"https:\/\/machochic.com\/et\/#organization\",\"name\":\"Macho Chic\",\"url\":\"https:\/\/machochic.com\/et\/\",\"logo\":{\"@type\":\"ImageObject\",\"inLanguage\":\"et\",\"@id\":\"https:\/\/machochic.com\/et\/#\/schema\/logo\/image\/\",\"url\":\"https:\/\/machochic.com\/wp-content\/uploads\/2023\/05\/Macho-Main-Logo.svg\",\"contentUrl\":\"https:\/\/machochic.com\/wp-content\/uploads\/2023\/05\/Macho-Main-Logo.svg\",\"width\":800,\"height\":600,\"caption\":\"Macho Chic\"},\"image\":{\"@id\":\"https:\/\/machochic.com\/et\/#\/schema\/logo\/image\/\"},\"sameAs\":[\"https:\/\/www.facebook.com\/macho.chic.eesti\",\"https:\/\/www.instagram.com\/macho.chic\/\"]}]}<\/script>\n<!-- \/ Yoast SEO plugin. -->","yoast_head_json":{"title":"UNIVERSAALNE PUHASTUSVAHEND","description":"Universaalne puhastusvahend | Universaalne puhastusvahend erinevat t\u00fc\u00fcpi mustuse eemaldamiseks.","robots":{"index":"index","follow":"follow","max-snippet":"max-snippet:-1","max-image-preview":"max-image-preview:large","max-video-preview":"max-video-preview:-1"},"canonical":"https:\/\/machochic.com\/et\/toode\/universaalne-puhastusvahend\/","og_locale":"et_EE","og_type":"article","og_title":"UNIVERSAALNE PUHASTUSVAHEND","og_description":"Universaalne puhastusvahend | Universaalne puhastusvahend erinevat t\u00fc\u00fcpi mustuse eemaldamiseks.","og_url":"https:\/\/machochic.com\/et\/toode\/universaalne-puhastusvahend\/","og_site_name":"Macho Chic","article_publisher":"https:\/\/www.facebook.com\/macho.chic.eesti","og_image":[{"width":1065,"height":1148,"url":"https:\/\/machochic.com\/wp-content\/uploads\/2023\/06\/free_washing_gel.png","type":"image\/png"}],"twitter_card":"summary_large_image","schema":{"@context":"https:\/\/schema.org","@graph":[{"@type":"WebPage","@id":"https:\/\/machochic.com\/et\/toode\/universaalne-puhastusvahend\/","url":"https:\/\/machochic.com\/et\/toode\/universaalne-puhastusvahend\/","name":"UNIVERSAALNE PUHASTUSVAHEND","isPartOf":{"@id":"https:\/\/machochic.com\/et\/#website"},"primaryImageOfPage":{"@id":"https:\/\/machochic.com\/et\/toode\/universaalne-puhastusvahend\/#primaryimage"},"image":{"@id":"https:\/\/machochic.com\/et\/toode\/universaalne-puhastusvahend\/#primaryimage"},"thumbnailUrl":"https:\/\/machochic.com\/wp-content\/uploads\/2023\/06\/free_washing_gel.png","datePublished":"2023-06-05T15:30:47+00:00","description":"Universaalne puhastusvahend | Universaalne puhastusvahend erinevat t\u00fc\u00fcpi mustuse eemaldamiseks.","breadcrumb":{"@id":"https:\/\/machochic.com\/et\/toode\/universaalne-puhastusvahend\/#breadcrumb"},"inLanguage":"et","potentialAction":[{"@type":"ReadAction","target":["https:\/\/machochic.com\/et\/toode\/universaalne-puhastusvahend\/"]}]},{"@type":"ImageObject","inLanguage":"et","@id":"https:\/\/machochic.com\/et\/toode\/universaalne-puhastusvahend\/#primaryimage","url":"https:\/\/machochic.com\/wp-content\/uploads\/2023\/06\/free_washing_gel.png","contentUrl":"https:\/\/machochic.com\/wp-content\/uploads\/2023\/06\/free_washing_gel.png","width":1065,"height":1148,"caption":"UNIVERSAALNE PUHASTUSVAHEND Macho Chic"},{"@type":"BreadcrumbList","@id":"https:\/\/machochic.com\/et\/toode\/universaalne-puhastusvahend\/#breadcrumb","itemListElement":[{"@type":"ListItem","position":1,"name":"Home","item":"https:\/\/machochic.com\/et\/"},{"@type":"ListItem","position":2,"name":"Shop","item":"https:\/\/machochic.com\/shop\/"},{"@type":"ListItem","position":3,"name":"UNIVERSAALNE PUHASTUSVAHEND"}]},{"@type":"WebSite","@id":"https:\/\/machochic.com\/et\/#website","url":"https:\/\/machochic.com\/et\/","name":"Macho Chic","description":"Confidence Starts with Macho Chic","publisher":{"@id":"https:\/\/machochic.com\/et\/#organization"},"potentialAction":[{"@type":"SearchAction","target":{"@type":"EntryPoint","urlTemplate":"https:\/\/machochic.com\/et\/?s={search_term_string}"},"query-input":{"@type":"PropertyValueSpecification","valueRequired":true,"valueName":"search_term_string"}}],"inLanguage":"et"},{"@type":"Organization","@id":"https:\/\/machochic.com\/et\/#organization","name":"Macho Chic","url":"https:\/\/machochic.com\/et\/","logo":{"@type":"ImageObject","inLanguage":"et","@id":"https:\/\/machochic.com\/et\/#\/schema\/logo\/image\/","url":"https:\/\/machochic.com\/wp-content\/uploads\/2023\/05\/Macho-Main-Logo.svg","contentUrl":"https:\/\/machochic.com\/wp-content\/uploads\/2023\/05\/Macho-Main-Logo.svg","width":800,"height":600,"caption":"Macho Chic"},"image":{"@id":"https:\/\/machochic.com\/et\/#\/schema\/logo\/image\/"},"sameAs":["https:\/\/www.facebook.com\/macho.chic.eesti","https:\/\/www.instagram.com\/macho.chic\/"]}]}},"_links":{"self":[{"href":"https:\/\/machochic.com\/et\/wp-json\/wp\/v2\/product\/2005","targetHints":{"allow":["GET"]}}],"collection":[{"href":"https:\/\/machochic.com\/et\/wp-json\/wp\/v2\/product"}],"about":[{"href":"https:\/\/machochic.com\/et\/wp-json\/wp\/v2\/types\/product"}],"replies":[{"embeddable":true,"href":"https:\/\/machochic.com\/et\/wp-json\/wp\/v2\/comments?post=2005"}],"wp:featuredmedia":[{"embeddable":true,"href":"https:\/\/machochic.com\/et\/wp-json\/wp\/v2\/media\/1751"}],"wp:attachment":[{"href":"https:\/\/machochic.com\/et\/wp-json\/wp\/v2\/media?parent=2005"}],"wp:term":[{"taxonomy":"product_brand","embeddable":true,"href":"https:\/\/machochic.com\/et\/wp-json\/wp\/v2\/product_brand?post=2005"},{"taxonomy":"product_cat","embeddable":true,"href":"https:\/\/machochic.com\/et\/wp-json\/wp\/v2\/product_cat?post=2005"},{"taxonomy":"product_tag","embeddable":true,"href":"https:\/\/machochic.com\/et\/wp-json\/wp\/v2\/product_tag?post=2005"}],"curies":[{"name":"wp","href":"https:\/\/api.w.org\/{rel}","templated":true}]}}