{"id":2007,"date":"2023-06-05T20:45:53","date_gmt":"2023-06-05T17:45:53","guid":{"rendered":"https:\/\/machochic.com\/product\/sulfaadivaba-vedelseep-lohnatu\/"},"modified":"2023-06-05T20:45:53","modified_gmt":"2023-06-05T17:45:53","slug":"sulfaadivaba-vedelseep-lohnatu","status":"publish","type":"product","link":"https:\/\/machochic.com\/et\/toode\/sulfaadivaba-vedelseep-lohnatu\/","title":{"rendered":"SULFAADIVABA VEDELSEEP (l\u00f5hnatu)"},"content":{"rendered":"","protected":false},"excerpt":{"rendered":"<p><strong>KASUTUSALA:<\/strong> L\u00f5hnatu vedelseep.<\/p>\n<p><strong>OMADUSED:<\/strong><\/p>\n<ul>\n<li>Koostis vastab EL \u00f6kom\u00e4rgise ECOLABEL kriteeriumidele;<\/li>\n<li>Puhastab nahka t\u00f5husalt;<\/li>\n<li>Kompositsiooni moodustavadkomponendid pehmendavad nahka;<\/li>\n<li>Ei sisalda l\u00f5hna-ja v\u00e4rvaineid;<\/li>\n<li>Sobib toiduainet\u00f6\u00f6stuse ettev\u00f5tetele;<\/li>\n<li>Kergesti biolagunev;<\/li>\n<li>Ei sisalda isotialisasiooni t\u00fc\u00fcbi konservanti ja tema tuletised: MIT\/BIT;<\/li>\n<li>Ei sisalda loomset p\u00e4ritolu komponente;<\/li>\n<li>Ei sisalda akr\u00fclaate.<\/li>\n<\/ul>\n<p><strong>PAKEND:<\/strong> 500ml pudel.<\/p>\n<p><strong>PESULAHUSE KONSENTRATSIOON<\/strong>: Kasutamiseks valmis.<\/p>\n<p><strong>Koostisosad:<\/strong> Aqua, Disodium laureth sulfosuccinate, Disodium lauryl sulfosuccinate, PotassiumCocoate, PEG-4 Rapeseedamide, Cocamidopropyl betaine, Glycerin, Sodium Chloride,Phenoxyethanol, Sodium Benzoate, Citric acid.<\/p>\n<p><strong>Toote pH 5,5<\/strong><\/p>\n","protected":false},"featured_media":1748,"comment_status":"closed","ping_status":"closed","template":"","meta":{"_acf_changed":false},"product_brand":[],"product_cat":[175],"product_tag":[189,201,186,200],"class_list":{"0":"post-2007","1":"product","2":"type-product","3":"status-publish","4":"has-post-thumbnail","6":"product_cat-uncategorized-et","7":"product_tag-lohnatu","8":"product_tag-populaarne","9":"product_tag-sulfadivaba","10":"product_tag-vedel-seep","12":"first","13":"instock","14":"taxable","15":"shipping-taxable","16":"purchasable","17":"product-type-simple","19":"catalog-layout-default","20":"columns-xs-1"},"acf":[],"yoast_head":"<!-- This site is optimized with the Yoast SEO plugin v25.6 - https:\/\/yoast.com\/wordpress\/plugins\/seo\/ -->\n<title>SULFAADIVABA VEDELSEEP (l\u00f5hnatu)<\/title>\n<meta name=\"description\" content=\"SULFAADIVABA VEDELSEEP | Koostis vastab EL \u00f6kom\u00e4rgise ECOLABEL kriteeriumidele.\" \/>\n<meta name=\"robots\" content=\"index, follow, max-snippet:-1, max-image-preview:large, max-video-preview:-1\" \/>\n<link rel=\"canonical\" href=\"https:\/\/machochic.com\/et\/toode\/sulfaadivaba-vedelseep-lohnatu\/\" \/>\n<meta property=\"og:locale\" content=\"et_EE\" \/>\n<meta property=\"og:type\" content=\"article\" \/>\n<meta property=\"og:title\" content=\"SULFAADIVABA VEDELSEEP (l\u00f5hnatu)\" \/>\n<meta property=\"og:description\" content=\"SULFAADIVABA VEDELSEEP | Koostis vastab EL \u00f6kom\u00e4rgise ECOLABEL kriteeriumidele.\" \/>\n<meta property=\"og:url\" content=\"https:\/\/machochic.com\/et\/toode\/sulfaadivaba-vedelseep-lohnatu\/\" \/>\n<meta property=\"og:site_name\" content=\"Macho Chic\" \/>\n<meta property=\"article:publisher\" content=\"https:\/\/www.facebook.com\/macho.chic.eesti\" \/>\n<meta property=\"og:image\" content=\"https:\/\/machochic.com\/wp-content\/uploads\/2023\/06\/sulfaadivaba_vedelseep_50cl-1.png\" \/>\n\t<meta property=\"og:image:width\" content=\"1565\" \/>\n\t<meta property=\"og:image:height\" content=\"1600\" \/>\n\t<meta property=\"og:image:type\" content=\"image\/png\" \/>\n<meta name=\"twitter:card\" content=\"summary_large_image\" \/>\n<script type=\"application\/ld+json\" class=\"yoast-schema-graph\">{\"@context\":\"https:\/\/schema.org\",\"@graph\":[{\"@type\":\"WebPage\",\"@id\":\"https:\/\/machochic.com\/et\/toode\/sulfaadivaba-vedelseep-lohnatu\/\",\"url\":\"https:\/\/machochic.com\/et\/toode\/sulfaadivaba-vedelseep-lohnatu\/\",\"name\":\"SULFAADIVABA VEDELSEEP (l\u00f5hnatu)\",\"isPartOf\":{\"@id\":\"https:\/\/machochic.com\/et\/#website\"},\"primaryImageOfPage\":{\"@id\":\"https:\/\/machochic.com\/et\/toode\/sulfaadivaba-vedelseep-lohnatu\/#primaryimage\"},\"image\":{\"@id\":\"https:\/\/machochic.com\/et\/toode\/sulfaadivaba-vedelseep-lohnatu\/#primaryimage\"},\"thumbnailUrl\":\"https:\/\/machochic.com\/wp-content\/uploads\/2023\/06\/sulfaadivaba_vedelseep_50cl-1.png\",\"datePublished\":\"2023-06-05T17:45:53+00:00\",\"description\":\"SULFAADIVABA VEDELSEEP | Koostis vastab EL \u00f6kom\u00e4rgise ECOLABEL kriteeriumidele.\",\"breadcrumb\":{\"@id\":\"https:\/\/machochic.com\/et\/toode\/sulfaadivaba-vedelseep-lohnatu\/#breadcrumb\"},\"inLanguage\":\"et\",\"potentialAction\":[{\"@type\":\"ReadAction\",\"target\":[\"https:\/\/machochic.com\/et\/toode\/sulfaadivaba-vedelseep-lohnatu\/\"]}]},{\"@type\":\"ImageObject\",\"inLanguage\":\"et\",\"@id\":\"https:\/\/machochic.com\/et\/toode\/sulfaadivaba-vedelseep-lohnatu\/#primaryimage\",\"url\":\"https:\/\/machochic.com\/wp-content\/uploads\/2023\/06\/sulfaadivaba_vedelseep_50cl-1.png\",\"contentUrl\":\"https:\/\/machochic.com\/wp-content\/uploads\/2023\/06\/sulfaadivaba_vedelseep_50cl-1.png\",\"width\":1565,\"height\":1600,\"caption\":\"The product is a liquid soap without sulfates.\"},{\"@type\":\"BreadcrumbList\",\"@id\":\"https:\/\/machochic.com\/et\/toode\/sulfaadivaba-vedelseep-lohnatu\/#breadcrumb\",\"itemListElement\":[{\"@type\":\"ListItem\",\"position\":1,\"name\":\"Home\",\"item\":\"https:\/\/machochic.com\/et\/\"},{\"@type\":\"ListItem\",\"position\":2,\"name\":\"Shop\",\"item\":\"https:\/\/machochic.com\/shop\/\"},{\"@type\":\"ListItem\",\"position\":3,\"name\":\"SULFAADIVABA VEDELSEEP (l\u00f5hnatu)\"}]},{\"@type\":\"WebSite\",\"@id\":\"https:\/\/machochic.com\/et\/#website\",\"url\":\"https:\/\/machochic.com\/et\/\",\"name\":\"Macho Chic\",\"description\":\"Confidence Starts with Macho Chic\",\"publisher\":{\"@id\":\"https:\/\/machochic.com\/et\/#organization\"},\"potentialAction\":[{\"@type\":\"SearchAction\",\"target\":{\"@type\":\"EntryPoint\",\"urlTemplate\":\"https:\/\/machochic.com\/et\/?s={search_term_string}\"},\"query-input\":{\"@type\":\"PropertyValueSpecification\",\"valueRequired\":true,\"valueName\":\"search_term_string\"}}],\"inLanguage\":\"et\"},{\"@type\":\"Organization\",\"@id\":\"https:\/\/machochic.com\/et\/#organization\",\"name\":\"Macho Chic\",\"url\":\"https:\/\/machochic.com\/et\/\",\"logo\":{\"@type\":\"ImageObject\",\"inLanguage\":\"et\",\"@id\":\"https:\/\/machochic.com\/et\/#\/schema\/logo\/image\/\",\"url\":\"https:\/\/machochic.com\/wp-content\/uploads\/2023\/05\/Macho-Main-Logo.svg\",\"contentUrl\":\"https:\/\/machochic.com\/wp-content\/uploads\/2023\/05\/Macho-Main-Logo.svg\",\"width\":800,\"height\":600,\"caption\":\"Macho Chic\"},\"image\":{\"@id\":\"https:\/\/machochic.com\/et\/#\/schema\/logo\/image\/\"},\"sameAs\":[\"https:\/\/www.facebook.com\/macho.chic.eesti\",\"https:\/\/www.instagram.com\/macho.chic\/\"]}]}<\/script>\n<!-- \/ Yoast SEO plugin. -->","yoast_head_json":{"title":"SULFAADIVABA VEDELSEEP (l\u00f5hnatu)","description":"SULFAADIVABA VEDELSEEP | Koostis vastab EL \u00f6kom\u00e4rgise ECOLABEL kriteeriumidele.","robots":{"index":"index","follow":"follow","max-snippet":"max-snippet:-1","max-image-preview":"max-image-preview:large","max-video-preview":"max-video-preview:-1"},"canonical":"https:\/\/machochic.com\/et\/toode\/sulfaadivaba-vedelseep-lohnatu\/","og_locale":"et_EE","og_type":"article","og_title":"SULFAADIVABA VEDELSEEP (l\u00f5hnatu)","og_description":"SULFAADIVABA VEDELSEEP | Koostis vastab EL \u00f6kom\u00e4rgise ECOLABEL kriteeriumidele.","og_url":"https:\/\/machochic.com\/et\/toode\/sulfaadivaba-vedelseep-lohnatu\/","og_site_name":"Macho Chic","article_publisher":"https:\/\/www.facebook.com\/macho.chic.eesti","og_image":[{"width":1565,"height":1600,"url":"https:\/\/machochic.com\/wp-content\/uploads\/2023\/06\/sulfaadivaba_vedelseep_50cl-1.png","type":"image\/png"}],"twitter_card":"summary_large_image","schema":{"@context":"https:\/\/schema.org","@graph":[{"@type":"WebPage","@id":"https:\/\/machochic.com\/et\/toode\/sulfaadivaba-vedelseep-lohnatu\/","url":"https:\/\/machochic.com\/et\/toode\/sulfaadivaba-vedelseep-lohnatu\/","name":"SULFAADIVABA VEDELSEEP (l\u00f5hnatu)","isPartOf":{"@id":"https:\/\/machochic.com\/et\/#website"},"primaryImageOfPage":{"@id":"https:\/\/machochic.com\/et\/toode\/sulfaadivaba-vedelseep-lohnatu\/#primaryimage"},"image":{"@id":"https:\/\/machochic.com\/et\/toode\/sulfaadivaba-vedelseep-lohnatu\/#primaryimage"},"thumbnailUrl":"https:\/\/machochic.com\/wp-content\/uploads\/2023\/06\/sulfaadivaba_vedelseep_50cl-1.png","datePublished":"2023-06-05T17:45:53+00:00","description":"SULFAADIVABA VEDELSEEP | Koostis vastab EL \u00f6kom\u00e4rgise ECOLABEL kriteeriumidele.","breadcrumb":{"@id":"https:\/\/machochic.com\/et\/toode\/sulfaadivaba-vedelseep-lohnatu\/#breadcrumb"},"inLanguage":"et","potentialAction":[{"@type":"ReadAction","target":["https:\/\/machochic.com\/et\/toode\/sulfaadivaba-vedelseep-lohnatu\/"]}]},{"@type":"ImageObject","inLanguage":"et","@id":"https:\/\/machochic.com\/et\/toode\/sulfaadivaba-vedelseep-lohnatu\/#primaryimage","url":"https:\/\/machochic.com\/wp-content\/uploads\/2023\/06\/sulfaadivaba_vedelseep_50cl-1.png","contentUrl":"https:\/\/machochic.com\/wp-content\/uploads\/2023\/06\/sulfaadivaba_vedelseep_50cl-1.png","width":1565,"height":1600,"caption":"The product is a liquid soap without sulfates."},{"@type":"BreadcrumbList","@id":"https:\/\/machochic.com\/et\/toode\/sulfaadivaba-vedelseep-lohnatu\/#breadcrumb","itemListElement":[{"@type":"ListItem","position":1,"name":"Home","item":"https:\/\/machochic.com\/et\/"},{"@type":"ListItem","position":2,"name":"Shop","item":"https:\/\/machochic.com\/shop\/"},{"@type":"ListItem","position":3,"name":"SULFAADIVABA VEDELSEEP (l\u00f5hnatu)"}]},{"@type":"WebSite","@id":"https:\/\/machochic.com\/et\/#website","url":"https:\/\/machochic.com\/et\/","name":"Macho Chic","description":"Confidence Starts with Macho Chic","publisher":{"@id":"https:\/\/machochic.com\/et\/#organization"},"potentialAction":[{"@type":"SearchAction","target":{"@type":"EntryPoint","urlTemplate":"https:\/\/machochic.com\/et\/?s={search_term_string}"},"query-input":{"@type":"PropertyValueSpecification","valueRequired":true,"valueName":"search_term_string"}}],"inLanguage":"et"},{"@type":"Organization","@id":"https:\/\/machochic.com\/et\/#organization","name":"Macho Chic","url":"https:\/\/machochic.com\/et\/","logo":{"@type":"ImageObject","inLanguage":"et","@id":"https:\/\/machochic.com\/et\/#\/schema\/logo\/image\/","url":"https:\/\/machochic.com\/wp-content\/uploads\/2023\/05\/Macho-Main-Logo.svg","contentUrl":"https:\/\/machochic.com\/wp-content\/uploads\/2023\/05\/Macho-Main-Logo.svg","width":800,"height":600,"caption":"Macho Chic"},"image":{"@id":"https:\/\/machochic.com\/et\/#\/schema\/logo\/image\/"},"sameAs":["https:\/\/www.facebook.com\/macho.chic.eesti","https:\/\/www.instagram.com\/macho.chic\/"]}]}},"_links":{"self":[{"href":"https:\/\/machochic.com\/et\/wp-json\/wp\/v2\/product\/2007","targetHints":{"allow":["GET"]}}],"collection":[{"href":"https:\/\/machochic.com\/et\/wp-json\/wp\/v2\/product"}],"about":[{"href":"https:\/\/machochic.com\/et\/wp-json\/wp\/v2\/types\/product"}],"replies":[{"embeddable":true,"href":"https:\/\/machochic.com\/et\/wp-json\/wp\/v2\/comments?post=2007"}],"wp:featuredmedia":[{"embeddable":true,"href":"https:\/\/machochic.com\/et\/wp-json\/wp\/v2\/media\/1748"}],"wp:attachment":[{"href":"https:\/\/machochic.com\/et\/wp-json\/wp\/v2\/media?parent=2007"}],"wp:term":[{"taxonomy":"product_brand","embeddable":true,"href":"https:\/\/machochic.com\/et\/wp-json\/wp\/v2\/product_brand?post=2007"},{"taxonomy":"product_cat","embeddable":true,"href":"https:\/\/machochic.com\/et\/wp-json\/wp\/v2\/product_cat?post=2007"},{"taxonomy":"product_tag","embeddable":true,"href":"https:\/\/machochic.com\/et\/wp-json\/wp\/v2\/product_tag?post=2007"}],"curies":[{"name":"wp","href":"https:\/\/api.w.org\/{rel}","templated":true}]}}