{"id":2008,"date":"2023-06-05T20:52:23","date_gmt":"2023-06-05T17:52:23","guid":{"rendered":"https:\/\/machochic.com\/product\/sulfaadivaba-pesugeel\/"},"modified":"2023-06-05T20:52:23","modified_gmt":"2023-06-05T17:52:23","slug":"sulfaadivaba-pesugeel","status":"publish","type":"product","link":"https:\/\/machochic.com\/et\/toode\/sulfaadivaba-pesugeel\/","title":{"rendered":"SULFAADIVABA PESUGEEL"},"content":{"rendered":"","protected":false},"excerpt":{"rendered":"<p><strong>KASUTUSALA:<\/strong> Sulfaadivaba pesugeel.<\/p>\n<p><strong>OMADUSED:<\/strong><\/p>\n<ul>\n<li>Koostis vastab EL \u00f6kom\u00e4rgise ECOLABEL kriteeriumidele;<\/li>\n<li>\u00d6konoomne;<\/li>\n<li>T\u00e4nu uuenduslikule koostisele pestakse ainekergesti riidest v\u00e4lja;<\/li>\n<li>Eemaldab suurep\u00e4raselt mustuse ja erinevat t\u00fc\u00fcpi plekid;<\/li>\n<li>Sobib valgele ja v\u00e4rvilisele pesule;<\/li>\n<li>S\u00e4ilitab v\u00e4rvide ereduse;<\/li>\n<li>Annab pesule pehmust;<\/li>\n<li>Kergesti biolagunev;<\/li>\n<li>Ei sisalda loomset p\u00e4ritolu komponente;<\/li>\n<li>Ei sisalda fosforit;<\/li>\n<li>Ei sisalda akr\u00fclaate;<\/li>\n<li>Ei sisalda v\u00e4rv-ja l\u00f5hnaaineid;<\/li>\n<li>Ei sisalda sulfaate;<\/li>\n<li>Ei sisalda SLS\/SLES.<\/li>\n<\/ul>\n<p><strong>PAKEND:<\/strong> 2L eripudel.<\/p>\n<p><strong>KASUTAMISEJUHEND<\/strong>: M\u00f5eldudvalgete ja v\u00e4rviliste riiete pesemiseks. Sobib kasutamisekspesumasinas v\u00f5i k\u00e4sitsi temperatuuril 30\u201390 \u030aC. Pesugeel sisaldab koostisosi v\u00e4rvi kaitseks, annablinale pehmuse ja siidisuse. Toode ei sisalda loputusvahendit, valgendit, tseoliiti, fosfaat\u00fchendeid,l\u00f5hnaained ega v\u00e4rvained.<br \/>\n<strong>Doseerida<\/strong> vastavalt juhendile pesumasina etten\u00e4htud pesuvahendi sahtlisse. J\u00e4rgige r\u00f5ivatootjatepesujuhiseid.Mitte kasutada pesuvahendit villa ja siidi puhul.<\/p>\n<p>Keskmine kulu 56ml (1 korgit\u00e4is) \/4,5kg kuivapesu kohta<\/p>\n<table>\n<tbody>\n<tr>\n<th>Vee karedus<\/th>\n<th>V\u00e4he m\u00e4\u00e4rdunud tekstiil<\/th>\n<th>Keskmiselt m\u00e4\u00e4rdunud tekstiil<\/th>\n<th>M\u00e4\u00e4rdunud tekstiil<\/th>\n<\/tr>\n<tr>\n<td>&lt;6\u00b0dH<\/td>\n<td>36ml\/5kg<\/td>\n<td>45ml\/5kg<\/td>\n<td>56ml\/5kg<\/td>\n<\/tr>\n<tr>\n<td>6-14\u00b0dH<\/td>\n<td>45ml\/5kg<\/td>\n<td>56ml\/5kg<\/td>\n<td>60ml\/5kg<\/td>\n<\/tr>\n<tr>\n<td>&gt;14\u00b0dH<\/td>\n<td>56ml\/5kg<\/td>\n<td>60ml\/5kg<\/td>\n<td>70ml\/5kg<\/td>\n<\/tr>\n<\/tbody>\n<\/table>\n<p>Vee karedus<br \/>\n&lt;6\u00b0dH-pehme vesi<br \/>\n6-14\u00b0dH-keskmiselt kare vesi<br \/>\n&gt;14\u00b0dH-karevesi<\/p>\n<p><strong>KOOSTIS:<\/strong> 5\u201315% anioonsed pindaktiivsed ained, &lt;5% mitteioonsed pindaktiivsed ained, &lt;5% seep,ens\u00fc\u00fcmid.<\/p>\n<p><strong>Toote pH 8,5<\/strong><\/p>\n","protected":false},"featured_media":1749,"comment_status":"closed","ping_status":"closed","template":"","meta":{"_acf_changed":false},"product_brand":[],"product_cat":[175],"product_tag":[189,205,186],"class_list":{"0":"post-2008","1":"product","2":"type-product","3":"status-publish","4":"has-post-thumbnail","6":"product_cat-uncategorized-et","7":"product_tag-lohnatu","8":"product_tag-puhastusvahend-et","9":"product_tag-sulfadivaba","11":"first","12":"instock","13":"taxable","14":"shipping-taxable","15":"purchasable","16":"product-type-simple","18":"catalog-layout-default","19":"columns-xs-1"},"acf":[],"yoast_head":"<!-- This site is optimized with the Yoast SEO plugin v25.6 - https:\/\/yoast.com\/wordpress\/plugins\/seo\/ -->\n<title>SULFAADIVABA PESUGEEL - Macho Chic<\/title>\n<meta name=\"description\" content=\"SULFAADIVABA PESUGEEL | Sobib kasutamisekspesumasinas v\u00f5i k\u00e4sitsi temperatuuril 30\u201390 \u030aC.\" \/>\n<meta name=\"robots\" content=\"index, follow, max-snippet:-1, max-image-preview:large, max-video-preview:-1\" \/>\n<link rel=\"canonical\" href=\"https:\/\/machochic.com\/et\/toode\/sulfaadivaba-pesugeel\/\" \/>\n<meta property=\"og:locale\" content=\"et_EE\" \/>\n<meta property=\"og:type\" content=\"article\" \/>\n<meta property=\"og:title\" content=\"SULFAADIVABA PESUGEEL - Macho Chic\" \/>\n<meta property=\"og:description\" content=\"SULFAADIVABA PESUGEEL | Sobib kasutamisekspesumasinas v\u00f5i k\u00e4sitsi temperatuuril 30\u201390 \u030aC.\" \/>\n<meta property=\"og:url\" content=\"https:\/\/machochic.com\/et\/toode\/sulfaadivaba-pesugeel\/\" \/>\n<meta property=\"og:site_name\" content=\"Macho Chic\" \/>\n<meta property=\"article:publisher\" content=\"https:\/\/www.facebook.com\/macho.chic.eesti\" \/>\n<meta property=\"og:image\" content=\"https:\/\/machochic.com\/wp-content\/uploads\/2023\/06\/ALL-PURPOSE-CLEANER-e1686253383253.png\" \/>\n\t<meta property=\"og:image:width\" content=\"940\" \/>\n\t<meta property=\"og:image:height\" content=\"925\" \/>\n\t<meta property=\"og:image:type\" content=\"image\/png\" \/>\n<meta name=\"twitter:card\" content=\"summary_large_image\" \/>\n<script type=\"application\/ld+json\" class=\"yoast-schema-graph\">{\"@context\":\"https:\/\/schema.org\",\"@graph\":[{\"@type\":\"WebPage\",\"@id\":\"https:\/\/machochic.com\/et\/toode\/sulfaadivaba-pesugeel\/\",\"url\":\"https:\/\/machochic.com\/et\/toode\/sulfaadivaba-pesugeel\/\",\"name\":\"SULFAADIVABA PESUGEEL - Macho Chic\",\"isPartOf\":{\"@id\":\"https:\/\/machochic.com\/et\/#website\"},\"primaryImageOfPage\":{\"@id\":\"https:\/\/machochic.com\/et\/toode\/sulfaadivaba-pesugeel\/#primaryimage\"},\"image\":{\"@id\":\"https:\/\/machochic.com\/et\/toode\/sulfaadivaba-pesugeel\/#primaryimage\"},\"thumbnailUrl\":\"https:\/\/machochic.com\/wp-content\/uploads\/2023\/06\/ALL-PURPOSE-CLEANER-e1686253383253.png\",\"datePublished\":\"2023-06-05T17:52:23+00:00\",\"description\":\"SULFAADIVABA PESUGEEL | Sobib kasutamisekspesumasinas v\u00f5i k\u00e4sitsi temperatuuril 30\u201390 \u030aC.\",\"breadcrumb\":{\"@id\":\"https:\/\/machochic.com\/et\/toode\/sulfaadivaba-pesugeel\/#breadcrumb\"},\"inLanguage\":\"et\",\"potentialAction\":[{\"@type\":\"ReadAction\",\"target\":[\"https:\/\/machochic.com\/et\/toode\/sulfaadivaba-pesugeel\/\"]}]},{\"@type\":\"ImageObject\",\"inLanguage\":\"et\",\"@id\":\"https:\/\/machochic.com\/et\/toode\/sulfaadivaba-pesugeel\/#primaryimage\",\"url\":\"https:\/\/machochic.com\/wp-content\/uploads\/2023\/06\/ALL-PURPOSE-CLEANER-e1686253383253.png\",\"contentUrl\":\"https:\/\/machochic.com\/wp-content\/uploads\/2023\/06\/ALL-PURPOSE-CLEANER-e1686253383253.png\",\"width\":940,\"height\":925,\"caption\":\"SULFAADIVABA PESUGEEL\"},{\"@type\":\"BreadcrumbList\",\"@id\":\"https:\/\/machochic.com\/et\/toode\/sulfaadivaba-pesugeel\/#breadcrumb\",\"itemListElement\":[{\"@type\":\"ListItem\",\"position\":1,\"name\":\"Home\",\"item\":\"https:\/\/machochic.com\/et\/\"},{\"@type\":\"ListItem\",\"position\":2,\"name\":\"Shop\",\"item\":\"https:\/\/machochic.com\/shop\/\"},{\"@type\":\"ListItem\",\"position\":3,\"name\":\"SULFAADIVABA PESUGEEL\"}]},{\"@type\":\"WebSite\",\"@id\":\"https:\/\/machochic.com\/et\/#website\",\"url\":\"https:\/\/machochic.com\/et\/\",\"name\":\"Macho Chic\",\"description\":\"Confidence Starts with Macho Chic\",\"publisher\":{\"@id\":\"https:\/\/machochic.com\/et\/#organization\"},\"potentialAction\":[{\"@type\":\"SearchAction\",\"target\":{\"@type\":\"EntryPoint\",\"urlTemplate\":\"https:\/\/machochic.com\/et\/?s={search_term_string}\"},\"query-input\":{\"@type\":\"PropertyValueSpecification\",\"valueRequired\":true,\"valueName\":\"search_term_string\"}}],\"inLanguage\":\"et\"},{\"@type\":\"Organization\",\"@id\":\"https:\/\/machochic.com\/et\/#organization\",\"name\":\"Macho Chic\",\"url\":\"https:\/\/machochic.com\/et\/\",\"logo\":{\"@type\":\"ImageObject\",\"inLanguage\":\"et\",\"@id\":\"https:\/\/machochic.com\/et\/#\/schema\/logo\/image\/\",\"url\":\"https:\/\/machochic.com\/wp-content\/uploads\/2023\/05\/Macho-Main-Logo.svg\",\"contentUrl\":\"https:\/\/machochic.com\/wp-content\/uploads\/2023\/05\/Macho-Main-Logo.svg\",\"width\":800,\"height\":600,\"caption\":\"Macho Chic\"},\"image\":{\"@id\":\"https:\/\/machochic.com\/et\/#\/schema\/logo\/image\/\"},\"sameAs\":[\"https:\/\/www.facebook.com\/macho.chic.eesti\",\"https:\/\/www.instagram.com\/macho.chic\/\"]}]}<\/script>\n<!-- \/ Yoast SEO plugin. -->","yoast_head_json":{"title":"SULFAADIVABA PESUGEEL - Macho Chic","description":"SULFAADIVABA PESUGEEL | Sobib kasutamisekspesumasinas v\u00f5i k\u00e4sitsi temperatuuril 30\u201390 \u030aC.","robots":{"index":"index","follow":"follow","max-snippet":"max-snippet:-1","max-image-preview":"max-image-preview:large","max-video-preview":"max-video-preview:-1"},"canonical":"https:\/\/machochic.com\/et\/toode\/sulfaadivaba-pesugeel\/","og_locale":"et_EE","og_type":"article","og_title":"SULFAADIVABA PESUGEEL - Macho Chic","og_description":"SULFAADIVABA PESUGEEL | Sobib kasutamisekspesumasinas v\u00f5i k\u00e4sitsi temperatuuril 30\u201390 \u030aC.","og_url":"https:\/\/machochic.com\/et\/toode\/sulfaadivaba-pesugeel\/","og_site_name":"Macho Chic","article_publisher":"https:\/\/www.facebook.com\/macho.chic.eesti","og_image":[{"width":940,"height":925,"url":"https:\/\/machochic.com\/wp-content\/uploads\/2023\/06\/ALL-PURPOSE-CLEANER-e1686253383253.png","type":"image\/png"}],"twitter_card":"summary_large_image","schema":{"@context":"https:\/\/schema.org","@graph":[{"@type":"WebPage","@id":"https:\/\/machochic.com\/et\/toode\/sulfaadivaba-pesugeel\/","url":"https:\/\/machochic.com\/et\/toode\/sulfaadivaba-pesugeel\/","name":"SULFAADIVABA PESUGEEL - Macho Chic","isPartOf":{"@id":"https:\/\/machochic.com\/et\/#website"},"primaryImageOfPage":{"@id":"https:\/\/machochic.com\/et\/toode\/sulfaadivaba-pesugeel\/#primaryimage"},"image":{"@id":"https:\/\/machochic.com\/et\/toode\/sulfaadivaba-pesugeel\/#primaryimage"},"thumbnailUrl":"https:\/\/machochic.com\/wp-content\/uploads\/2023\/06\/ALL-PURPOSE-CLEANER-e1686253383253.png","datePublished":"2023-06-05T17:52:23+00:00","description":"SULFAADIVABA PESUGEEL | Sobib kasutamisekspesumasinas v\u00f5i k\u00e4sitsi temperatuuril 30\u201390 \u030aC.","breadcrumb":{"@id":"https:\/\/machochic.com\/et\/toode\/sulfaadivaba-pesugeel\/#breadcrumb"},"inLanguage":"et","potentialAction":[{"@type":"ReadAction","target":["https:\/\/machochic.com\/et\/toode\/sulfaadivaba-pesugeel\/"]}]},{"@type":"ImageObject","inLanguage":"et","@id":"https:\/\/machochic.com\/et\/toode\/sulfaadivaba-pesugeel\/#primaryimage","url":"https:\/\/machochic.com\/wp-content\/uploads\/2023\/06\/ALL-PURPOSE-CLEANER-e1686253383253.png","contentUrl":"https:\/\/machochic.com\/wp-content\/uploads\/2023\/06\/ALL-PURPOSE-CLEANER-e1686253383253.png","width":940,"height":925,"caption":"SULFAADIVABA PESUGEEL"},{"@type":"BreadcrumbList","@id":"https:\/\/machochic.com\/et\/toode\/sulfaadivaba-pesugeel\/#breadcrumb","itemListElement":[{"@type":"ListItem","position":1,"name":"Home","item":"https:\/\/machochic.com\/et\/"},{"@type":"ListItem","position":2,"name":"Shop","item":"https:\/\/machochic.com\/shop\/"},{"@type":"ListItem","position":3,"name":"SULFAADIVABA PESUGEEL"}]},{"@type":"WebSite","@id":"https:\/\/machochic.com\/et\/#website","url":"https:\/\/machochic.com\/et\/","name":"Macho Chic","description":"Confidence Starts with Macho Chic","publisher":{"@id":"https:\/\/machochic.com\/et\/#organization"},"potentialAction":[{"@type":"SearchAction","target":{"@type":"EntryPoint","urlTemplate":"https:\/\/machochic.com\/et\/?s={search_term_string}"},"query-input":{"@type":"PropertyValueSpecification","valueRequired":true,"valueName":"search_term_string"}}],"inLanguage":"et"},{"@type":"Organization","@id":"https:\/\/machochic.com\/et\/#organization","name":"Macho Chic","url":"https:\/\/machochic.com\/et\/","logo":{"@type":"ImageObject","inLanguage":"et","@id":"https:\/\/machochic.com\/et\/#\/schema\/logo\/image\/","url":"https:\/\/machochic.com\/wp-content\/uploads\/2023\/05\/Macho-Main-Logo.svg","contentUrl":"https:\/\/machochic.com\/wp-content\/uploads\/2023\/05\/Macho-Main-Logo.svg","width":800,"height":600,"caption":"Macho Chic"},"image":{"@id":"https:\/\/machochic.com\/et\/#\/schema\/logo\/image\/"},"sameAs":["https:\/\/www.facebook.com\/macho.chic.eesti","https:\/\/www.instagram.com\/macho.chic\/"]}]}},"_links":{"self":[{"href":"https:\/\/machochic.com\/et\/wp-json\/wp\/v2\/product\/2008","targetHints":{"allow":["GET"]}}],"collection":[{"href":"https:\/\/machochic.com\/et\/wp-json\/wp\/v2\/product"}],"about":[{"href":"https:\/\/machochic.com\/et\/wp-json\/wp\/v2\/types\/product"}],"replies":[{"embeddable":true,"href":"https:\/\/machochic.com\/et\/wp-json\/wp\/v2\/comments?post=2008"}],"wp:featuredmedia":[{"embeddable":true,"href":"https:\/\/machochic.com\/et\/wp-json\/wp\/v2\/media\/1749"}],"wp:attachment":[{"href":"https:\/\/machochic.com\/et\/wp-json\/wp\/v2\/media?parent=2008"}],"wp:term":[{"taxonomy":"product_brand","embeddable":true,"href":"https:\/\/machochic.com\/et\/wp-json\/wp\/v2\/product_brand?post=2008"},{"taxonomy":"product_cat","embeddable":true,"href":"https:\/\/machochic.com\/et\/wp-json\/wp\/v2\/product_cat?post=2008"},{"taxonomy":"product_tag","embeddable":true,"href":"https:\/\/machochic.com\/et\/wp-json\/wp\/v2\/product_tag?post=2008"}],"curies":[{"name":"wp","href":"https:\/\/api.w.org\/{rel}","templated":true}]}}