{"id":2010,"date":"2023-08-06T10:25:50","date_gmt":"2023-08-06T07:25:50","guid":{"rendered":"https:\/\/machochic.com\/product\/sulfate-sulfaadivaba-noudepesuvahend\/"},"modified":"2023-08-06T10:25:50","modified_gmt":"2023-08-06T07:25:50","slug":"sulfate-sulfaadivaba-noudepesuvahend","status":"publish","type":"product","link":"https:\/\/machochic.com\/et\/toode\/sulfate-sulfaadivaba-noudepesuvahend\/","title":{"rendered":"SULFATE &#8211; SULFAADIVABA N\u00d5UDEPESUVAHEND"},"content":{"rendered":"","protected":false},"excerpt":{"rendered":"<p><strong>KASUTUSALA:<\/strong> L\u00f5hnatu sulfaadivaba kontsentreeritud n\u00f5udepesuvahend.<\/p>\n<p><strong>OMADUSED:<\/strong><\/p>\n<ul>\n<li>Omab ELi \u00f6kom\u00e4rgist ECOLABEL;<\/li>\n<li>Testitud sertifitseeritud laboris;<\/li>\n<li>P\u00f5hineblooduslikul rohelisel seebil;<\/li>\n<li>\u00d6konoomne;<\/li>\n<li>Puhastab n\u00f5ud suurep\u00e4raselt rasvast ja toiduj\u00e4\u00e4kidest;<\/li>\n<li>Vahutab h\u00e4sti;<\/li>\n<li>Lihtne maha pesta;<\/li>\n<li>Annab n\u00f5udele s\u00e4ra;<\/li>\n<\/ul>\n<p><strong>PAKEND:<\/strong> 5000ml pudel.<\/p>\n<p><strong>PESULAHUSE KONSENTRATSIOON:<\/strong> Kontsentraat.<\/p>\n<p><strong>KASUTAMISEJUHEND:<\/strong> 2 ml\/ 0,5 teelusikat\u00e4it(v\u00e4hem m\u00e4\u00e4rdunud n\u00f5ud) ja 5 ml\/ 1 teelusikat\u00e4is(m\u00e4\u00e4rdunud n\u00f5ud) pesuainet 5 l vee kohta. Pange n\u00f5ud vette ning kasutage n\u00f5udepesuvahenditsoovitatud koguses.J\u00e4rgige soovitatud doseeringut madalamail temperatuuril, et minimeerida energia-ja veekulu ningveereostust.<\/p>\n<p><strong>KOOSTIS:<\/strong> 5-15%anioonised pindaktiivsed ained, &lt;5% mitteioonsed pindaktiivsed ained, &lt;5%amfoteersed pindaktiivsed ained, fenoks\u00fcetanool.<\/p>\n<p>Kasutuslahuse pH 7,0<\/p>\n","protected":false},"featured_media":1764,"comment_status":"closed","ping_status":"closed","template":"","meta":{"_acf_changed":false},"product_brand":[],"product_cat":[175],"product_tag":[189,193,186],"class_list":{"0":"post-2010","1":"product","2":"type-product","3":"status-publish","4":"has-post-thumbnail","6":"product_cat-uncategorized-et","7":"product_tag-lohnatu","8":"product_tag-noudupesuvahend","9":"product_tag-sulfadivaba","11":"first","12":"instock","13":"taxable","14":"shipping-taxable","15":"product-type-simple","17":"catalog-layout-default","18":"columns-xs-1"},"acf":[],"yoast_head":"<!-- This site is optimized with the Yoast SEO plugin v25.6 - https:\/\/yoast.com\/wordpress\/plugins\/seo\/ -->\n<title>SULFATE - SULFAADIVABA N\u00d5UDEPESUVAHEND<\/title>\n<meta name=\"description\" content=\"Macho Chic | Puhastab n\u00f5ud suurep\u00e4raselt rasvast ja toiduj\u00e4\u00e4kidest.\" \/>\n<meta name=\"robots\" content=\"index, follow, max-snippet:-1, max-image-preview:large, max-video-preview:-1\" \/>\n<link rel=\"canonical\" href=\"https:\/\/machochic.com\/et\/toode\/sulfate-sulfaadivaba-noudepesuvahend\/\" \/>\n<meta property=\"og:locale\" content=\"et_EE\" \/>\n<meta property=\"og:type\" content=\"article\" \/>\n<meta property=\"og:title\" content=\"SULFATE - SULFAADIVABA N\u00d5UDEPESUVAHEND\" \/>\n<meta property=\"og:description\" content=\"Macho Chic | Puhastab n\u00f5ud suurep\u00e4raselt rasvast ja toiduj\u00e4\u00e4kidest.\" \/>\n<meta property=\"og:url\" content=\"https:\/\/machochic.com\/et\/toode\/sulfate-sulfaadivaba-noudepesuvahend\/\" \/>\n<meta property=\"og:site_name\" content=\"Macho Chic\" \/>\n<meta property=\"article:publisher\" content=\"https:\/\/www.facebook.com\/macho.chic.eesti\" \/>\n<meta property=\"og:image\" content=\"https:\/\/machochic.com\/wp-content\/uploads\/2023\/08\/sulfaadivaba-noudupesuvahend-machochic.jpg\" \/>\n\t<meta property=\"og:image:width\" content=\"1680\" \/>\n\t<meta property=\"og:image:height\" content=\"1668\" \/>\n\t<meta property=\"og:image:type\" content=\"image\/jpeg\" \/>\n<meta name=\"twitter:card\" content=\"summary_large_image\" \/>\n<script type=\"application\/ld+json\" class=\"yoast-schema-graph\">{\"@context\":\"https:\/\/schema.org\",\"@graph\":[{\"@type\":\"WebPage\",\"@id\":\"https:\/\/machochic.com\/et\/toode\/sulfate-sulfaadivaba-noudepesuvahend\/\",\"url\":\"https:\/\/machochic.com\/et\/toode\/sulfate-sulfaadivaba-noudepesuvahend\/\",\"name\":\"SULFATE - SULFAADIVABA N\u00d5UDEPESUVAHEND\",\"isPartOf\":{\"@id\":\"https:\/\/machochic.com\/et\/#website\"},\"primaryImageOfPage\":{\"@id\":\"https:\/\/machochic.com\/et\/toode\/sulfate-sulfaadivaba-noudepesuvahend\/#primaryimage\"},\"image\":{\"@id\":\"https:\/\/machochic.com\/et\/toode\/sulfate-sulfaadivaba-noudepesuvahend\/#primaryimage\"},\"thumbnailUrl\":\"https:\/\/machochic.com\/wp-content\/uploads\/2023\/08\/sulfaadivaba-noudupesuvahend-machochic.jpg\",\"datePublished\":\"2023-08-06T07:25:50+00:00\",\"description\":\"Macho Chic | Puhastab n\u00f5ud suurep\u00e4raselt rasvast ja toiduj\u00e4\u00e4kidest.\",\"breadcrumb\":{\"@id\":\"https:\/\/machochic.com\/et\/toode\/sulfate-sulfaadivaba-noudepesuvahend\/#breadcrumb\"},\"inLanguage\":\"et\",\"potentialAction\":[{\"@type\":\"ReadAction\",\"target\":[\"https:\/\/machochic.com\/et\/toode\/sulfate-sulfaadivaba-noudepesuvahend\/\"]}]},{\"@type\":\"ImageObject\",\"inLanguage\":\"et\",\"@id\":\"https:\/\/machochic.com\/et\/toode\/sulfate-sulfaadivaba-noudepesuvahend\/#primaryimage\",\"url\":\"https:\/\/machochic.com\/wp-content\/uploads\/2023\/08\/sulfaadivaba-noudupesuvahend-machochic.jpg\",\"contentUrl\":\"https:\/\/machochic.com\/wp-content\/uploads\/2023\/08\/sulfaadivaba-noudupesuvahend-machochic.jpg\",\"width\":1680,\"height\":1668,\"caption\":\"sulfaadivaba n\u00f5udupesuvahend\"},{\"@type\":\"BreadcrumbList\",\"@id\":\"https:\/\/machochic.com\/et\/toode\/sulfate-sulfaadivaba-noudepesuvahend\/#breadcrumb\",\"itemListElement\":[{\"@type\":\"ListItem\",\"position\":1,\"name\":\"Home\",\"item\":\"https:\/\/machochic.com\/et\/\"},{\"@type\":\"ListItem\",\"position\":2,\"name\":\"Shop\",\"item\":\"https:\/\/machochic.com\/shop\/\"},{\"@type\":\"ListItem\",\"position\":3,\"name\":\"SULFATE &#8211; SULFAADIVABA N\u00d5UDEPESUVAHEND\"}]},{\"@type\":\"WebSite\",\"@id\":\"https:\/\/machochic.com\/et\/#website\",\"url\":\"https:\/\/machochic.com\/et\/\",\"name\":\"Macho Chic\",\"description\":\"Confidence Starts with Macho Chic\",\"publisher\":{\"@id\":\"https:\/\/machochic.com\/et\/#organization\"},\"potentialAction\":[{\"@type\":\"SearchAction\",\"target\":{\"@type\":\"EntryPoint\",\"urlTemplate\":\"https:\/\/machochic.com\/et\/?s={search_term_string}\"},\"query-input\":{\"@type\":\"PropertyValueSpecification\",\"valueRequired\":true,\"valueName\":\"search_term_string\"}}],\"inLanguage\":\"et\"},{\"@type\":\"Organization\",\"@id\":\"https:\/\/machochic.com\/et\/#organization\",\"name\":\"Macho Chic\",\"url\":\"https:\/\/machochic.com\/et\/\",\"logo\":{\"@type\":\"ImageObject\",\"inLanguage\":\"et\",\"@id\":\"https:\/\/machochic.com\/et\/#\/schema\/logo\/image\/\",\"url\":\"https:\/\/machochic.com\/wp-content\/uploads\/2023\/05\/Macho-Main-Logo.svg\",\"contentUrl\":\"https:\/\/machochic.com\/wp-content\/uploads\/2023\/05\/Macho-Main-Logo.svg\",\"width\":800,\"height\":600,\"caption\":\"Macho Chic\"},\"image\":{\"@id\":\"https:\/\/machochic.com\/et\/#\/schema\/logo\/image\/\"},\"sameAs\":[\"https:\/\/www.facebook.com\/macho.chic.eesti\",\"https:\/\/www.instagram.com\/macho.chic\/\"]}]}<\/script>\n<!-- \/ Yoast SEO plugin. -->","yoast_head_json":{"title":"SULFATE - SULFAADIVABA N\u00d5UDEPESUVAHEND","description":"Macho Chic | Puhastab n\u00f5ud suurep\u00e4raselt rasvast ja toiduj\u00e4\u00e4kidest.","robots":{"index":"index","follow":"follow","max-snippet":"max-snippet:-1","max-image-preview":"max-image-preview:large","max-video-preview":"max-video-preview:-1"},"canonical":"https:\/\/machochic.com\/et\/toode\/sulfate-sulfaadivaba-noudepesuvahend\/","og_locale":"et_EE","og_type":"article","og_title":"SULFATE - SULFAADIVABA N\u00d5UDEPESUVAHEND","og_description":"Macho Chic | Puhastab n\u00f5ud suurep\u00e4raselt rasvast ja toiduj\u00e4\u00e4kidest.","og_url":"https:\/\/machochic.com\/et\/toode\/sulfate-sulfaadivaba-noudepesuvahend\/","og_site_name":"Macho Chic","article_publisher":"https:\/\/www.facebook.com\/macho.chic.eesti","og_image":[{"width":1680,"height":1668,"url":"https:\/\/machochic.com\/wp-content\/uploads\/2023\/08\/sulfaadivaba-noudupesuvahend-machochic.jpg","type":"image\/jpeg"}],"twitter_card":"summary_large_image","schema":{"@context":"https:\/\/schema.org","@graph":[{"@type":"WebPage","@id":"https:\/\/machochic.com\/et\/toode\/sulfate-sulfaadivaba-noudepesuvahend\/","url":"https:\/\/machochic.com\/et\/toode\/sulfate-sulfaadivaba-noudepesuvahend\/","name":"SULFATE - SULFAADIVABA N\u00d5UDEPESUVAHEND","isPartOf":{"@id":"https:\/\/machochic.com\/et\/#website"},"primaryImageOfPage":{"@id":"https:\/\/machochic.com\/et\/toode\/sulfate-sulfaadivaba-noudepesuvahend\/#primaryimage"},"image":{"@id":"https:\/\/machochic.com\/et\/toode\/sulfate-sulfaadivaba-noudepesuvahend\/#primaryimage"},"thumbnailUrl":"https:\/\/machochic.com\/wp-content\/uploads\/2023\/08\/sulfaadivaba-noudupesuvahend-machochic.jpg","datePublished":"2023-08-06T07:25:50+00:00","description":"Macho Chic | Puhastab n\u00f5ud suurep\u00e4raselt rasvast ja toiduj\u00e4\u00e4kidest.","breadcrumb":{"@id":"https:\/\/machochic.com\/et\/toode\/sulfate-sulfaadivaba-noudepesuvahend\/#breadcrumb"},"inLanguage":"et","potentialAction":[{"@type":"ReadAction","target":["https:\/\/machochic.com\/et\/toode\/sulfate-sulfaadivaba-noudepesuvahend\/"]}]},{"@type":"ImageObject","inLanguage":"et","@id":"https:\/\/machochic.com\/et\/toode\/sulfate-sulfaadivaba-noudepesuvahend\/#primaryimage","url":"https:\/\/machochic.com\/wp-content\/uploads\/2023\/08\/sulfaadivaba-noudupesuvahend-machochic.jpg","contentUrl":"https:\/\/machochic.com\/wp-content\/uploads\/2023\/08\/sulfaadivaba-noudupesuvahend-machochic.jpg","width":1680,"height":1668,"caption":"sulfaadivaba n\u00f5udupesuvahend"},{"@type":"BreadcrumbList","@id":"https:\/\/machochic.com\/et\/toode\/sulfate-sulfaadivaba-noudepesuvahend\/#breadcrumb","itemListElement":[{"@type":"ListItem","position":1,"name":"Home","item":"https:\/\/machochic.com\/et\/"},{"@type":"ListItem","position":2,"name":"Shop","item":"https:\/\/machochic.com\/shop\/"},{"@type":"ListItem","position":3,"name":"SULFATE &#8211; SULFAADIVABA N\u00d5UDEPESUVAHEND"}]},{"@type":"WebSite","@id":"https:\/\/machochic.com\/et\/#website","url":"https:\/\/machochic.com\/et\/","name":"Macho Chic","description":"Confidence Starts with Macho Chic","publisher":{"@id":"https:\/\/machochic.com\/et\/#organization"},"potentialAction":[{"@type":"SearchAction","target":{"@type":"EntryPoint","urlTemplate":"https:\/\/machochic.com\/et\/?s={search_term_string}"},"query-input":{"@type":"PropertyValueSpecification","valueRequired":true,"valueName":"search_term_string"}}],"inLanguage":"et"},{"@type":"Organization","@id":"https:\/\/machochic.com\/et\/#organization","name":"Macho Chic","url":"https:\/\/machochic.com\/et\/","logo":{"@type":"ImageObject","inLanguage":"et","@id":"https:\/\/machochic.com\/et\/#\/schema\/logo\/image\/","url":"https:\/\/machochic.com\/wp-content\/uploads\/2023\/05\/Macho-Main-Logo.svg","contentUrl":"https:\/\/machochic.com\/wp-content\/uploads\/2023\/05\/Macho-Main-Logo.svg","width":800,"height":600,"caption":"Macho Chic"},"image":{"@id":"https:\/\/machochic.com\/et\/#\/schema\/logo\/image\/"},"sameAs":["https:\/\/www.facebook.com\/macho.chic.eesti","https:\/\/www.instagram.com\/macho.chic\/"]}]}},"_links":{"self":[{"href":"https:\/\/machochic.com\/et\/wp-json\/wp\/v2\/product\/2010","targetHints":{"allow":["GET"]}}],"collection":[{"href":"https:\/\/machochic.com\/et\/wp-json\/wp\/v2\/product"}],"about":[{"href":"https:\/\/machochic.com\/et\/wp-json\/wp\/v2\/types\/product"}],"replies":[{"embeddable":true,"href":"https:\/\/machochic.com\/et\/wp-json\/wp\/v2\/comments?post=2010"}],"wp:featuredmedia":[{"embeddable":true,"href":"https:\/\/machochic.com\/et\/wp-json\/wp\/v2\/media\/1764"}],"wp:attachment":[{"href":"https:\/\/machochic.com\/et\/wp-json\/wp\/v2\/media?parent=2010"}],"wp:term":[{"taxonomy":"product_brand","embeddable":true,"href":"https:\/\/machochic.com\/et\/wp-json\/wp\/v2\/product_brand?post=2010"},{"taxonomy":"product_cat","embeddable":true,"href":"https:\/\/machochic.com\/et\/wp-json\/wp\/v2\/product_cat?post=2010"},{"taxonomy":"product_tag","embeddable":true,"href":"https:\/\/machochic.com\/et\/wp-json\/wp\/v2\/product_tag?post=2010"}],"curies":[{"name":"wp","href":"https:\/\/api.w.org\/{rel}","templated":true}]}}