{"id":2012,"date":"2023-10-10T20:27:30","date_gmt":"2023-10-10T17:27:30","guid":{"rendered":"https:\/\/machochic.com\/product\/pesumasinate-ja-noudepesumasinate-puhastusvahend\/"},"modified":"2023-10-10T20:27:30","modified_gmt":"2023-10-10T17:27:30","slug":"pesumasinate-ja-noudepesumasinate-puhastusvahend","status":"publish","type":"product","link":"https:\/\/machochic.com\/et\/toode\/pesumasinate-ja-noudepesumasinate-puhastusvahend\/","title":{"rendered":"Pesumasinate ja n\u00f5udepesumasinate puhastusvahend"},"content":{"rendered":"","protected":false},"excerpt":{"rendered":"<h2 class=\"p1\"><span>Kirjeldus:<\/span><\/h2>\n<p class=\"p1\"><span>Suurep\u00e4rane puhastusvahend pesumasinate ja n\u00f5udepesumasinate s\u00fcgavpuhastuseks. Eemaldab rasvased, seebi- ja toiduj\u00e4\u00e4gid ning muud ummistused, j\u00e4ttes teie seadmed puhtaks. \u00dcks pudel sobib suurep\u00e4raselt nii pesumasina kui ka n\u00f5udepesumasina samaaegseks hooldamiseks.<\/span><\/p>\n<h2 class=\"p1\"><span>Peamised omadused:<\/span><\/h2>\n<p class=\"p1\"><span>Puhastab s\u00fcgavalt rasvased ja seebiplekid.<\/span><\/p>\n<p class=\"p1\"><span>Eemaldab toiduj\u00e4\u00e4gid ja muud ummistused.<\/span><\/p>\n<p class=\"p1\"><span>Neutraliseerib ebameeldivad l\u00f5hnad.<\/span><\/p>\n<p class=\"p1\"><span>T\u00e4iustatud valem maksimaalse efektiivsuse saavutamiseks.<\/span><\/p>\n<p class=\"p1\"><span>Kontsentreeritud koostis: kulut\u00f5hus kasutamine.<\/span><\/p>\n<p class=\"p1\"><strong><span>KASUTUSJUHEND:<\/span><\/strong><span>\u00a0Nii pesu- kui n\u00f5udepesumasin peavad olema t\u00fchjad! Pesumasina puhastamiseks: valage 100-200 ml kontsentraati pesumasina pesuaine lahtrisse, valige pesuts\u00fckkel max. temperatuur 90\u00b0C. N\u00f5udepesumasina puhastamiseks valage 25-50 ml (2-3 korki) kontsentraati pesuainesektsiooni ja sulgege see, seej\u00e4rel alustage kiirpesuts\u00fcklit. Vajadusel korrake pesuts\u00fcklit sama annusega.<\/span><\/p>\n<p class=\"p1\"><strong><span>Maht:<\/span><\/strong><span>\u00a0250 ml<\/span><\/p>\n<p class=\"p1\"><strong><span><span class=\"\">Koostis:<\/span><\/span><\/strong><span><span class=\"\">\u00a0Peamine toimeaine &#8211; kaaliumh\u00fcdroksiid (15-30%). pH tase: 14.<\/span><\/span><\/p>\n<p class=\"p1\"><strong><span>Ettevaatust:<\/span><\/strong><span>\u00a0\u00c4rge segage teiste puhastusvahenditega.<\/span><\/p>\n<p class=\"p1\"><span>Hingake oma seadmetele uus elu meie \u00fclit\u00f5husa puhastusvahendiga!<\/span><\/p>\n","protected":false},"featured_media":1821,"comment_status":"closed","ping_status":"closed","template":"","meta":{"_acf_changed":false},"product_brand":[],"product_cat":[175],"product_tag":[215,214],"class_list":{"0":"post-2012","1":"product","2":"type-product","3":"status-publish","4":"has-post-thumbnail","6":"product_cat-uncategorized-et","7":"product_tag-noudepesumasinad","8":"product_tag-puhastus","10":"first","11":"instock","12":"taxable","13":"shipping-taxable","14":"purchasable","15":"product-type-simple","17":"catalog-layout-default","18":"columns-xs-1"},"acf":[],"yoast_head":"<!-- This site is optimized with the Yoast SEO plugin v25.6 - https:\/\/yoast.com\/wordpress\/plugins\/seo\/ -->\n<title>Pesumasinate ja n\u00f5udepesumasinate puhastusvahend<\/title>\n<meta name=\"description\" content=\"Macho Chic | Suurep\u00e4rane puhastusvahend pesumasinate ja n\u00f5udepesumasinate s\u00fcgavpuhastuseks.\" \/>\n<meta name=\"robots\" content=\"index, follow, max-snippet:-1, max-image-preview:large, max-video-preview:-1\" \/>\n<link rel=\"canonical\" href=\"https:\/\/machochic.com\/et\/toode\/pesumasinate-ja-noudepesumasinate-puhastusvahend\/\" \/>\n<meta property=\"og:locale\" content=\"et_EE\" \/>\n<meta property=\"og:type\" content=\"article\" \/>\n<meta property=\"og:title\" content=\"Pesumasinate ja n\u00f5udepesumasinate puhastusvahend\" \/>\n<meta property=\"og:description\" content=\"Macho Chic | Suurep\u00e4rane puhastusvahend pesumasinate ja n\u00f5udepesumasinate s\u00fcgavpuhastuseks.\" \/>\n<meta property=\"og:url\" content=\"https:\/\/machochic.com\/et\/toode\/pesumasinate-ja-noudepesumasinate-puhastusvahend\/\" \/>\n<meta property=\"og:site_name\" content=\"Macho Chic\" \/>\n<meta property=\"article:publisher\" content=\"https:\/\/www.facebook.com\/macho.chic.eesti\" \/>\n<meta property=\"og:image\" content=\"https:\/\/machochic.com\/wp-content\/uploads\/2023\/10\/macho_chic_dishwasher_and_washing-machine_clwaner.jpg\" \/>\n\t<meta property=\"og:image:width\" content=\"1240\" \/>\n\t<meta property=\"og:image:height\" content=\"1280\" \/>\n\t<meta property=\"og:image:type\" content=\"image\/jpeg\" \/>\n<meta name=\"twitter:card\" content=\"summary_large_image\" \/>\n<script type=\"application\/ld+json\" class=\"yoast-schema-graph\">{\"@context\":\"https:\/\/schema.org\",\"@graph\":[{\"@type\":\"WebPage\",\"@id\":\"https:\/\/machochic.com\/et\/toode\/pesumasinate-ja-noudepesumasinate-puhastusvahend\/\",\"url\":\"https:\/\/machochic.com\/et\/toode\/pesumasinate-ja-noudepesumasinate-puhastusvahend\/\",\"name\":\"Pesumasinate ja n\u00f5udepesumasinate puhastusvahend\",\"isPartOf\":{\"@id\":\"https:\/\/machochic.com\/et\/#website\"},\"primaryImageOfPage\":{\"@id\":\"https:\/\/machochic.com\/et\/toode\/pesumasinate-ja-noudepesumasinate-puhastusvahend\/#primaryimage\"},\"image\":{\"@id\":\"https:\/\/machochic.com\/et\/toode\/pesumasinate-ja-noudepesumasinate-puhastusvahend\/#primaryimage\"},\"thumbnailUrl\":\"https:\/\/machochic.com\/wp-content\/uploads\/2023\/10\/macho_chic_dishwasher_and_washing-machine_clwaner.jpg\",\"datePublished\":\"2023-10-10T17:27:30+00:00\",\"description\":\"Macho Chic | Suurep\u00e4rane puhastusvahend pesumasinate ja n\u00f5udepesumasinate s\u00fcgavpuhastuseks.\",\"breadcrumb\":{\"@id\":\"https:\/\/machochic.com\/et\/toode\/pesumasinate-ja-noudepesumasinate-puhastusvahend\/#breadcrumb\"},\"inLanguage\":\"et\",\"potentialAction\":[{\"@type\":\"ReadAction\",\"target\":[\"https:\/\/machochic.com\/et\/toode\/pesumasinate-ja-noudepesumasinate-puhastusvahend\/\"]}]},{\"@type\":\"ImageObject\",\"inLanguage\":\"et\",\"@id\":\"https:\/\/machochic.com\/et\/toode\/pesumasinate-ja-noudepesumasinate-puhastusvahend\/#primaryimage\",\"url\":\"https:\/\/machochic.com\/wp-content\/uploads\/2023\/10\/macho_chic_dishwasher_and_washing-machine_clwaner.jpg\",\"contentUrl\":\"https:\/\/machochic.com\/wp-content\/uploads\/2023\/10\/macho_chic_dishwasher_and_washing-machine_clwaner.jpg\",\"width\":1240,\"height\":1280,\"caption\":\"n\u00f5udepesumasinate ja pesumasinate puhastusvahend\"},{\"@type\":\"BreadcrumbList\",\"@id\":\"https:\/\/machochic.com\/et\/toode\/pesumasinate-ja-noudepesumasinate-puhastusvahend\/#breadcrumb\",\"itemListElement\":[{\"@type\":\"ListItem\",\"position\":1,\"name\":\"Home\",\"item\":\"https:\/\/machochic.com\/et\/\"},{\"@type\":\"ListItem\",\"position\":2,\"name\":\"Shop\",\"item\":\"https:\/\/machochic.com\/shop\/\"},{\"@type\":\"ListItem\",\"position\":3,\"name\":\"Pesumasinate ja n\u00f5udepesumasinate puhastusvahend\"}]},{\"@type\":\"WebSite\",\"@id\":\"https:\/\/machochic.com\/et\/#website\",\"url\":\"https:\/\/machochic.com\/et\/\",\"name\":\"Macho Chic\",\"description\":\"Confidence Starts with Macho Chic\",\"publisher\":{\"@id\":\"https:\/\/machochic.com\/et\/#organization\"},\"potentialAction\":[{\"@type\":\"SearchAction\",\"target\":{\"@type\":\"EntryPoint\",\"urlTemplate\":\"https:\/\/machochic.com\/et\/?s={search_term_string}\"},\"query-input\":{\"@type\":\"PropertyValueSpecification\",\"valueRequired\":true,\"valueName\":\"search_term_string\"}}],\"inLanguage\":\"et\"},{\"@type\":\"Organization\",\"@id\":\"https:\/\/machochic.com\/et\/#organization\",\"name\":\"Macho Chic\",\"url\":\"https:\/\/machochic.com\/et\/\",\"logo\":{\"@type\":\"ImageObject\",\"inLanguage\":\"et\",\"@id\":\"https:\/\/machochic.com\/et\/#\/schema\/logo\/image\/\",\"url\":\"https:\/\/machochic.com\/wp-content\/uploads\/2023\/05\/Macho-Main-Logo.svg\",\"contentUrl\":\"https:\/\/machochic.com\/wp-content\/uploads\/2023\/05\/Macho-Main-Logo.svg\",\"width\":800,\"height\":600,\"caption\":\"Macho Chic\"},\"image\":{\"@id\":\"https:\/\/machochic.com\/et\/#\/schema\/logo\/image\/\"},\"sameAs\":[\"https:\/\/www.facebook.com\/macho.chic.eesti\",\"https:\/\/www.instagram.com\/macho.chic\/\"]}]}<\/script>\n<!-- \/ Yoast SEO plugin. -->","yoast_head_json":{"title":"Pesumasinate ja n\u00f5udepesumasinate puhastusvahend","description":"Macho Chic | Suurep\u00e4rane puhastusvahend pesumasinate ja n\u00f5udepesumasinate s\u00fcgavpuhastuseks.","robots":{"index":"index","follow":"follow","max-snippet":"max-snippet:-1","max-image-preview":"max-image-preview:large","max-video-preview":"max-video-preview:-1"},"canonical":"https:\/\/machochic.com\/et\/toode\/pesumasinate-ja-noudepesumasinate-puhastusvahend\/","og_locale":"et_EE","og_type":"article","og_title":"Pesumasinate ja n\u00f5udepesumasinate puhastusvahend","og_description":"Macho Chic | Suurep\u00e4rane puhastusvahend pesumasinate ja n\u00f5udepesumasinate s\u00fcgavpuhastuseks.","og_url":"https:\/\/machochic.com\/et\/toode\/pesumasinate-ja-noudepesumasinate-puhastusvahend\/","og_site_name":"Macho Chic","article_publisher":"https:\/\/www.facebook.com\/macho.chic.eesti","og_image":[{"width":1240,"height":1280,"url":"https:\/\/machochic.com\/wp-content\/uploads\/2023\/10\/macho_chic_dishwasher_and_washing-machine_clwaner.jpg","type":"image\/jpeg"}],"twitter_card":"summary_large_image","schema":{"@context":"https:\/\/schema.org","@graph":[{"@type":"WebPage","@id":"https:\/\/machochic.com\/et\/toode\/pesumasinate-ja-noudepesumasinate-puhastusvahend\/","url":"https:\/\/machochic.com\/et\/toode\/pesumasinate-ja-noudepesumasinate-puhastusvahend\/","name":"Pesumasinate ja n\u00f5udepesumasinate puhastusvahend","isPartOf":{"@id":"https:\/\/machochic.com\/et\/#website"},"primaryImageOfPage":{"@id":"https:\/\/machochic.com\/et\/toode\/pesumasinate-ja-noudepesumasinate-puhastusvahend\/#primaryimage"},"image":{"@id":"https:\/\/machochic.com\/et\/toode\/pesumasinate-ja-noudepesumasinate-puhastusvahend\/#primaryimage"},"thumbnailUrl":"https:\/\/machochic.com\/wp-content\/uploads\/2023\/10\/macho_chic_dishwasher_and_washing-machine_clwaner.jpg","datePublished":"2023-10-10T17:27:30+00:00","description":"Macho Chic | Suurep\u00e4rane puhastusvahend pesumasinate ja n\u00f5udepesumasinate s\u00fcgavpuhastuseks.","breadcrumb":{"@id":"https:\/\/machochic.com\/et\/toode\/pesumasinate-ja-noudepesumasinate-puhastusvahend\/#breadcrumb"},"inLanguage":"et","potentialAction":[{"@type":"ReadAction","target":["https:\/\/machochic.com\/et\/toode\/pesumasinate-ja-noudepesumasinate-puhastusvahend\/"]}]},{"@type":"ImageObject","inLanguage":"et","@id":"https:\/\/machochic.com\/et\/toode\/pesumasinate-ja-noudepesumasinate-puhastusvahend\/#primaryimage","url":"https:\/\/machochic.com\/wp-content\/uploads\/2023\/10\/macho_chic_dishwasher_and_washing-machine_clwaner.jpg","contentUrl":"https:\/\/machochic.com\/wp-content\/uploads\/2023\/10\/macho_chic_dishwasher_and_washing-machine_clwaner.jpg","width":1240,"height":1280,"caption":"n\u00f5udepesumasinate ja pesumasinate puhastusvahend"},{"@type":"BreadcrumbList","@id":"https:\/\/machochic.com\/et\/toode\/pesumasinate-ja-noudepesumasinate-puhastusvahend\/#breadcrumb","itemListElement":[{"@type":"ListItem","position":1,"name":"Home","item":"https:\/\/machochic.com\/et\/"},{"@type":"ListItem","position":2,"name":"Shop","item":"https:\/\/machochic.com\/shop\/"},{"@type":"ListItem","position":3,"name":"Pesumasinate ja n\u00f5udepesumasinate puhastusvahend"}]},{"@type":"WebSite","@id":"https:\/\/machochic.com\/et\/#website","url":"https:\/\/machochic.com\/et\/","name":"Macho Chic","description":"Confidence Starts with Macho Chic","publisher":{"@id":"https:\/\/machochic.com\/et\/#organization"},"potentialAction":[{"@type":"SearchAction","target":{"@type":"EntryPoint","urlTemplate":"https:\/\/machochic.com\/et\/?s={search_term_string}"},"query-input":{"@type":"PropertyValueSpecification","valueRequired":true,"valueName":"search_term_string"}}],"inLanguage":"et"},{"@type":"Organization","@id":"https:\/\/machochic.com\/et\/#organization","name":"Macho Chic","url":"https:\/\/machochic.com\/et\/","logo":{"@type":"ImageObject","inLanguage":"et","@id":"https:\/\/machochic.com\/et\/#\/schema\/logo\/image\/","url":"https:\/\/machochic.com\/wp-content\/uploads\/2023\/05\/Macho-Main-Logo.svg","contentUrl":"https:\/\/machochic.com\/wp-content\/uploads\/2023\/05\/Macho-Main-Logo.svg","width":800,"height":600,"caption":"Macho Chic"},"image":{"@id":"https:\/\/machochic.com\/et\/#\/schema\/logo\/image\/"},"sameAs":["https:\/\/www.facebook.com\/macho.chic.eesti","https:\/\/www.instagram.com\/macho.chic\/"]}]}},"_links":{"self":[{"href":"https:\/\/machochic.com\/et\/wp-json\/wp\/v2\/product\/2012","targetHints":{"allow":["GET"]}}],"collection":[{"href":"https:\/\/machochic.com\/et\/wp-json\/wp\/v2\/product"}],"about":[{"href":"https:\/\/machochic.com\/et\/wp-json\/wp\/v2\/types\/product"}],"replies":[{"embeddable":true,"href":"https:\/\/machochic.com\/et\/wp-json\/wp\/v2\/comments?post=2012"}],"wp:featuredmedia":[{"embeddable":true,"href":"https:\/\/machochic.com\/et\/wp-json\/wp\/v2\/media\/1821"}],"wp:attachment":[{"href":"https:\/\/machochic.com\/et\/wp-json\/wp\/v2\/media?parent=2012"}],"wp:term":[{"taxonomy":"product_brand","embeddable":true,"href":"https:\/\/machochic.com\/et\/wp-json\/wp\/v2\/product_brand?post=2012"},{"taxonomy":"product_cat","embeddable":true,"href":"https:\/\/machochic.com\/et\/wp-json\/wp\/v2\/product_cat?post=2012"},{"taxonomy":"product_tag","embeddable":true,"href":"https:\/\/machochic.com\/et\/wp-json\/wp\/v2\/product_tag?post=2012"}],"curies":[{"name":"wp","href":"https:\/\/api.w.org\/{rel}","templated":true}]}}