{"id":2013,"date":"2023-10-10T21:05:27","date_gmt":"2023-10-10T18:05:27","guid":{"rendered":"https:\/\/machochic.com\/product\/lohna-eemaldamine\/"},"modified":"2024-03-24T20:18:22","modified_gmt":"2024-03-24T18:18:22","slug":"lohna-eemaldamine","status":"publish","type":"product","link":"https:\/\/machochic.com\/et\/toode\/lohna-eemaldamine\/","title":{"rendered":"L\u00f5hna eemaldamine"},"content":{"rendered":"","protected":false},"excerpt":{"rendered":"<h2 class=\"p1\"><span style=\"vertical-align: inherit;\"><span>Kirjeldus:<\/span><\/span><\/h2>\n<p class=\"p1\"><span style=\"vertical-align: inherit;\"><span>Puhastusvahend, mis on spetsiaalselt loodud l\u00f5hnade eemaldamiseks.<\/span><\/span><\/p>\n<h2 class=\"p1\"><span style=\"vertical-align: inherit;\"><span>Omadused:<\/span><\/span><\/h2>\n<ul>\n<li class=\"p1\"><span style=\"vertical-align: inherit;\"><span>K\u00f5rvaldab ebameeldivad l\u00f5hnad.<\/span><\/span><\/li>\n<li class=\"p1\"><span style=\"vertical-align: inherit;\"><span>Eemaldab kerged plekid.<\/span><\/span><\/li>\n<li class=\"p1\"><span style=\"vertical-align: inherit;\"><span>Sisaldab probiootilisi ens\u00fc\u00fcme.<\/span><\/span><\/li>\n<li class=\"p1\"><span style=\"vertical-align: inherit;\"><span>Aitab v\u00f5idelda seente ja bakterite biokiledega.<\/span><\/span><\/li>\n<li class=\"p1\"><span style=\"vertical-align: inherit;\"><span>On antistaatilise toimega.<\/span><\/span><\/li>\n<li class=\"p1\"><span style=\"vertical-align: inherit;\"><span>Biolagunev.<\/span><\/span><\/li>\n<li class=\"p1\"><span style=\"vertical-align: inherit;\"><span>Ei sisalda loomset p\u00e4ritolu komponente.<\/span><\/span><\/li>\n<li class=\"p1\"><span style=\"vertical-align: inherit;\"><span>Puhastuslahuse kontsentratsioon: kasutusvalmis.<\/span><\/span><\/li>\n<\/ul>\n<p class=\"p1\"><span style=\"vertical-align: inherit;\"><span><strong>Kasutusjuhend<\/strong>:<\/span><\/span><\/p>\n<p class=\"p1\"><span style=\"vertical-align: inherit;\"><span>See spetsialiseeritud toode sobib ideaalselt piirkondadesse, kus l\u00f5hnad on muret tekitavad: pr\u00fcgikonteinerid, sanitaarruumid ja kanalisatsioonitorud.<\/span><\/span><\/p>\n<p class=\"p1\"><strong><span style=\"vertical-align: inherit;\"><span>Kasutamine:<\/span><\/span><\/strong><span style=\"vertical-align: inherit;\"><span>\u00a0Pihustage toodet ebameeldiva l\u00f5hnaga ruumides v\u00f5i kandke otse probleemsele pinnale, laske m\u00f5juda ja vajadusel p\u00fchkige kuivaks.<\/span><\/span><\/p>\n<p class=\"p1\"><strong><span style=\"vertical-align: inherit;\"><span>Koostis:<\/span><\/span><\/strong><span style=\"vertical-align: inherit;\"><span>\u00a0Ens\u00fc\u00fcmid.<\/span><\/span><\/p>\n","protected":false},"featured_media":1820,"comment_status":"closed","ping_status":"closed","template":"","meta":{"_acf_changed":false},"product_brand":[],"product_cat":[175],"product_tag":[],"class_list":{"0":"post-2013","1":"product","2":"type-product","3":"status-publish","4":"has-post-thumbnail","6":"product_cat-uncategorized-et","8":"first","9":"instock","10":"taxable","11":"shipping-taxable","12":"purchasable","13":"product-type-simple","15":"catalog-layout-default","16":"columns-xs-1"},"acf":[],"yoast_head":"<!-- This site is optimized with the Yoast SEO plugin v25.6 - https:\/\/yoast.com\/wordpress\/plugins\/seo\/ -->\n<title>L\u00f5hna eemaldamine<\/title>\n<meta name=\"description\" content=\"Macho Chic | Puhastusvahend, mis on spetsiaalselt loodud l\u00f5hnade eemaldamiseks.\" \/>\n<meta name=\"robots\" content=\"index, follow, max-snippet:-1, max-image-preview:large, max-video-preview:-1\" \/>\n<link rel=\"canonical\" href=\"https:\/\/machochic.com\/et\/toode\/lohna-eemaldamine\/\" \/>\n<meta property=\"og:locale\" content=\"et_EE\" \/>\n<meta property=\"og:type\" content=\"article\" \/>\n<meta property=\"og:title\" content=\"L\u00f5hna eemaldamine\" \/>\n<meta property=\"og:description\" content=\"Macho Chic | Puhastusvahend, mis on spetsiaalselt loodud l\u00f5hnade eemaldamiseks.\" \/>\n<meta property=\"og:url\" content=\"https:\/\/machochic.com\/et\/toode\/lohna-eemaldamine\/\" \/>\n<meta property=\"og:site_name\" content=\"Macho Chic\" \/>\n<meta property=\"article:publisher\" content=\"https:\/\/www.facebook.com\/macho.chic.eesti\" \/>\n<meta property=\"article:modified_time\" content=\"2024-03-24T18:18:22+00:00\" \/>\n<meta property=\"og:image\" content=\"https:\/\/machochic.com\/wp-content\/uploads\/2023\/10\/macho_chic_odor_removal.jpg\" \/>\n\t<meta property=\"og:image:width\" content=\"1380\" \/>\n\t<meta property=\"og:image:height\" content=\"1280\" \/>\n\t<meta property=\"og:image:type\" content=\"image\/jpeg\" \/>\n<meta name=\"twitter:card\" content=\"summary_large_image\" \/>\n<script type=\"application\/ld+json\" class=\"yoast-schema-graph\">{\"@context\":\"https:\/\/schema.org\",\"@graph\":[{\"@type\":\"WebPage\",\"@id\":\"https:\/\/machochic.com\/et\/toode\/lohna-eemaldamine\/\",\"url\":\"https:\/\/machochic.com\/et\/toode\/lohna-eemaldamine\/\",\"name\":\"L\u00f5hna eemaldamine\",\"isPartOf\":{\"@id\":\"https:\/\/machochic.com\/et\/#website\"},\"primaryImageOfPage\":{\"@id\":\"https:\/\/machochic.com\/et\/toode\/lohna-eemaldamine\/#primaryimage\"},\"image\":{\"@id\":\"https:\/\/machochic.com\/et\/toode\/lohna-eemaldamine\/#primaryimage\"},\"thumbnailUrl\":\"https:\/\/machochic.com\/wp-content\/uploads\/2023\/10\/macho_chic_odor_removal.jpg\",\"datePublished\":\"2023-10-10T18:05:27+00:00\",\"dateModified\":\"2024-03-24T18:18:22+00:00\",\"description\":\"Macho Chic | Puhastusvahend, mis on spetsiaalselt loodud l\u00f5hnade eemaldamiseks.\",\"breadcrumb\":{\"@id\":\"https:\/\/machochic.com\/et\/toode\/lohna-eemaldamine\/#breadcrumb\"},\"inLanguage\":\"et\",\"potentialAction\":[{\"@type\":\"ReadAction\",\"target\":[\"https:\/\/machochic.com\/et\/toode\/lohna-eemaldamine\/\"]}]},{\"@type\":\"ImageObject\",\"inLanguage\":\"et\",\"@id\":\"https:\/\/machochic.com\/et\/toode\/lohna-eemaldamine\/#primaryimage\",\"url\":\"https:\/\/machochic.com\/wp-content\/uploads\/2023\/10\/macho_chic_odor_removal.jpg\",\"contentUrl\":\"https:\/\/machochic.com\/wp-content\/uploads\/2023\/10\/macho_chic_odor_removal.jpg\",\"width\":1380,\"height\":1280},{\"@type\":\"BreadcrumbList\",\"@id\":\"https:\/\/machochic.com\/et\/toode\/lohna-eemaldamine\/#breadcrumb\",\"itemListElement\":[{\"@type\":\"ListItem\",\"position\":1,\"name\":\"Home\",\"item\":\"https:\/\/machochic.com\/et\/\"},{\"@type\":\"ListItem\",\"position\":2,\"name\":\"Shop\",\"item\":\"https:\/\/machochic.com\/shop\/\"},{\"@type\":\"ListItem\",\"position\":3,\"name\":\"L\u00f5hna eemaldamine\"}]},{\"@type\":\"WebSite\",\"@id\":\"https:\/\/machochic.com\/et\/#website\",\"url\":\"https:\/\/machochic.com\/et\/\",\"name\":\"Macho Chic\",\"description\":\"Confidence Starts with Macho Chic\",\"publisher\":{\"@id\":\"https:\/\/machochic.com\/et\/#organization\"},\"potentialAction\":[{\"@type\":\"SearchAction\",\"target\":{\"@type\":\"EntryPoint\",\"urlTemplate\":\"https:\/\/machochic.com\/et\/?s={search_term_string}\"},\"query-input\":{\"@type\":\"PropertyValueSpecification\",\"valueRequired\":true,\"valueName\":\"search_term_string\"}}],\"inLanguage\":\"et\"},{\"@type\":\"Organization\",\"@id\":\"https:\/\/machochic.com\/et\/#organization\",\"name\":\"Macho Chic\",\"url\":\"https:\/\/machochic.com\/et\/\",\"logo\":{\"@type\":\"ImageObject\",\"inLanguage\":\"et\",\"@id\":\"https:\/\/machochic.com\/et\/#\/schema\/logo\/image\/\",\"url\":\"https:\/\/machochic.com\/wp-content\/uploads\/2023\/05\/Macho-Main-Logo.svg\",\"contentUrl\":\"https:\/\/machochic.com\/wp-content\/uploads\/2023\/05\/Macho-Main-Logo.svg\",\"width\":800,\"height\":600,\"caption\":\"Macho Chic\"},\"image\":{\"@id\":\"https:\/\/machochic.com\/et\/#\/schema\/logo\/image\/\"},\"sameAs\":[\"https:\/\/www.facebook.com\/macho.chic.eesti\",\"https:\/\/www.instagram.com\/macho.chic\/\"]}]}<\/script>\n<!-- \/ Yoast SEO plugin. -->","yoast_head_json":{"title":"L\u00f5hna eemaldamine","description":"Macho Chic | Puhastusvahend, mis on spetsiaalselt loodud l\u00f5hnade eemaldamiseks.","robots":{"index":"index","follow":"follow","max-snippet":"max-snippet:-1","max-image-preview":"max-image-preview:large","max-video-preview":"max-video-preview:-1"},"canonical":"https:\/\/machochic.com\/et\/toode\/lohna-eemaldamine\/","og_locale":"et_EE","og_type":"article","og_title":"L\u00f5hna eemaldamine","og_description":"Macho Chic | Puhastusvahend, mis on spetsiaalselt loodud l\u00f5hnade eemaldamiseks.","og_url":"https:\/\/machochic.com\/et\/toode\/lohna-eemaldamine\/","og_site_name":"Macho Chic","article_publisher":"https:\/\/www.facebook.com\/macho.chic.eesti","article_modified_time":"2024-03-24T18:18:22+00:00","og_image":[{"width":1380,"height":1280,"url":"https:\/\/machochic.com\/wp-content\/uploads\/2023\/10\/macho_chic_odor_removal.jpg","type":"image\/jpeg"}],"twitter_card":"summary_large_image","schema":{"@context":"https:\/\/schema.org","@graph":[{"@type":"WebPage","@id":"https:\/\/machochic.com\/et\/toode\/lohna-eemaldamine\/","url":"https:\/\/machochic.com\/et\/toode\/lohna-eemaldamine\/","name":"L\u00f5hna eemaldamine","isPartOf":{"@id":"https:\/\/machochic.com\/et\/#website"},"primaryImageOfPage":{"@id":"https:\/\/machochic.com\/et\/toode\/lohna-eemaldamine\/#primaryimage"},"image":{"@id":"https:\/\/machochic.com\/et\/toode\/lohna-eemaldamine\/#primaryimage"},"thumbnailUrl":"https:\/\/machochic.com\/wp-content\/uploads\/2023\/10\/macho_chic_odor_removal.jpg","datePublished":"2023-10-10T18:05:27+00:00","dateModified":"2024-03-24T18:18:22+00:00","description":"Macho Chic | Puhastusvahend, mis on spetsiaalselt loodud l\u00f5hnade eemaldamiseks.","breadcrumb":{"@id":"https:\/\/machochic.com\/et\/toode\/lohna-eemaldamine\/#breadcrumb"},"inLanguage":"et","potentialAction":[{"@type":"ReadAction","target":["https:\/\/machochic.com\/et\/toode\/lohna-eemaldamine\/"]}]},{"@type":"ImageObject","inLanguage":"et","@id":"https:\/\/machochic.com\/et\/toode\/lohna-eemaldamine\/#primaryimage","url":"https:\/\/machochic.com\/wp-content\/uploads\/2023\/10\/macho_chic_odor_removal.jpg","contentUrl":"https:\/\/machochic.com\/wp-content\/uploads\/2023\/10\/macho_chic_odor_removal.jpg","width":1380,"height":1280},{"@type":"BreadcrumbList","@id":"https:\/\/machochic.com\/et\/toode\/lohna-eemaldamine\/#breadcrumb","itemListElement":[{"@type":"ListItem","position":1,"name":"Home","item":"https:\/\/machochic.com\/et\/"},{"@type":"ListItem","position":2,"name":"Shop","item":"https:\/\/machochic.com\/shop\/"},{"@type":"ListItem","position":3,"name":"L\u00f5hna eemaldamine"}]},{"@type":"WebSite","@id":"https:\/\/machochic.com\/et\/#website","url":"https:\/\/machochic.com\/et\/","name":"Macho Chic","description":"Confidence Starts with Macho Chic","publisher":{"@id":"https:\/\/machochic.com\/et\/#organization"},"potentialAction":[{"@type":"SearchAction","target":{"@type":"EntryPoint","urlTemplate":"https:\/\/machochic.com\/et\/?s={search_term_string}"},"query-input":{"@type":"PropertyValueSpecification","valueRequired":true,"valueName":"search_term_string"}}],"inLanguage":"et"},{"@type":"Organization","@id":"https:\/\/machochic.com\/et\/#organization","name":"Macho Chic","url":"https:\/\/machochic.com\/et\/","logo":{"@type":"ImageObject","inLanguage":"et","@id":"https:\/\/machochic.com\/et\/#\/schema\/logo\/image\/","url":"https:\/\/machochic.com\/wp-content\/uploads\/2023\/05\/Macho-Main-Logo.svg","contentUrl":"https:\/\/machochic.com\/wp-content\/uploads\/2023\/05\/Macho-Main-Logo.svg","width":800,"height":600,"caption":"Macho Chic"},"image":{"@id":"https:\/\/machochic.com\/et\/#\/schema\/logo\/image\/"},"sameAs":["https:\/\/www.facebook.com\/macho.chic.eesti","https:\/\/www.instagram.com\/macho.chic\/"]}]}},"_links":{"self":[{"href":"https:\/\/machochic.com\/et\/wp-json\/wp\/v2\/product\/2013","targetHints":{"allow":["GET"]}}],"collection":[{"href":"https:\/\/machochic.com\/et\/wp-json\/wp\/v2\/product"}],"about":[{"href":"https:\/\/machochic.com\/et\/wp-json\/wp\/v2\/types\/product"}],"replies":[{"embeddable":true,"href":"https:\/\/machochic.com\/et\/wp-json\/wp\/v2\/comments?post=2013"}],"wp:featuredmedia":[{"embeddable":true,"href":"https:\/\/machochic.com\/et\/wp-json\/wp\/v2\/media\/1820"}],"wp:attachment":[{"href":"https:\/\/machochic.com\/et\/wp-json\/wp\/v2\/media?parent=2013"}],"wp:term":[{"taxonomy":"product_brand","embeddable":true,"href":"https:\/\/machochic.com\/et\/wp-json\/wp\/v2\/product_brand?post=2013"},{"taxonomy":"product_cat","embeddable":true,"href":"https:\/\/machochic.com\/et\/wp-json\/wp\/v2\/product_cat?post=2013"},{"taxonomy":"product_tag","embeddable":true,"href":"https:\/\/machochic.com\/et\/wp-json\/wp\/v2\/product_tag?post=2013"}],"curies":[{"name":"wp","href":"https:\/\/api.w.org\/{rel}","templated":true}]}}