{"id":2016,"date":"2023-12-05T21:55:24","date_gmt":"2023-12-05T19:55:24","guid":{"rendered":"https:\/\/machochic.com\/product\/komplekt-3-dusigeel-ja-kaesepi\/"},"modified":"2024-03-24T23:40:01","modified_gmt":"2024-03-24T21:40:01","slug":"komplekt-3-dusigeel-ja-kaesepi","status":"publish","type":"product","link":"https:\/\/machochic.com\/et\/toode\/komplekt-3-dusigeel-ja-kaesepi\/","title":{"rendered":"Komplekt 3. Du\u0161igeel ja k\u00e4esepi"},"content":{"rendered":"","protected":false},"excerpt":{"rendered":"<ul>\n<li class=\"p1\">Du\u0161igeel <span style=\"color: #000000;\"><a style=\"color: #000000;\" href=\"https:\/\/machochic.com\/et\/toode\/sulfaadivaba-dusigeel\/\">Loe edasi<\/a><\/span><\/li>\n<li class=\"p1\">Vedelseep <span style=\"color: #000000;\"><a style=\"color: #000000;\" href=\"https:\/\/machochic.com\/et\/toode\/sulfaadivaba-vedelseep\/\">Loe edasi<\/a><\/span><\/li>\n<\/ul>\n","protected":false},"featured_media":1854,"comment_status":"closed","ping_status":"closed","template":"","meta":{"_acf_changed":false},"product_brand":[],"product_cat":[175],"product_tag":[218],"class_list":{"0":"post-2016","1":"product","2":"type-product","3":"status-publish","4":"has-post-thumbnail","6":"product_cat-uncategorized-et","7":"product_tag-komplekt","9":"first","10":"instock","11":"sale","12":"taxable","13":"shipping-taxable","14":"purchasable","15":"product-type-simple","17":"catalog-layout-default","18":"columns-xs-1"},"acf":[],"yoast_head":"<!-- This site is optimized with the Yoast SEO plugin v25.6 - https:\/\/yoast.com\/wordpress\/plugins\/seo\/ -->\n<title>Komplekt 3. Du\u0161igeel ja k\u00e4esepi<\/title>\n<meta name=\"description\" content=\"Macho Chic | Komplekt 3 | Du\u0161igeel ja k\u00e4esepi\" \/>\n<meta name=\"robots\" content=\"index, follow, max-snippet:-1, max-image-preview:large, max-video-preview:-1\" \/>\n<link rel=\"canonical\" href=\"https:\/\/machochic.com\/et\/toode\/komplekt-3-dusigeel-ja-kaesepi\/\" \/>\n<meta property=\"og:locale\" content=\"et_EE\" \/>\n<meta property=\"og:type\" content=\"article\" \/>\n<meta property=\"og:title\" content=\"Komplekt 3. Du\u0161igeel ja k\u00e4esepi\" \/>\n<meta property=\"og:description\" content=\"Macho Chic | Komplekt 3 | Du\u0161igeel ja k\u00e4esepi\" \/>\n<meta property=\"og:url\" content=\"https:\/\/machochic.com\/et\/toode\/komplekt-3-dusigeel-ja-kaesepi\/\" \/>\n<meta property=\"og:site_name\" content=\"Macho Chic\" \/>\n<meta property=\"article:publisher\" content=\"https:\/\/www.facebook.com\/macho.chic.eesti\" \/>\n<meta property=\"article:modified_time\" content=\"2024-03-24T21:40:01+00:00\" \/>\n<meta property=\"og:image\" content=\"https:\/\/machochic.com\/wp-content\/uploads\/2023\/12\/macho_chic_set-3.jpg\" \/>\n\t<meta property=\"og:image:width\" content=\"1626\" \/>\n\t<meta property=\"og:image:height\" content=\"1600\" \/>\n\t<meta property=\"og:image:type\" content=\"image\/jpeg\" \/>\n<meta name=\"twitter:card\" content=\"summary_large_image\" \/>\n<script type=\"application\/ld+json\" class=\"yoast-schema-graph\">{\"@context\":\"https:\/\/schema.org\",\"@graph\":[{\"@type\":\"WebPage\",\"@id\":\"https:\/\/machochic.com\/et\/toode\/komplekt-3-dusigeel-ja-kaesepi\/\",\"url\":\"https:\/\/machochic.com\/et\/toode\/komplekt-3-dusigeel-ja-kaesepi\/\",\"name\":\"Komplekt 3. Du\u0161igeel ja k\u00e4esepi\",\"isPartOf\":{\"@id\":\"https:\/\/machochic.com\/et\/#website\"},\"primaryImageOfPage\":{\"@id\":\"https:\/\/machochic.com\/et\/toode\/komplekt-3-dusigeel-ja-kaesepi\/#primaryimage\"},\"image\":{\"@id\":\"https:\/\/machochic.com\/et\/toode\/komplekt-3-dusigeel-ja-kaesepi\/#primaryimage\"},\"thumbnailUrl\":\"https:\/\/machochic.com\/wp-content\/uploads\/2023\/12\/macho_chic_set-3.jpg\",\"datePublished\":\"2023-12-05T19:55:24+00:00\",\"dateModified\":\"2024-03-24T21:40:01+00:00\",\"description\":\"Macho Chic | Komplekt 3 | Du\u0161igeel ja k\u00e4esepi\",\"breadcrumb\":{\"@id\":\"https:\/\/machochic.com\/et\/toode\/komplekt-3-dusigeel-ja-kaesepi\/#breadcrumb\"},\"inLanguage\":\"et\",\"potentialAction\":[{\"@type\":\"ReadAction\",\"target\":[\"https:\/\/machochic.com\/et\/toode\/komplekt-3-dusigeel-ja-kaesepi\/\"]}]},{\"@type\":\"ImageObject\",\"inLanguage\":\"et\",\"@id\":\"https:\/\/machochic.com\/et\/toode\/komplekt-3-dusigeel-ja-kaesepi\/#primaryimage\",\"url\":\"https:\/\/machochic.com\/wp-content\/uploads\/2023\/12\/macho_chic_set-3.jpg\",\"contentUrl\":\"https:\/\/machochic.com\/wp-content\/uploads\/2023\/12\/macho_chic_set-3.jpg\",\"width\":1626,\"height\":1600,\"caption\":\"Komplekt 3\"},{\"@type\":\"BreadcrumbList\",\"@id\":\"https:\/\/machochic.com\/et\/toode\/komplekt-3-dusigeel-ja-kaesepi\/#breadcrumb\",\"itemListElement\":[{\"@type\":\"ListItem\",\"position\":1,\"name\":\"Home\",\"item\":\"https:\/\/machochic.com\/et\/\"},{\"@type\":\"ListItem\",\"position\":2,\"name\":\"Shop\",\"item\":\"https:\/\/machochic.com\/shop\/\"},{\"@type\":\"ListItem\",\"position\":3,\"name\":\"Komplekt 3. Du\u0161igeel ja k\u00e4esepi\"}]},{\"@type\":\"WebSite\",\"@id\":\"https:\/\/machochic.com\/et\/#website\",\"url\":\"https:\/\/machochic.com\/et\/\",\"name\":\"Macho Chic\",\"description\":\"Confidence Starts with Macho Chic\",\"publisher\":{\"@id\":\"https:\/\/machochic.com\/et\/#organization\"},\"potentialAction\":[{\"@type\":\"SearchAction\",\"target\":{\"@type\":\"EntryPoint\",\"urlTemplate\":\"https:\/\/machochic.com\/et\/?s={search_term_string}\"},\"query-input\":{\"@type\":\"PropertyValueSpecification\",\"valueRequired\":true,\"valueName\":\"search_term_string\"}}],\"inLanguage\":\"et\"},{\"@type\":\"Organization\",\"@id\":\"https:\/\/machochic.com\/et\/#organization\",\"name\":\"Macho Chic\",\"url\":\"https:\/\/machochic.com\/et\/\",\"logo\":{\"@type\":\"ImageObject\",\"inLanguage\":\"et\",\"@id\":\"https:\/\/machochic.com\/et\/#\/schema\/logo\/image\/\",\"url\":\"https:\/\/machochic.com\/wp-content\/uploads\/2023\/05\/Macho-Main-Logo.svg\",\"contentUrl\":\"https:\/\/machochic.com\/wp-content\/uploads\/2023\/05\/Macho-Main-Logo.svg\",\"width\":800,\"height\":600,\"caption\":\"Macho Chic\"},\"image\":{\"@id\":\"https:\/\/machochic.com\/et\/#\/schema\/logo\/image\/\"},\"sameAs\":[\"https:\/\/www.facebook.com\/macho.chic.eesti\",\"https:\/\/www.instagram.com\/macho.chic\/\"]}]}<\/script>\n<!-- \/ Yoast SEO plugin. -->","yoast_head_json":{"title":"Komplekt 3. Du\u0161igeel ja k\u00e4esepi","description":"Macho Chic | Komplekt 3 | Du\u0161igeel ja k\u00e4esepi","robots":{"index":"index","follow":"follow","max-snippet":"max-snippet:-1","max-image-preview":"max-image-preview:large","max-video-preview":"max-video-preview:-1"},"canonical":"https:\/\/machochic.com\/et\/toode\/komplekt-3-dusigeel-ja-kaesepi\/","og_locale":"et_EE","og_type":"article","og_title":"Komplekt 3. Du\u0161igeel ja k\u00e4esepi","og_description":"Macho Chic | Komplekt 3 | Du\u0161igeel ja k\u00e4esepi","og_url":"https:\/\/machochic.com\/et\/toode\/komplekt-3-dusigeel-ja-kaesepi\/","og_site_name":"Macho Chic","article_publisher":"https:\/\/www.facebook.com\/macho.chic.eesti","article_modified_time":"2024-03-24T21:40:01+00:00","og_image":[{"width":1626,"height":1600,"url":"https:\/\/machochic.com\/wp-content\/uploads\/2023\/12\/macho_chic_set-3.jpg","type":"image\/jpeg"}],"twitter_card":"summary_large_image","schema":{"@context":"https:\/\/schema.org","@graph":[{"@type":"WebPage","@id":"https:\/\/machochic.com\/et\/toode\/komplekt-3-dusigeel-ja-kaesepi\/","url":"https:\/\/machochic.com\/et\/toode\/komplekt-3-dusigeel-ja-kaesepi\/","name":"Komplekt 3. Du\u0161igeel ja k\u00e4esepi","isPartOf":{"@id":"https:\/\/machochic.com\/et\/#website"},"primaryImageOfPage":{"@id":"https:\/\/machochic.com\/et\/toode\/komplekt-3-dusigeel-ja-kaesepi\/#primaryimage"},"image":{"@id":"https:\/\/machochic.com\/et\/toode\/komplekt-3-dusigeel-ja-kaesepi\/#primaryimage"},"thumbnailUrl":"https:\/\/machochic.com\/wp-content\/uploads\/2023\/12\/macho_chic_set-3.jpg","datePublished":"2023-12-05T19:55:24+00:00","dateModified":"2024-03-24T21:40:01+00:00","description":"Macho Chic | Komplekt 3 | Du\u0161igeel ja k\u00e4esepi","breadcrumb":{"@id":"https:\/\/machochic.com\/et\/toode\/komplekt-3-dusigeel-ja-kaesepi\/#breadcrumb"},"inLanguage":"et","potentialAction":[{"@type":"ReadAction","target":["https:\/\/machochic.com\/et\/toode\/komplekt-3-dusigeel-ja-kaesepi\/"]}]},{"@type":"ImageObject","inLanguage":"et","@id":"https:\/\/machochic.com\/et\/toode\/komplekt-3-dusigeel-ja-kaesepi\/#primaryimage","url":"https:\/\/machochic.com\/wp-content\/uploads\/2023\/12\/macho_chic_set-3.jpg","contentUrl":"https:\/\/machochic.com\/wp-content\/uploads\/2023\/12\/macho_chic_set-3.jpg","width":1626,"height":1600,"caption":"Komplekt 3"},{"@type":"BreadcrumbList","@id":"https:\/\/machochic.com\/et\/toode\/komplekt-3-dusigeel-ja-kaesepi\/#breadcrumb","itemListElement":[{"@type":"ListItem","position":1,"name":"Home","item":"https:\/\/machochic.com\/et\/"},{"@type":"ListItem","position":2,"name":"Shop","item":"https:\/\/machochic.com\/shop\/"},{"@type":"ListItem","position":3,"name":"Komplekt 3. Du\u0161igeel ja k\u00e4esepi"}]},{"@type":"WebSite","@id":"https:\/\/machochic.com\/et\/#website","url":"https:\/\/machochic.com\/et\/","name":"Macho Chic","description":"Confidence Starts with Macho Chic","publisher":{"@id":"https:\/\/machochic.com\/et\/#organization"},"potentialAction":[{"@type":"SearchAction","target":{"@type":"EntryPoint","urlTemplate":"https:\/\/machochic.com\/et\/?s={search_term_string}"},"query-input":{"@type":"PropertyValueSpecification","valueRequired":true,"valueName":"search_term_string"}}],"inLanguage":"et"},{"@type":"Organization","@id":"https:\/\/machochic.com\/et\/#organization","name":"Macho Chic","url":"https:\/\/machochic.com\/et\/","logo":{"@type":"ImageObject","inLanguage":"et","@id":"https:\/\/machochic.com\/et\/#\/schema\/logo\/image\/","url":"https:\/\/machochic.com\/wp-content\/uploads\/2023\/05\/Macho-Main-Logo.svg","contentUrl":"https:\/\/machochic.com\/wp-content\/uploads\/2023\/05\/Macho-Main-Logo.svg","width":800,"height":600,"caption":"Macho Chic"},"image":{"@id":"https:\/\/machochic.com\/et\/#\/schema\/logo\/image\/"},"sameAs":["https:\/\/www.facebook.com\/macho.chic.eesti","https:\/\/www.instagram.com\/macho.chic\/"]}]}},"_links":{"self":[{"href":"https:\/\/machochic.com\/et\/wp-json\/wp\/v2\/product\/2016","targetHints":{"allow":["GET"]}}],"collection":[{"href":"https:\/\/machochic.com\/et\/wp-json\/wp\/v2\/product"}],"about":[{"href":"https:\/\/machochic.com\/et\/wp-json\/wp\/v2\/types\/product"}],"replies":[{"embeddable":true,"href":"https:\/\/machochic.com\/et\/wp-json\/wp\/v2\/comments?post=2016"}],"wp:featuredmedia":[{"embeddable":true,"href":"https:\/\/machochic.com\/et\/wp-json\/wp\/v2\/media\/1854"}],"wp:attachment":[{"href":"https:\/\/machochic.com\/et\/wp-json\/wp\/v2\/media?parent=2016"}],"wp:term":[{"taxonomy":"product_brand","embeddable":true,"href":"https:\/\/machochic.com\/et\/wp-json\/wp\/v2\/product_brand?post=2016"},{"taxonomy":"product_cat","embeddable":true,"href":"https:\/\/machochic.com\/et\/wp-json\/wp\/v2\/product_cat?post=2016"},{"taxonomy":"product_tag","embeddable":true,"href":"https:\/\/machochic.com\/et\/wp-json\/wp\/v2\/product_tag?post=2016"}],"curies":[{"name":"wp","href":"https:\/\/api.w.org\/{rel}","templated":true}]}}