{"id":2020,"date":"2024-01-20T15:03:44","date_gmt":"2024-01-20T13:03:44","guid":{"rendered":"https:\/\/machochic.com\/product\/macho-chic-kangapehmendaja\/"},"modified":"2024-03-27T21:46:33","modified_gmt":"2024-03-27T19:46:33","slug":"macho-chic-kangapehmendaja","status":"publish","type":"product","link":"https:\/\/machochic.com\/et\/toode\/macho-chic-kangapehmendaja\/","title":{"rendered":"&#8220;Macho Chic&#8221; Kangapehmendaja"},"content":{"rendered":"","protected":false},"excerpt":{"rendered":"<p><strong>Kasutusala:<\/strong> &#8220;Macho Chic&#8221; kangapehmendaja on v\u00e4ga kontsentreeritud lahus, mis on loodud teie pesu kvaliteedi parandamiseks p\u00e4rast pesu.<\/p>\n<p><strong>Omadused:<\/strong><\/p>\n<ul>\n<li>Pehmendab, v\u00e4rskendab v\u00e4rvi ja lisab kangastele siidisust.<\/li>\n<li>Omab antistaatilisi omadusi.<\/li>\n<li>Sobib k\u00f5ikidele kangat\u00fc\u00fcpidele, sealhulgas \u00f5rnadele.<\/li>\n<li>Annab kangastele vetth\u00fclgavad omadused.<\/li>\n<li>Soodustab pesu kiiremat kuivamist.<\/li>\n<li>J\u00e4tab kerge ja v\u00e4rske l\u00f5hna.<\/li>\n<li>\u00d6konoomne kasutuses.<\/li>\n<li>Ohutu koostis: Vaba v\u00e4ga toksilistest katioonsetest pindaktiivsetest ainetest, optilistest valgenditest, silikoonidest, loomset p\u00e4ritolu komponentidest ja fosforivaba. Kergesti biolagunev.<\/li>\n<li>Puhastuslahuse kontsentratsioon: Kasutusvalmis.<\/li>\n<\/ul>\n<p><strong>Kasutusjuhised:<\/strong> Optimaalsete tulemuste saavutamiseks lisage pesumasina pesupehmendaja lahtrisse 15 ml (3 teelusikat\u00e4it) pesupehmendajat pesuts\u00fckli kohta.<\/p>\n<p><strong>Koostis:<\/strong> 5-15% katioonseid pindaktiivseid aineid, &lt;5% mitteioonseid pindaktiivseid aineid, l\u00f5hnaaine. pH 4.<\/p>\n<p>Kangapehmendaja &#8220;Macho Chic&#8221; tagab mitte ainult teie pesu puhtuse ja v\u00e4rskuse, vaid ka selle pikaealisuse, kaitstes kangast ja keskkonda. See toode on ideaalne valik neile, kes hindavad kangahoolduses kvaliteeti ja keskkonnas\u00f5bralikkust.<\/p>\n","protected":false},"featured_media":1863,"comment_status":"closed","ping_status":"closed","template":"","meta":{"_acf_changed":false},"product_brand":[],"product_cat":[175],"product_tag":[],"class_list":{"0":"post-2020","1":"product","2":"type-product","3":"status-publish","4":"has-post-thumbnail","6":"product_cat-uncategorized-et","8":"first","9":"instock","10":"sale","11":"taxable","12":"shipping-taxable","13":"purchasable","14":"product-type-simple","16":"catalog-layout-default","17":"columns-xs-1"},"acf":[],"yoast_head":"<!-- This site is optimized with the Yoast SEO plugin v25.6 - https:\/\/yoast.com\/wordpress\/plugins\/seo\/ -->\n<title>&quot;Macho Chic&quot; Kangapehmendaja<\/title>\n<meta name=\"description\" content=\"&quot;Macho Chic&quot; kangapehmendaja on v\u00e4ga kontsentreeritud lahus, mis on loodud Teie pesu kvaliteedi parandamiseks p\u00e4rast pesu.\" \/>\n<meta name=\"robots\" content=\"index, follow, max-snippet:-1, max-image-preview:large, max-video-preview:-1\" \/>\n<link rel=\"canonical\" href=\"https:\/\/machochic.com\/et\/toode\/macho-chic-kangapehmendaja\/\" \/>\n<meta property=\"og:locale\" content=\"et_EE\" \/>\n<meta property=\"og:type\" content=\"article\" \/>\n<meta property=\"og:title\" content=\"&quot;Macho Chic&quot; Kangapehmendaja\" \/>\n<meta property=\"og:description\" content=\"&quot;Macho Chic&quot; kangapehmendaja on v\u00e4ga kontsentreeritud lahus, mis on loodud Teie pesu kvaliteedi parandamiseks p\u00e4rast pesu.\" \/>\n<meta property=\"og:url\" content=\"https:\/\/machochic.com\/et\/toode\/macho-chic-kangapehmendaja\/\" \/>\n<meta property=\"og:site_name\" content=\"Macho Chic\" \/>\n<meta property=\"article:publisher\" content=\"https:\/\/www.facebook.com\/macho.chic.eesti\" \/>\n<meta property=\"article:modified_time\" content=\"2024-03-27T19:46:33+00:00\" \/>\n<meta property=\"og:image\" content=\"https:\/\/machochic.com\/wp-content\/uploads\/2024\/01\/Fabric-Softener.jpg\" \/>\n\t<meta property=\"og:image:width\" content=\"734\" \/>\n\t<meta property=\"og:image:height\" content=\"816\" \/>\n\t<meta property=\"og:image:type\" content=\"image\/jpeg\" \/>\n<meta name=\"twitter:card\" content=\"summary_large_image\" \/>\n<meta name=\"twitter:label1\" content=\"Est. reading time\" \/>\n\t<meta name=\"twitter:data1\" content=\"1 minut\" \/>\n<script type=\"application\/ld+json\" class=\"yoast-schema-graph\">{\"@context\":\"https:\/\/schema.org\",\"@graph\":[{\"@type\":\"WebPage\",\"@id\":\"https:\/\/machochic.com\/et\/toode\/macho-chic-kangapehmendaja\/\",\"url\":\"https:\/\/machochic.com\/et\/toode\/macho-chic-kangapehmendaja\/\",\"name\":\"\\\"Macho Chic\\\" Kangapehmendaja\",\"isPartOf\":{\"@id\":\"https:\/\/machochic.com\/et\/#website\"},\"primaryImageOfPage\":{\"@id\":\"https:\/\/machochic.com\/et\/toode\/macho-chic-kangapehmendaja\/#primaryimage\"},\"image\":{\"@id\":\"https:\/\/machochic.com\/et\/toode\/macho-chic-kangapehmendaja\/#primaryimage\"},\"thumbnailUrl\":\"https:\/\/machochic.com\/wp-content\/uploads\/2024\/01\/Fabric-Softener.jpg\",\"datePublished\":\"2024-01-20T13:03:44+00:00\",\"dateModified\":\"2024-03-27T19:46:33+00:00\",\"description\":\"\\\"Macho Chic\\\" kangapehmendaja on v\u00e4ga kontsentreeritud lahus, mis on loodud Teie pesu kvaliteedi parandamiseks p\u00e4rast pesu.\",\"breadcrumb\":{\"@id\":\"https:\/\/machochic.com\/et\/toode\/macho-chic-kangapehmendaja\/#breadcrumb\"},\"inLanguage\":\"et\",\"potentialAction\":[{\"@type\":\"ReadAction\",\"target\":[\"https:\/\/machochic.com\/et\/toode\/macho-chic-kangapehmendaja\/\"]}]},{\"@type\":\"ImageObject\",\"inLanguage\":\"et\",\"@id\":\"https:\/\/machochic.com\/et\/toode\/macho-chic-kangapehmendaja\/#primaryimage\",\"url\":\"https:\/\/machochic.com\/wp-content\/uploads\/2024\/01\/Fabric-Softener.jpg\",\"contentUrl\":\"https:\/\/machochic.com\/wp-content\/uploads\/2024\/01\/Fabric-Softener.jpg\",\"width\":734,\"height\":816,\"caption\":\"\\\"Macho Chic\\\" Fabric Softener\"},{\"@type\":\"BreadcrumbList\",\"@id\":\"https:\/\/machochic.com\/et\/toode\/macho-chic-kangapehmendaja\/#breadcrumb\",\"itemListElement\":[{\"@type\":\"ListItem\",\"position\":1,\"name\":\"Home\",\"item\":\"https:\/\/machochic.com\/et\/\"},{\"@type\":\"ListItem\",\"position\":2,\"name\":\"Shop\",\"item\":\"https:\/\/machochic.com\/shop\/\"},{\"@type\":\"ListItem\",\"position\":3,\"name\":\"&#8220;Macho Chic&#8221; Kangapehmendaja\"}]},{\"@type\":\"WebSite\",\"@id\":\"https:\/\/machochic.com\/et\/#website\",\"url\":\"https:\/\/machochic.com\/et\/\",\"name\":\"Macho Chic\",\"description\":\"Confidence Starts with Macho Chic\",\"publisher\":{\"@id\":\"https:\/\/machochic.com\/et\/#organization\"},\"potentialAction\":[{\"@type\":\"SearchAction\",\"target\":{\"@type\":\"EntryPoint\",\"urlTemplate\":\"https:\/\/machochic.com\/et\/?s={search_term_string}\"},\"query-input\":{\"@type\":\"PropertyValueSpecification\",\"valueRequired\":true,\"valueName\":\"search_term_string\"}}],\"inLanguage\":\"et\"},{\"@type\":\"Organization\",\"@id\":\"https:\/\/machochic.com\/et\/#organization\",\"name\":\"Macho Chic\",\"url\":\"https:\/\/machochic.com\/et\/\",\"logo\":{\"@type\":\"ImageObject\",\"inLanguage\":\"et\",\"@id\":\"https:\/\/machochic.com\/et\/#\/schema\/logo\/image\/\",\"url\":\"https:\/\/machochic.com\/wp-content\/uploads\/2023\/05\/Macho-Main-Logo.svg\",\"contentUrl\":\"https:\/\/machochic.com\/wp-content\/uploads\/2023\/05\/Macho-Main-Logo.svg\",\"width\":800,\"height\":600,\"caption\":\"Macho Chic\"},\"image\":{\"@id\":\"https:\/\/machochic.com\/et\/#\/schema\/logo\/image\/\"},\"sameAs\":[\"https:\/\/www.facebook.com\/macho.chic.eesti\",\"https:\/\/www.instagram.com\/macho.chic\/\"]}]}<\/script>\n<!-- \/ Yoast SEO plugin. -->","yoast_head_json":{"title":"\"Macho Chic\" Kangapehmendaja","description":"\"Macho Chic\" kangapehmendaja on v\u00e4ga kontsentreeritud lahus, mis on loodud Teie pesu kvaliteedi parandamiseks p\u00e4rast pesu.","robots":{"index":"index","follow":"follow","max-snippet":"max-snippet:-1","max-image-preview":"max-image-preview:large","max-video-preview":"max-video-preview:-1"},"canonical":"https:\/\/machochic.com\/et\/toode\/macho-chic-kangapehmendaja\/","og_locale":"et_EE","og_type":"article","og_title":"\"Macho Chic\" Kangapehmendaja","og_description":"\"Macho Chic\" kangapehmendaja on v\u00e4ga kontsentreeritud lahus, mis on loodud Teie pesu kvaliteedi parandamiseks p\u00e4rast pesu.","og_url":"https:\/\/machochic.com\/et\/toode\/macho-chic-kangapehmendaja\/","og_site_name":"Macho Chic","article_publisher":"https:\/\/www.facebook.com\/macho.chic.eesti","article_modified_time":"2024-03-27T19:46:33+00:00","og_image":[{"width":734,"height":816,"url":"https:\/\/machochic.com\/wp-content\/uploads\/2024\/01\/Fabric-Softener.jpg","type":"image\/jpeg"}],"twitter_card":"summary_large_image","twitter_misc":{"Est. reading time":"1 minut"},"schema":{"@context":"https:\/\/schema.org","@graph":[{"@type":"WebPage","@id":"https:\/\/machochic.com\/et\/toode\/macho-chic-kangapehmendaja\/","url":"https:\/\/machochic.com\/et\/toode\/macho-chic-kangapehmendaja\/","name":"\"Macho Chic\" Kangapehmendaja","isPartOf":{"@id":"https:\/\/machochic.com\/et\/#website"},"primaryImageOfPage":{"@id":"https:\/\/machochic.com\/et\/toode\/macho-chic-kangapehmendaja\/#primaryimage"},"image":{"@id":"https:\/\/machochic.com\/et\/toode\/macho-chic-kangapehmendaja\/#primaryimage"},"thumbnailUrl":"https:\/\/machochic.com\/wp-content\/uploads\/2024\/01\/Fabric-Softener.jpg","datePublished":"2024-01-20T13:03:44+00:00","dateModified":"2024-03-27T19:46:33+00:00","description":"\"Macho Chic\" kangapehmendaja on v\u00e4ga kontsentreeritud lahus, mis on loodud Teie pesu kvaliteedi parandamiseks p\u00e4rast pesu.","breadcrumb":{"@id":"https:\/\/machochic.com\/et\/toode\/macho-chic-kangapehmendaja\/#breadcrumb"},"inLanguage":"et","potentialAction":[{"@type":"ReadAction","target":["https:\/\/machochic.com\/et\/toode\/macho-chic-kangapehmendaja\/"]}]},{"@type":"ImageObject","inLanguage":"et","@id":"https:\/\/machochic.com\/et\/toode\/macho-chic-kangapehmendaja\/#primaryimage","url":"https:\/\/machochic.com\/wp-content\/uploads\/2024\/01\/Fabric-Softener.jpg","contentUrl":"https:\/\/machochic.com\/wp-content\/uploads\/2024\/01\/Fabric-Softener.jpg","width":734,"height":816,"caption":"\"Macho Chic\" Fabric Softener"},{"@type":"BreadcrumbList","@id":"https:\/\/machochic.com\/et\/toode\/macho-chic-kangapehmendaja\/#breadcrumb","itemListElement":[{"@type":"ListItem","position":1,"name":"Home","item":"https:\/\/machochic.com\/et\/"},{"@type":"ListItem","position":2,"name":"Shop","item":"https:\/\/machochic.com\/shop\/"},{"@type":"ListItem","position":3,"name":"&#8220;Macho Chic&#8221; Kangapehmendaja"}]},{"@type":"WebSite","@id":"https:\/\/machochic.com\/et\/#website","url":"https:\/\/machochic.com\/et\/","name":"Macho Chic","description":"Confidence Starts with Macho Chic","publisher":{"@id":"https:\/\/machochic.com\/et\/#organization"},"potentialAction":[{"@type":"SearchAction","target":{"@type":"EntryPoint","urlTemplate":"https:\/\/machochic.com\/et\/?s={search_term_string}"},"query-input":{"@type":"PropertyValueSpecification","valueRequired":true,"valueName":"search_term_string"}}],"inLanguage":"et"},{"@type":"Organization","@id":"https:\/\/machochic.com\/et\/#organization","name":"Macho Chic","url":"https:\/\/machochic.com\/et\/","logo":{"@type":"ImageObject","inLanguage":"et","@id":"https:\/\/machochic.com\/et\/#\/schema\/logo\/image\/","url":"https:\/\/machochic.com\/wp-content\/uploads\/2023\/05\/Macho-Main-Logo.svg","contentUrl":"https:\/\/machochic.com\/wp-content\/uploads\/2023\/05\/Macho-Main-Logo.svg","width":800,"height":600,"caption":"Macho Chic"},"image":{"@id":"https:\/\/machochic.com\/et\/#\/schema\/logo\/image\/"},"sameAs":["https:\/\/www.facebook.com\/macho.chic.eesti","https:\/\/www.instagram.com\/macho.chic\/"]}]}},"_links":{"self":[{"href":"https:\/\/machochic.com\/et\/wp-json\/wp\/v2\/product\/2020","targetHints":{"allow":["GET"]}}],"collection":[{"href":"https:\/\/machochic.com\/et\/wp-json\/wp\/v2\/product"}],"about":[{"href":"https:\/\/machochic.com\/et\/wp-json\/wp\/v2\/types\/product"}],"replies":[{"embeddable":true,"href":"https:\/\/machochic.com\/et\/wp-json\/wp\/v2\/comments?post=2020"}],"wp:featuredmedia":[{"embeddable":true,"href":"https:\/\/machochic.com\/et\/wp-json\/wp\/v2\/media\/1863"}],"wp:attachment":[{"href":"https:\/\/machochic.com\/et\/wp-json\/wp\/v2\/media?parent=2020"}],"wp:term":[{"taxonomy":"product_brand","embeddable":true,"href":"https:\/\/machochic.com\/et\/wp-json\/wp\/v2\/product_brand?post=2020"},{"taxonomy":"product_cat","embeddable":true,"href":"https:\/\/machochic.com\/et\/wp-json\/wp\/v2\/product_cat?post=2020"},{"taxonomy":"product_tag","embeddable":true,"href":"https:\/\/machochic.com\/et\/wp-json\/wp\/v2\/product_tag?post=2020"}],"curies":[{"name":"wp","href":"https:\/\/api.w.org\/{rel}","templated":true}]}}